{"id":38417,"date":"2021-09-27T08:45:17","date_gmt":"2021-09-27T12:45:17","guid":{"rendered":"https:\/\/oberfeldstag.wpengine.com\/privacy-policy\/"},"modified":"2021-09-27T15:12:55","modified_gmt":"2021-09-27T19:12:55","slug":"privacy-policy","status":"publish","type":"page","link":"https:\/\/oberfeldsnowcap.com\/fr\/privacy-policy\/","title":{"rendered":"Politique de confidentialit\u00e9"},"content":{"rendered":"<h1>ENTENTE DE CONFIDENTIALIT\u00c9 ET DE COMMUNICATION EXTERNE<\/h1>\n<p>L\u2019entente de confidentialit\u00e9 et de communication externe d&rsquo;Oberfeld Snowcap est que toutes ses communications avec des tiers soient conformes aux exigences de la l\u00e9gislation canadienne sur la protection de la vie priv\u00e9e, la Loi sur la protection des renseignements personnels et les documents \u00e9lectroniques (\u00ab LPRPDE \u00bb), la l\u00e9gislation anti-pourriel du Canada, adopt\u00e9e en 2010 et entr\u00e9e en vigueur le 1er juillet 2014 (\u00ab LCAP \u00bb), et notre propre engagement \u00e0 prot\u00e9ger la vie priv\u00e9e de nos clients.<\/p>\n<p><strong>Pourquoi Oberfeld Snowcap collecte-t-elle des informations personnelles ?<\/strong><\/p>\n<p>Oberfeld Snowcap, en vertu des lois canadiennes sur la protection de la vie priv\u00e9e, exige que les sp\u00e9cialistes du marketing indiquent aux individus pourquoi les renseignements personnels sont recueillis et la ou les fins pr\u00e9vues pour lesdits renseignements personnels.  Ces informations peuvent \u00eatre collect\u00e9es via une bo\u00eete de dialogue ou un avis bien visible soutenu par une politique de confidentialit\u00e9 plus d\u00e9taill\u00e9e. Les renseignements personnels recueillis doivent \u00eatre offerts \u00e0 une personne avant ou au moment de la collecte des renseignements personnels. Les informations personnelles des clients d&rsquo;Oberfeld Snowcap divulgu\u00e9es en dehors d&rsquo;Oberfeld Snowcap doivent \u00eatre faites sur une base confidentielle, dans le but d&rsquo;utiliser ces informations uniquement aux fins pour lesquelles elles ont \u00e9t\u00e9 divulgu\u00e9es.<\/p>\n<p><strong>Oberfeld Snowcap collecte des Informations personnelles aux fins suivantes :<\/strong><\/p>\n<p>1.1 Maintenir et \u00e9tablir de mani\u00e8re responsable toutes les relations commerciales avec nos clients et fournir des services professionnels continus. Par exemple, la collecte d&rsquo;informations d&rsquo;Oberfeld Snowcap permet de confirmer l&rsquo;identit\u00e9 du client et les informations de facturation afin qu&rsquo;Oberfeld Snowcap puisse facturer ses services avec pr\u00e9cision et se conformer \u00e0 la l\u00e9gislation anti-blanchiment d&rsquo;argent de CANAFE.<\/p>\n<p>1.2 Pour mieux comprendre les besoins et les pr\u00e9f\u00e9rences de nos clients et mieux informer nos clients de nos services professionnels, Oberfeld Snowcap tient un registre des services que nos clients re\u00e7oivent d&rsquo;Oberfeld Snowcap. Nous pouvons demander des informations suppl\u00e9mentaires (par exemple, des demandes de diffusion de bulletins d&rsquo;information et des demandes de commentaires professionnels) afin de mieux r\u00e9pondre \u00e0 ces besoins et ainsi d\u00e9velopper davantage un service et des offres am\u00e9lior\u00e9s pour nos clients.<\/p>\n<p>1.3 Oberfeld Snowcap recueille des informations personnelles pour r\u00e9pondre aux exigences l\u00e9gales et statutaires. Par exemple, cela comprend les informations requises par le Conseil de la radiodiffusion et des t\u00e9l\u00e9communications canadiennes.<br \/>\nSi vous avez d&rsquo;autres questions ou pr\u00e9occupations concernant l\u2019entente de confidentialit\u00e9 et de communication externe d&rsquo;Oberfeld Snowcap, veuillez communiquer avec nous \u00e0 l&rsquo;adresse de courriel suivante : <a href=\"mailto:info@oberfeldsnowcap.com\">info@oberfeldsnowcap.com<\/a><\/p>\n","protected":false},"excerpt":{"rendered":"<p>ENTENTE DE CONFIDENTIALIT\u00c9 ET DE COMMUNICATION EXTERNE L\u2019entente de confidentialit\u00e9 et de communication externe d&rsquo;Oberfeld Snowcap est que toutes ses communications avec des tiers soient conformes aux exigences de la l\u00e9gislation canadienne sur la protection de la vie priv\u00e9e, la [&hellip;]<\/p>\n","protected":false},"author":10,"featured_media":0,"parent":0,"menu_order":0,"comment_status":"closed","ping_status":"closed","template":"","meta":{"_acf_changed":false,"om_disable_all_campaigns":false,"_monsterinsights_skip_tracking":false,"_monsterinsights_sitenote_active":false,"_monsterinsights_sitenote_note":"","_monsterinsights_sitenote_category":0,"footnotes":""},"class_list":["post-38417","page","type-page","status-publish","hentry"],"acf":[],"yoast_head":"<!-- This site is optimized with the Yoast SEO Premium plugin v27.0 (Yoast SEO v27.4) - https:\/\/yoast.com\/product\/yoast-seo-premium-wordpress\/ -->\n<title>Politique de confidentialit\u00e9 - Oberfeld Snowcap<\/title>\n<meta name=\"robots\" content=\"noindex, follow, max-snippet:-1, max-image-preview:large, max-video-preview:-1\" \/>\n<meta property=\"og:locale\" content=\"fr_FR\" \/>\n<meta property=\"og:type\" content=\"article\" \/>\n<meta property=\"og:title\" content=\"Politique de confidentialit\u00e9\" \/>\n<meta property=\"og:description\" content=\"ENTENTE DE CONFIDENTIALIT\u00c9 ET DE COMMUNICATION EXTERNE L\u2019entente de confidentialit\u00e9 et de communication externe d&rsquo;Oberfeld Snowcap est que toutes ses communications avec des tiers soient conformes aux exigences de la l\u00e9gislation canadienne sur la protection de la vie priv\u00e9e, la [&hellip;]\" \/>\n<meta property=\"og:url\" content=\"https:\/\/oberfeldsnowcap.com\/fr\/privacy-policy\/\" \/>\n<meta property=\"og:site_name\" content=\"Oberfeld Snowcap\" \/>\n<meta property=\"article:modified_time\" content=\"2021-09-27T19:12:55+00:00\" \/>\n<meta name=\"twitter:label1\" content=\"Dur\u00e9e de lecture estim\u00e9e\" \/>\n\t<meta name=\"twitter:data1\" content=\"-1393 minutes\" \/>\n<script type=\"application\/ld+json\" class=\"yoast-schema-graph\">{\"@context\":\"https:\\\/\\\/schema.org\",\"@graph\":[{\"@type\":\"WebPage\",\"@id\":\"https:\\\/\\\/oberfeldsnowcap.com\\\/fr\\\/privacy-policy\\\/\",\"url\":\"https:\\\/\\\/oberfeldsnowcap.com\\\/fr\\\/privacy-policy\\\/\",\"name\":\"Politique de confidentialit\u00e9 - Oberfeld Snowcap\",\"isPartOf\":{\"@id\":\"https:\\\/\\\/oberfeldsnowcap.com\\\/#website\"},\"datePublished\":\"2021-09-27T12:45:17+00:00\",\"dateModified\":\"2021-09-27T19:12:55+00:00\",\"breadcrumb\":{\"@id\":\"https:\\\/\\\/oberfeldsnowcap.com\\\/fr\\\/privacy-policy\\\/#breadcrumb\"},\"inLanguage\":\"fr-FR\",\"potentialAction\":[{\"@type\":\"ReadAction\",\"target\":[\"https:\\\/\\\/oberfeldsnowcap.com\\\/fr\\\/privacy-policy\\\/\"]}]},{\"@type\":\"BreadcrumbList\",\"@id\":\"https:\\\/\\\/oberfeldsnowcap.com\\\/fr\\\/privacy-policy\\\/#breadcrumb\",\"itemListElement\":[{\"@type\":\"ListItem\",\"position\":1,\"name\":\"Home\",\"item\":\"https:\\\/\\\/oberfeldsnowcap.com\\\/fr\\\/\"},{\"@type\":\"ListItem\",\"position\":2,\"name\":\"Politique de confidentialit\u00e9\"}]},{\"@type\":\"WebSite\",\"@id\":\"https:\\\/\\\/oberfeldsnowcap.com\\\/#website\",\"url\":\"https:\\\/\\\/oberfeldsnowcap.com\\\/\",\"name\":\"Oberfeld Snowcap\",\"description\":\"Commercial Real Estate &amp; Retail Advisory Services\",\"publisher\":{\"@id\":\"https:\\\/\\\/oberfeldsnowcap.com\\\/#organization\"},\"potentialAction\":[{\"@type\":\"SearchAction\",\"target\":{\"@type\":\"EntryPoint\",\"urlTemplate\":\"https:\\\/\\\/oberfeldsnowcap.com\\\/?s={search_term_string}\"},\"query-input\":{\"@type\":\"PropertyValueSpecification\",\"valueRequired\":true,\"valueName\":\"search_term_string\"}}],\"inLanguage\":\"fr-FR\"},{\"@type\":\"Organization\",\"@id\":\"https:\\\/\\\/oberfeldsnowcap.com\\\/#organization\",\"name\":\"OberfeldSnowcap\",\"url\":\"https:\\\/\\\/oberfeldsnowcap.com\\\/\",\"logo\":{\"@type\":\"ImageObject\",\"inLanguage\":\"fr-FR\",\"@id\":\"https:\\\/\\\/oberfeldsnowcap.com\\\/#\\\/schema\\\/logo\\\/image\\\/\",\"url\":\"https:\\\/\\\/oberfeldsnowcap.com\\\/wp-content\\\/uploads\\\/2021\\\/11\\\/2021_OS_BlackLine.png\",\"contentUrl\":\"https:\\\/\\\/oberfeldsnowcap.com\\\/wp-content\\\/uploads\\\/2021\\\/11\\\/2021_OS_BlackLine.png\",\"width\":792,\"height\":119,\"caption\":\"OberfeldSnowcap\"},\"image\":{\"@id\":\"https:\\\/\\\/oberfeldsnowcap.com\\\/#\\\/schema\\\/logo\\\/image\\\/\"},\"sameAs\":[\"https:\\\/\\\/x.com\\\/OberfeldSnowcap\",\"https:\\\/\\\/www.linkedin.com\\\/company\\\/130196?trk=tyah&amp;amp;trkInfo=clickedVertical:company,clickedEntityId:130196,idx:2-1-8,tarId:1468512726540,tas:oberfeld\"]}]}<\/script>\n<!-- \/ Yoast SEO Premium plugin. -->","yoast_head_json":{"title":"Politique de confidentialit\u00e9 - Oberfeld Snowcap","robots":{"index":"noindex","follow":"follow","max-snippet":"max-snippet:-1","max-image-preview":"max-image-preview:large","max-video-preview":"max-video-preview:-1"},"og_locale":"fr_FR","og_type":"article","og_title":"Politique de confidentialit\u00e9","og_description":"ENTENTE DE CONFIDENTIALIT\u00c9 ET DE COMMUNICATION EXTERNE L\u2019entente de confidentialit\u00e9 et de communication externe d&rsquo;Oberfeld Snowcap est que toutes ses communications avec des tiers soient conformes aux exigences de la l\u00e9gislation canadienne sur la protection de la vie priv\u00e9e, la [&hellip;]","og_url":"https:\/\/oberfeldsnowcap.com\/fr\/privacy-policy\/","og_site_name":"Oberfeld Snowcap","article_modified_time":"2021-09-27T19:12:55+00:00","twitter_misc":{"Dur\u00e9e de lecture estim\u00e9e":"-1393 minutes"},"schema":{"@context":"https:\/\/schema.org","@graph":[{"@type":"WebPage","@id":"https:\/\/oberfeldsnowcap.com\/fr\/privacy-policy\/","url":"https:\/\/oberfeldsnowcap.com\/fr\/privacy-policy\/","name":"Politique de confidentialit\u00e9 - Oberfeld Snowcap","isPartOf":{"@id":"https:\/\/oberfeldsnowcap.com\/#website"},"datePublished":"2021-09-27T12:45:17+00:00","dateModified":"2021-09-27T19:12:55+00:00","breadcrumb":{"@id":"https:\/\/oberfeldsnowcap.com\/fr\/privacy-policy\/#breadcrumb"},"inLanguage":"fr-FR","potentialAction":[{"@type":"ReadAction","target":["https:\/\/oberfeldsnowcap.com\/fr\/privacy-policy\/"]}]},{"@type":"BreadcrumbList","@id":"https:\/\/oberfeldsnowcap.com\/fr\/privacy-policy\/#breadcrumb","itemListElement":[{"@type":"ListItem","position":1,"name":"Home","item":"https:\/\/oberfeldsnowcap.com\/fr\/"},{"@type":"ListItem","position":2,"name":"Politique de confidentialit\u00e9"}]},{"@type":"WebSite","@id":"https:\/\/oberfeldsnowcap.com\/#website","url":"https:\/\/oberfeldsnowcap.com\/","name":"Oberfeld Snowcap","description":"Commercial Real Estate &amp; Retail Advisory Services","publisher":{"@id":"https:\/\/oberfeldsnowcap.com\/#organization"},"potentialAction":[{"@type":"SearchAction","target":{"@type":"EntryPoint","urlTemplate":"https:\/\/oberfeldsnowcap.com\/?s={search_term_string}"},"query-input":{"@type":"PropertyValueSpecification","valueRequired":true,"valueName":"search_term_string"}}],"inLanguage":"fr-FR"},{"@type":"Organization","@id":"https:\/\/oberfeldsnowcap.com\/#organization","name":"OberfeldSnowcap","url":"https:\/\/oberfeldsnowcap.com\/","logo":{"@type":"ImageObject","inLanguage":"fr-FR","@id":"https:\/\/oberfeldsnowcap.com\/#\/schema\/logo\/image\/","url":"https:\/\/oberfeldsnowcap.com\/wp-content\/uploads\/2021\/11\/2021_OS_BlackLine.png","contentUrl":"https:\/\/oberfeldsnowcap.com\/wp-content\/uploads\/2021\/11\/2021_OS_BlackLine.png","width":792,"height":119,"caption":"OberfeldSnowcap"},"image":{"@id":"https:\/\/oberfeldsnowcap.com\/#\/schema\/logo\/image\/"},"sameAs":["https:\/\/x.com\/OberfeldSnowcap","https:\/\/www.linkedin.com\/company\/130196?trk=tyah&amp;amp;trkInfo=clickedVertical:company,clickedEntityId:130196,idx:2-1-8,tarId:1468512726540,tas:oberfeld"]}]}},"_links":{"self":[{"href":"https:\/\/oberfeldsnowcap.com\/fr\/wp-json\/wp\/v2\/pages\/38417","targetHints":{"allow":["GET"]}}],"collection":[{"href":"https:\/\/oberfeldsnowcap.com\/fr\/wp-json\/wp\/v2\/pages"}],"about":[{"href":"https:\/\/oberfeldsnowcap.com\/fr\/wp-json\/wp\/v2\/types\/page"}],"author":[{"embeddable":true,"href":"https:\/\/oberfeldsnowcap.com\/fr\/wp-json\/wp\/v2\/users\/10"}],"replies":[{"embeddable":true,"href":"https:\/\/oberfeldsnowcap.com\/fr\/wp-json\/wp\/v2\/comments?post=38417"}],"version-history":[{"count":0,"href":"https:\/\/oberfeldsnowcap.com\/fr\/wp-json\/wp\/v2\/pages\/38417\/revisions"}],"wp:attachment":[{"href":"https:\/\/oberfeldsnowcap.com\/fr\/wp-json\/wp\/v2\/media?parent=38417"}],"curies":[{"name":"wp","href":"https:\/\/api.w.org\/{rel}","templated":true}]}}