{"id":37894,"date":"2021-04-21T13:57:11","date_gmt":"2021-04-21T17:57:11","guid":{"rendered":"https:\/\/oberfeldstag.wpengine.com\/careers\/"},"modified":"2026-02-05T11:04:19","modified_gmt":"2026-02-05T16:04:19","slug":"careers","status":"publish","type":"page","link":"https:\/\/oberfeldsnowcap.com\/fr\/careers\/","title":{"rendered":"Carri\u00e8res"},"content":{"rendered":"<p>[vc_row content_placement=&#8221;middle&#8221; css=&#8221;.vc_custom_1621786853842{background-color: #d1d5bb !important;}&#8221; el_class=&#8221;oberfeld-baner&#8221;][vc_column width=&#8221;1\/2&#8243; css=&#8221;.vc_custom_1618735127039{padding-top: 0px !important;}&#8221;]<div class=\"qodef-elements-holder   qodef-one-column  qodef-responsive-mode-768  \" ><div class=\"qodef-eh-item    \"  data-item-class=\"qodef-eh-custom-2507\" data-1441-1700=\"40px 0 40px 18%\" data-1367-1440=\"40px 0 40px 18%\" data-1025-1366=\"40px 0 40px 107px\" data-769-1024=\"40px 0 40px 146px\" data-681-768=\"40px 0 40px100px\" data-680=\"40px 0 40px 35px\">\n\t<div class=\"qodef-eh-item-inner\">\n\t\t<div class=\"qodef-eh-item-content qodef-eh-custom-2507\" style=\"padding: 40px 0 40px 25%\">\n\t\t\t[vc_column_text]<\/p>\n<h1 class=\"oberfeld-title\">Carri\u00e8res<\/h1>\n<p>[\/vc_column_text][vc_column_text]<\/p>\n<h2 class=\"oberfeld-title-sub oberfeld-title-sub-baner\">FAIRE PROGRESSER<br \/>\nLE COMMERCE DE D\u00c9TAIL<\/h2>\n<p>[\/vc_column_text]<div class=\"qodef-separator-holder clearfix separatorMy qodef-separator-left \">\n\t<div class=\"qodef-separator\" style=\"border-color: #000000;border-style: solid;width: 100px;border-bottom-width: 2px;margin-top: 30px;margin-bottom: 30px\"><\/div>\n<\/div>\n[vc_column_text]<span class=\"oberfeld-top-block-text\">Faites partie d\u2019une \u00e9quipe d\u2019 <\/span><span class=\"oberfeld-top-block-text-bold\">individus motiv\u00e9s <\/span><span class=\"oberfeld-top-block-text\">qui <\/span><span class=\"oberfeld-top-block-text\">ont en commun la passion et la volont\u00e9 de produire <\/span><span class=\"oberfeld-top-block-text\">des r\u00e9sultats pour des clients du commerce de d\u00e9tail. <\/span>[\/vc_column_text]\t\t<\/div>\n\t<\/div>\n<\/div><\/div>[\/vc_column][vc_column width=&#8221;1\/2&#8243; css=&#8221;.vc_custom_1618735136685{padding-top: 0px !important;}&#8221;][vc_single_image image=&#8221;37033&#8243; img_size=&#8221;full&#8221; css_animation=&#8221;none&#8221;][\/vc_column][\/vc_row][vc_row css=&#8221;.vc_custom_1621787230016{padding-top: 120px !important;padding-bottom: 120px !important;}&#8221;][vc_column]<div class=\"qodef-elements-holder   qodef-one-column  qodef-responsive-mode-768  \" ><div class=\"qodef-eh-item    \"  data-item-class=\"qodef-eh-custom-6296\" data-1441-1700=\"0 9% 0 9%\" data-1367-1440=\"0 9% 0 9%\" data-1025-1366=\"0 53.5px 0 53.5px\" data-769-1024=\"0 73px 0 73px\" data-681-768=\"0 60px 0 60px\" data-680=\"0 60px 0 60px\">\n\t<div class=\"qodef-eh-item-inner\">\n\t\t<div class=\"qodef-eh-item-content qodef-eh-custom-6296\" style=\"padding: 0 12.5% 0 12.5%\">\n\t\t\t[vc_column_text]<\/p>\n<div class=\"qodef-separator\" style=\"border-color: black; width: 40px; float: left; margin-right: 15px;\"><\/div>\n<p class=\"oberfeld-block-title-sub\">Postes \u00e0 combler<\/p>\n<p>[\/vc_column_text][vc_column_text]<\/p>\n<h2 class=\"oberfeld-block-title\">TROUVEZ VOTRE DESTIN\u00c9E<\/h2>\n<p>[\/vc_column_text][vc_raw_html]JTVCY2FyZWVycyU1RA==[\/vc_raw_html]\t\t<\/div>\n\t<\/div>\n<\/div><\/div>[\/vc_column][\/vc_row][vc_row css=&#8221;.vc_custom_1620391142090{padding-top: 120px !important;padding-bottom: 120px !important;background-color: #d1d5bb !important;}&#8221;][vc_column]<div class=\"qodef-elements-holder   qodef-one-column  qodef-responsive-mode-768  \" ><div class=\"qodef-eh-item    \"  data-item-class=\"qodef-eh-custom-4011\" data-1441-1700=\"0 9% 0 9%\" data-1367-1440=\"0 9% 0 9%\" data-1025-1366=\"0 53.5px 0 53.5px\" data-769-1024=\"0 73px 0 73px\" data-681-768=\"0 60px 0 60px\" data-680=\"0 60px 0 60px\">\n\t<div class=\"qodef-eh-item-inner\">\n\t\t<div class=\"qodef-eh-item-content qodef-eh-custom-4011\" style=\"padding: 0 12.5% 0 12.5%\">\n\t\t\t[vc_column_text]<\/p>\n<div class=\"qodef-separator\" style=\"border-color: black; width: 40px; float: left; margin-right: 15px;\"><\/div>\n<p class=\"oberfeld-block-title-sub\">La diff\u00e9rence Oberfeld Snowcap<\/p>\n<p>[\/vc_column_text][vc_column_text]<\/p>\n<h2 class=\"oberfeld-block-title\">T\u00c9MOIGNAGES DE NOS MEMBRES D\u2019\u00c9QUIPE<\/h2>\n<p>[\/vc_column_text][vc_raw_html]JTVCc25vd2NhcF9jYXJlZXJzJTVE[\/vc_raw_html]\t\t<\/div>\n\t<\/div>\n<\/div><\/div>[\/vc_column][\/vc_row][vc_row row_content_width=&#8221;grid&#8221; css=&#8221;.vc_custom_1619201799799{padding-top: 120px !important;padding-bottom: 120px !important;}&#8221;][vc_column width=&#8221;1\/2&#8243; el_class=&#8221;custom-stacked-careers&#8221;]<div class=\"qodef-stacked-images-holder   qodef-si-position-right\">\n\t<div class=\"qodef-si-images\">\n\t\t\t\t\t<img decoding=\"async\" width=\"696\" height=\"616\" src=\"https:\/\/oberfeldsnowcap.com\/wp-content\/uploads\/2021\/04\/geoffrey-chevtchenko-t-WNnL15kAg-unsplash.png\" class=\"qodef-si-first-image\" alt=\"\" srcset=\"https:\/\/oberfeldsnowcap.com\/wp-content\/uploads\/2021\/04\/geoffrey-chevtchenko-t-WNnL15kAg-unsplash.png 696w, https:\/\/oberfeldsnowcap.com\/wp-content\/uploads\/2021\/04\/geoffrey-chevtchenko-t-WNnL15kAg-unsplash-300x266.png 300w, https:\/\/oberfeldsnowcap.com\/wp-content\/uploads\/2021\/04\/geoffrey-chevtchenko-t-WNnL15kAg-unsplash-600x531.png 600w\" sizes=\"(max-width: 696px) 100vw, 696px\" \/>\t\t\t\t\t\t\t<img decoding=\"async\" width=\"691\" height=\"811\" src=\"https:\/\/oberfeldsnowcap.com\/wp-content\/uploads\/2021\/04\/business-startup-costs-what-youll-have-to-budget-for-picture-id1218283939.png\" class=\"qodef-si-stack-image\" alt=\"\" srcset=\"https:\/\/oberfeldsnowcap.com\/wp-content\/uploads\/2021\/04\/business-startup-costs-what-youll-have-to-budget-for-picture-id1218283939.png 691w, https:\/\/oberfeldsnowcap.com\/wp-content\/uploads\/2021\/04\/business-startup-costs-what-youll-have-to-budget-for-picture-id1218283939-256x300.png 256w, https:\/\/oberfeldsnowcap.com\/wp-content\/uploads\/2021\/04\/business-startup-costs-what-youll-have-to-budget-for-picture-id1218283939-600x704.png 600w\" sizes=\"(max-width: 691px) 100vw, 691px\" \/>\t\t\t<\/div>\n<\/div>[\/vc_column][vc_column width=&#8221;1\/2&#8243; css=&#8221;.vc_custom_1619115772040{padding-right: 40px !important;padding-left: 40px !important;}&#8221;][vc_column_text]<\/p>\n<div class=\"qodef-separator\" style=\"border-color: black; width: 40px; float: left; margin-right: 15px;\"><\/div>\n<p class=\"oberfeld-block-title-sub\">Faites partie de notre \u00e9quipe<\/p>\n<p>[\/vc_column_text][vc_column_text]<\/p>\n<h2 class=\"oberfeld-block-title\">R\u00c9ALISEZ VOS AMBITIONS<\/h2>\n<p>[\/vc_column_text][vc_column_text el_class=&#8221;oberfeld-text&#8221;]Chez Oberfeld Snowcap, nous favorisons la cr\u00e9ativit\u00e9 et l\u2019innovation, nous valorisons les diff\u00e9rents points de vue et nous sommes int\u00e9ress\u00e9s par le v\u00f4tre. Nous sommes un employeur souscrivant au principe d\u2019\u00e9quit\u00e9 en mati\u00e8re d\u2019emploi.<\/p>\n<p>D\u00c9CLARATION SUR LA DIVERSIT\u00c9, L&#8217;INCLUSION ET L&#8217;ACCESSIBILIT\u00c9<\/p>\n<p>Nous pensons que le fait d&#8217;avoir un large \u00e9ventail d&#8217;exp\u00e9riences, d&#8217;horizons divers et de comp\u00e9tences au sein de notre organisation est un \u00e9l\u00e9ment cl\u00e9 de notre succ\u00e8s.<\/p>\n<p>Nous valorisons la diversit\u00e9, l&#8217;inclusion, l&#8217;accessibilit\u00e9 et l&#8217;\u00e9galit\u00e9 des chances dans le recrutement, la r\u00e9tention et l&#8217;avancement de tous nos talents. Pour aider \u00e0 soutenir toutes les candidatures pendant le cycle de recrutement, nous proposons des am\u00e9nagements li\u00e9s au handicap sur demande.<\/p>\n<p>Nous maintenons un environnement de travail qui favorise le d\u00e9veloppement professionnel des membres de notre \u00e9quipe, encourageant la formation continue qui am\u00e9liore la compr\u00e9hension et l&#8217;expertise relatives \u00e0 l&#8217;industrie de l&#8217;immobilier commercial afin de mieux servir nos clients.<\/p>\n<p>Nous vous invitons \u00e0 soumettre votre candidature \u00e0 :<br \/>\n<a style=\"font-weight: 600;\" href=\"mailto:hr@oberfeldsnowcap.com\">hr@oberfeldsnowcap.com<\/a>[\/vc_column_text]\n<div class=\"wpcf7 no-js\" id=\"wpcf7-f37908-o1\" lang=\"en-US\" dir=\"ltr\" data-wpcf7-id=\"37908\">\n<div class=\"screen-reader-response\"><p role=\"status\" aria-live=\"polite\" aria-atomic=\"true\"><\/p> <ul><\/ul><\/div>\n<form action=\"\/fr\/wp-json\/wp\/v2\/pages\/37894#wpcf7-f37908-o1\" method=\"post\" class=\"wpcf7-form init\" aria-label=\"Contact form\" enctype=\"multipart\/form-data\" novalidate=\"novalidate\" data-status=\"init\">\n<fieldset class=\"hidden-fields-container\"><input type=\"hidden\" name=\"_wpcf7\" value=\"37908\" \/><input type=\"hidden\" name=\"_wpcf7_version\" value=\"6.1.5\" \/><input type=\"hidden\" name=\"_wpcf7_locale\" value=\"en_US\" \/><input type=\"hidden\" name=\"_wpcf7_unit_tag\" value=\"wpcf7-f37908-o1\" \/><input type=\"hidden\" name=\"_wpcf7_container_post\" value=\"0\" \/><input type=\"hidden\" name=\"_wpcf7_posted_data_hash\" value=\"\" \/>\n<\/fieldset>\n<p><span class=\"wpcf7-form-control-wrap\" data-name=\"your-email\"><input size=\"40\" maxlength=\"400\" class=\"wpcf7-form-control wpcf7-email wpcf7-text wpcf7-validates-as-email\" aria-invalid=\"false\" placeholder=\"Courriel\" value=\"\" type=\"email\" name=\"your-email\" \/><\/span>\n<\/p>\n<p><span class=\"wpcf7-form-control-wrap\" data-name=\"your-name\"><input size=\"40\" maxlength=\"400\" class=\"wpcf7-form-control wpcf7-text\" aria-invalid=\"false\" placeholder=\"Nom\" value=\"\" type=\"text\" name=\"your-name\" \/><\/span>\n<\/p>\n<p><span class=\"wpcf7-form-control-wrap\" data-name=\"your-message\"><textarea cols=\"40\" rows=\"10\" maxlength=\"2000\" class=\"wpcf7-form-control wpcf7-textarea\" aria-invalid=\"false\" placeholder=\"Message\" name=\"your-message\"><\/textarea><\/span>\n<\/p>\n<div class=\"contact-form-7-file\">\n\t<p><span class=\"wpcf7-form-control-wrap\" data-name=\"Attachyourresume\"><input size=\"40\" class=\"wpcf7-form-control wpcf7-file\" accept=\"audio\/*,video\/*,image\/*\" aria-invalid=\"false\" type=\"file\" name=\"Attachyourresume\" \/><\/span><label for=\"file-upload\">Joindre votre cv<\/label>\n\t<\/p>\n<\/div>\n<p><button class=\"wpcf7-form-control wpcf7-submit qodef-btn qodef-btn-medium qodef-btn-outline\" type=\"submit\"><span class=\"qodef-btn-text\"><i class=\"qodef-icon-ion-icon ion-android-mail qodef-icon-element\"><\/i> Envoyer<\/span><\/button>\n<\/p><div class=\"wpcf7-response-output\" aria-hidden=\"true\"><\/div>\n<\/form>\n<\/div>\n[\/vc_column][\/vc_row]<\/p>\n","protected":false},"excerpt":{"rendered":"<p>[vc_row content_placement=&#8221;middle&#8221; css=&#8221;.vc_custom_1621786853842{background-color: #d1d5bb !important;}&#8221; el_class=&#8221;oberfeld-baner&#8221;][vc_column width=&#8221;1\/2&#8243; css=&#8221;.vc_custom_1618735127039{padding-top: 0px !important;}&#8221;][\/vc_column][vc_column width=&#8221;1\/2&#8243; css=&#8221;.vc_custom_1618735136685{padding-top: 0px !important;}&#8221;][vc_single_image image=&#8221;37033&#8243; img_size=&#8221;full&#8221; css_animation=&#8221;none&#8221;][\/vc_column][\/vc_row][vc_row css=&#8221;.vc_custom_1621787230016{padding-top: 120px !important;padding-bottom: 120px !important;}&#8221;][vc_column][\/vc_column][\/vc_row][vc_row css=&#8221;.vc_custom_1620391142090{padding-top: 120px !important;padding-bottom: 120px !important;background-color: #d1d5bb !important;}&#8221;][vc_column][\/vc_column][\/vc_row][vc_row row_content_width=&#8221;grid&#8221; css=&#8221;.vc_custom_1619201799799{padding-top: 120px !important;padding-bottom: 120px !important;}&#8221;][vc_column width=&#8221;1\/2&#8243; el_class=&#8221;custom-stacked-careers&#8221;][\/vc_column][vc_column width=&#8221;1\/2&#8243; css=&#8221;.vc_custom_1619115772040{padding-right: 40px [&hellip;]<\/p>\n","protected":false},"author":10,"featured_media":0,"parent":0,"menu_order":0,"comment_status":"closed","ping_status":"closed","template":"full-width.php","meta":{"_acf_changed":false,"om_disable_all_campaigns":false,"_monsterinsights_skip_tracking":false,"_monsterinsights_sitenote_active":false,"_monsterinsights_sitenote_note":"","_monsterinsights_sitenote_category":0,"footnotes":""},"class_list":["post-37894","page","type-page","status-publish","hentry"],"acf":[],"yoast_head":"<!-- This site is optimized with the Yoast SEO Premium plugin v27.0 (Yoast SEO v27.3) - https:\/\/yoast.com\/product\/yoast-seo-premium-wordpress\/ -->\n<title>Carri\u00e8res - Oberfeld Snowcap<\/title>\n<meta name=\"robots\" content=\"noindex, follow, max-snippet:-1, max-image-preview:large, max-video-preview:-1\" \/>\n<meta property=\"og:locale\" content=\"fr_FR\" \/>\n<meta property=\"og:type\" content=\"article\" \/>\n<meta property=\"og:title\" content=\"Carri\u00e8res\" \/>\n<meta property=\"og:description\" content=\"[vc_row content_placement=&#8221;middle&#8221; css=&#8221;.vc_custom_1621786853842{background-color: #d1d5bb !important;}&#8221; el_class=&#8221;oberfeld-baner&#8221;][vc_column width=&#8221;1\/2&#8243; css=&#8221;.vc_custom_1618735127039{padding-top: 0px !important;}&#8221;][\/vc_column][vc_column width=&#8221;1\/2&#8243; css=&#8221;.vc_custom_1618735136685{padding-top: 0px !important;}&#8221;][vc_single_image image=&#8221;37033&#8243; img_size=&#8221;full&#8221; css_animation=&#8221;none&#8221;][\/vc_column][\/vc_row][vc_row css=&#8221;.vc_custom_1621787230016{padding-top: 120px !important;padding-bottom: 120px !important;}&#8221;][vc_column][\/vc_column][\/vc_row][vc_row css=&#8221;.vc_custom_1620391142090{padding-top: 120px !important;padding-bottom: 120px !important;background-color: #d1d5bb !important;}&#8221;][vc_column][\/vc_column][\/vc_row][vc_row row_content_width=&#8221;grid&#8221; css=&#8221;.vc_custom_1619201799799{padding-top: 120px !important;padding-bottom: 120px !important;}&#8221;][vc_column width=&#8221;1\/2&#8243; el_class=&#8221;custom-stacked-careers&#8221;][\/vc_column][vc_column width=&#8221;1\/2&#8243; css=&#8221;.vc_custom_1619115772040{padding-right: 40px [&hellip;]\" \/>\n<meta property=\"og:url\" content=\"https:\/\/oberfeldsnowcap.com\/fr\/careers\/\" \/>\n<meta property=\"og:site_name\" content=\"Oberfeld Snowcap\" \/>\n<meta property=\"article:modified_time\" content=\"2026-02-05T16:04:19+00:00\" \/>\n<meta name=\"twitter:label1\" content=\"Est. reading time\" \/>\n\t<meta name=\"twitter:data1\" content=\"2 minutes\" \/>\n<script type=\"application\/ld+json\" class=\"yoast-schema-graph\">{\"@context\":\"https:\\\/\\\/schema.org\",\"@graph\":[{\"@type\":\"WebPage\",\"@id\":\"https:\\\/\\\/oberfeldsnowcap.com\\\/fr\\\/careers\\\/\",\"url\":\"https:\\\/\\\/oberfeldsnowcap.com\\\/fr\\\/careers\\\/\",\"name\":\"Carri\u00e8res - Oberfeld Snowcap\",\"isPartOf\":{\"@id\":\"https:\\\/\\\/oberfeldsnowcap.com\\\/#website\"},\"datePublished\":\"2021-04-21T17:57:11+00:00\",\"dateModified\":\"2026-02-05T16:04:19+00:00\",\"breadcrumb\":{\"@id\":\"https:\\\/\\\/oberfeldsnowcap.com\\\/fr\\\/careers\\\/#breadcrumb\"},\"inLanguage\":\"fr-FR\",\"potentialAction\":[{\"@type\":\"ReadAction\",\"target\":[\"https:\\\/\\\/oberfeldsnowcap.com\\\/fr\\\/careers\\\/\"]}]},{\"@type\":\"BreadcrumbList\",\"@id\":\"https:\\\/\\\/oberfeldsnowcap.com\\\/fr\\\/careers\\\/#breadcrumb\",\"itemListElement\":[{\"@type\":\"ListItem\",\"position\":1,\"name\":\"Home\",\"item\":\"https:\\\/\\\/oberfeldsnowcap.com\\\/fr\\\/\"},{\"@type\":\"ListItem\",\"position\":2,\"name\":\"Carri\u00e8res\"}]},{\"@type\":\"WebSite\",\"@id\":\"https:\\\/\\\/oberfeldsnowcap.com\\\/#website\",\"url\":\"https:\\\/\\\/oberfeldsnowcap.com\\\/\",\"name\":\"Oberfeld Snowcap\",\"description\":\"Commercial Real Estate &amp; Retail Advisory Services\",\"publisher\":{\"@id\":\"https:\\\/\\\/oberfeldsnowcap.com\\\/#organization\"},\"potentialAction\":[{\"@type\":\"SearchAction\",\"target\":{\"@type\":\"EntryPoint\",\"urlTemplate\":\"https:\\\/\\\/oberfeldsnowcap.com\\\/?s={search_term_string}\"},\"query-input\":{\"@type\":\"PropertyValueSpecification\",\"valueRequired\":true,\"valueName\":\"search_term_string\"}}],\"inLanguage\":\"fr-FR\"},{\"@type\":\"Organization\",\"@id\":\"https:\\\/\\\/oberfeldsnowcap.com\\\/#organization\",\"name\":\"OberfeldSnowcap\",\"url\":\"https:\\\/\\\/oberfeldsnowcap.com\\\/\",\"logo\":{\"@type\":\"ImageObject\",\"inLanguage\":\"fr-FR\",\"@id\":\"https:\\\/\\\/oberfeldsnowcap.com\\\/#\\\/schema\\\/logo\\\/image\\\/\",\"url\":\"https:\\\/\\\/oberfeldsnowcap.com\\\/wp-content\\\/uploads\\\/2021\\\/11\\\/2021_OS_BlackLine.png\",\"contentUrl\":\"https:\\\/\\\/oberfeldsnowcap.com\\\/wp-content\\\/uploads\\\/2021\\\/11\\\/2021_OS_BlackLine.png\",\"width\":792,\"height\":119,\"caption\":\"OberfeldSnowcap\"},\"image\":{\"@id\":\"https:\\\/\\\/oberfeldsnowcap.com\\\/#\\\/schema\\\/logo\\\/image\\\/\"},\"sameAs\":[\"https:\\\/\\\/x.com\\\/OberfeldSnowcap\",\"https:\\\/\\\/www.linkedin.com\\\/company\\\/130196?trk=tyah&amp;amp;trkInfo=clickedVertical:company,clickedEntityId:130196,idx:2-1-8,tarId:1468512726540,tas:oberfeld\"]}]}<\/script>\n<!-- \/ Yoast SEO Premium plugin. -->","yoast_head_json":{"title":"Carri\u00e8res - Oberfeld Snowcap","robots":{"index":"noindex","follow":"follow","max-snippet":"max-snippet:-1","max-image-preview":"max-image-preview:large","max-video-preview":"max-video-preview:-1"},"og_locale":"fr_FR","og_type":"article","og_title":"Carri\u00e8res","og_description":"[vc_row content_placement=&#8221;middle&#8221; css=&#8221;.vc_custom_1621786853842{background-color: #d1d5bb !important;}&#8221; el_class=&#8221;oberfeld-baner&#8221;][vc_column width=&#8221;1\/2&#8243; css=&#8221;.vc_custom_1618735127039{padding-top: 0px !important;}&#8221;][\/vc_column][vc_column width=&#8221;1\/2&#8243; css=&#8221;.vc_custom_1618735136685{padding-top: 0px !important;}&#8221;][vc_single_image image=&#8221;37033&#8243; img_size=&#8221;full&#8221; css_animation=&#8221;none&#8221;][\/vc_column][\/vc_row][vc_row css=&#8221;.vc_custom_1621787230016{padding-top: 120px !important;padding-bottom: 120px !important;}&#8221;][vc_column][\/vc_column][\/vc_row][vc_row css=&#8221;.vc_custom_1620391142090{padding-top: 120px !important;padding-bottom: 120px !important;background-color: #d1d5bb !important;}&#8221;][vc_column][\/vc_column][\/vc_row][vc_row row_content_width=&#8221;grid&#8221; css=&#8221;.vc_custom_1619201799799{padding-top: 120px !important;padding-bottom: 120px !important;}&#8221;][vc_column width=&#8221;1\/2&#8243; el_class=&#8221;custom-stacked-careers&#8221;][\/vc_column][vc_column width=&#8221;1\/2&#8243; css=&#8221;.vc_custom_1619115772040{padding-right: 40px [&hellip;]","og_url":"https:\/\/oberfeldsnowcap.com\/fr\/careers\/","og_site_name":"Oberfeld Snowcap","article_modified_time":"2026-02-05T16:04:19+00:00","twitter_misc":{"Est. reading time":"2 minutes"},"schema":{"@context":"https:\/\/schema.org","@graph":[{"@type":"WebPage","@id":"https:\/\/oberfeldsnowcap.com\/fr\/careers\/","url":"https:\/\/oberfeldsnowcap.com\/fr\/careers\/","name":"Carri\u00e8res - Oberfeld Snowcap","isPartOf":{"@id":"https:\/\/oberfeldsnowcap.com\/#website"},"datePublished":"2021-04-21T17:57:11+00:00","dateModified":"2026-02-05T16:04:19+00:00","breadcrumb":{"@id":"https:\/\/oberfeldsnowcap.com\/fr\/careers\/#breadcrumb"},"inLanguage":"fr-FR","potentialAction":[{"@type":"ReadAction","target":["https:\/\/oberfeldsnowcap.com\/fr\/careers\/"]}]},{"@type":"BreadcrumbList","@id":"https:\/\/oberfeldsnowcap.com\/fr\/careers\/#breadcrumb","itemListElement":[{"@type":"ListItem","position":1,"name":"Home","item":"https:\/\/oberfeldsnowcap.com\/fr\/"},{"@type":"ListItem","position":2,"name":"Carri\u00e8res"}]},{"@type":"WebSite","@id":"https:\/\/oberfeldsnowcap.com\/#website","url":"https:\/\/oberfeldsnowcap.com\/","name":"Oberfeld Snowcap","description":"Commercial Real Estate &amp; Retail Advisory Services","publisher":{"@id":"https:\/\/oberfeldsnowcap.com\/#organization"},"potentialAction":[{"@type":"SearchAction","target":{"@type":"EntryPoint","urlTemplate":"https:\/\/oberfeldsnowcap.com\/?s={search_term_string}"},"query-input":{"@type":"PropertyValueSpecification","valueRequired":true,"valueName":"search_term_string"}}],"inLanguage":"fr-FR"},{"@type":"Organization","@id":"https:\/\/oberfeldsnowcap.com\/#organization","name":"OberfeldSnowcap","url":"https:\/\/oberfeldsnowcap.com\/","logo":{"@type":"ImageObject","inLanguage":"fr-FR","@id":"https:\/\/oberfeldsnowcap.com\/#\/schema\/logo\/image\/","url":"https:\/\/oberfeldsnowcap.com\/wp-content\/uploads\/2021\/11\/2021_OS_BlackLine.png","contentUrl":"https:\/\/oberfeldsnowcap.com\/wp-content\/uploads\/2021\/11\/2021_OS_BlackLine.png","width":792,"height":119,"caption":"OberfeldSnowcap"},"image":{"@id":"https:\/\/oberfeldsnowcap.com\/#\/schema\/logo\/image\/"},"sameAs":["https:\/\/x.com\/OberfeldSnowcap","https:\/\/www.linkedin.com\/company\/130196?trk=tyah&amp;amp;trkInfo=clickedVertical:company,clickedEntityId:130196,idx:2-1-8,tarId:1468512726540,tas:oberfeld"]}]}},"_links":{"self":[{"href":"https:\/\/oberfeldsnowcap.com\/fr\/wp-json\/wp\/v2\/pages\/37894","targetHints":{"allow":["GET"]}}],"collection":[{"href":"https:\/\/oberfeldsnowcap.com\/fr\/wp-json\/wp\/v2\/pages"}],"about":[{"href":"https:\/\/oberfeldsnowcap.com\/fr\/wp-json\/wp\/v2\/types\/page"}],"author":[{"embeddable":true,"href":"https:\/\/oberfeldsnowcap.com\/fr\/wp-json\/wp\/v2\/users\/10"}],"replies":[{"embeddable":true,"href":"https:\/\/oberfeldsnowcap.com\/fr\/wp-json\/wp\/v2\/comments?post=37894"}],"version-history":[{"count":0,"href":"https:\/\/oberfeldsnowcap.com\/fr\/wp-json\/wp\/v2\/pages\/37894\/revisions"}],"wp:attachment":[{"href":"https:\/\/oberfeldsnowcap.com\/fr\/wp-json\/wp\/v2\/media?parent=37894"}],"curies":[{"name":"wp","href":"https:\/\/api.w.org\/{rel}","templated":true}]}}