{"id":37889,"date":"2021-04-18T06:48:23","date_gmt":"2021-04-18T10:48:23","guid":{"rendered":"https:\/\/oberfeldstag.wpengine.com\/landlord-representation\/"},"modified":"2025-07-11T11:59:20","modified_gmt":"2025-07-11T15:59:20","slug":"landlord-representation","status":"publish","type":"page","link":"https:\/\/oberfeldsnowcap.com\/fr\/landlord-representation\/","title":{"rendered":"Repr\u00e9sentation des propri\u00e9taires"},"content":{"rendered":"<p>[vc_row content_placement=&#8221;middle&#8221; css=&#8221;.vc_custom_1619961819275{background-color: #d1d5bb !important;}&#8221; el_class=&#8221;oberfeld-baner&#8221;][vc_column width=&#8221;1\/2&#8243; css=&#8221;.vc_custom_1618735127039{padding-top: 0px !important;}&#8221;]<div class=\"qodef-elements-holder   qodef-one-column  qodef-responsive-mode-768  \" ><div class=\"qodef-eh-item    \"  data-item-class=\"qodef-eh-custom-1564\" data-1441-1700=\"40px 0 40px 18%\" data-1367-1440=\"40px 0 40px 18%\" data-1025-1366=\"40px 0 40px 107px\" data-769-1024=\"40px 0 40px 146px\" data-681-768=\"40px 0 40px 100px\" data-680=\"40px 0 40px 35px\">\n\t<div class=\"qodef-eh-item-inner\">\n\t\t<div class=\"qodef-eh-item-content qodef-eh-custom-1564\" style=\"padding: 40px 0 40px 25%\">\n\t\t\t[vc_column_text]<\/p>\n<h1 class=\"oberfeld-title\">Services<\/h1>\n<p>[\/vc_column_text][vc_column_text]<\/p>\n<h2 class=\"oberfeld-title-sub oberfeld-title-sub-baner\">REPR\u00c9SENTATION<br \/>\nDES PROPRI\u00c9TAIRES<\/h2>\n<p>[\/vc_column_text]<div class=\"qodef-separator-holder clearfix separatorMy qodef-separator-left \">\n\t<div class=\"qodef-separator\" style=\"border-color: #000000;border-style: solid;width: 100px;border-bottom-width: 2px;margin-top: 30px;margin-bottom: 30px\"><\/div>\n<\/div>\n[vc_column_text]<span class=\"oberfeld-top-block-text\">Trouver la meilleure combinaison <\/span><br \/>\n<span class=\"oberfeld-top-block-text\">de locataire et de <\/span><span class=\"oberfeld-top-block-text-bold\">propri\u00e9t\u00e9 <\/span>[\/vc_column_text]\t\t<\/div>\n\t<\/div>\n<\/div><\/div>[\/vc_column][vc_column width=&#8221;1\/2&#8243; css=&#8221;.vc_custom_1618735136685{padding-top: 0px !important;}&#8221;][vc_single_image image=&#8221;36537&#8243; img_size=&#8221;full&#8221; css_animation=&#8221;none&#8221;][\/vc_column][\/vc_row][vc_row row_content_width=&#8221;grid&#8221; css=&#8221;.vc_custom_1618739650070{padding-top: 120px !important;padding-bottom: 120px !important;}&#8221;][vc_column width=&#8221;1\/2&#8243; el_class=&#8221;custom-stacked&#8221;]<div class=\"qodef-stacked-images-holder   qodef-si-position-right\">\n\t<div class=\"qodef-si-images\">\n\t\t\t\t\t<img decoding=\"async\" width=\"602\" height=\"732\" src=\"https:\/\/oberfeldsnowcap.com\/wp-content\/uploads\/2021\/04\/jorge-fernandez-salas-8O4NbjuPSXo-unsplash-1.png\" class=\"qodef-si-first-image\" alt=\"\" srcset=\"https:\/\/oberfeldsnowcap.com\/wp-content\/uploads\/2021\/04\/jorge-fernandez-salas-8O4NbjuPSXo-unsplash-1.png 602w, https:\/\/oberfeldsnowcap.com\/wp-content\/uploads\/2021\/04\/jorge-fernandez-salas-8O4NbjuPSXo-unsplash-1-247x300.png 247w, https:\/\/oberfeldsnowcap.com\/wp-content\/uploads\/2021\/04\/jorge-fernandez-salas-8O4NbjuPSXo-unsplash-1-600x730.png 600w\" sizes=\"(max-width: 602px) 100vw, 602px\" \/>\t\t\t\t\t\t\t<img decoding=\"async\" width=\"551\" height=\"760\" src=\"https:\/\/oberfeldsnowcap.com\/wp-content\/uploads\/2021\/04\/glad-to-work-with-you-picture-id951514270.png\" class=\"qodef-si-stack-image\" alt=\"\" srcset=\"https:\/\/oberfeldsnowcap.com\/wp-content\/uploads\/2021\/04\/glad-to-work-with-you-picture-id951514270.png 551w, https:\/\/oberfeldsnowcap.com\/wp-content\/uploads\/2021\/04\/glad-to-work-with-you-picture-id951514270-218x300.png 218w\" sizes=\"(max-width: 551px) 100vw, 551px\" \/>\t\t\t<\/div>\n<\/div>[\/vc_column][vc_column width=&#8221;1\/2&#8243; css=&#8221;.vc_custom_1618729801244{padding-right: 40px !important;padding-left: 40px !important;}&#8221;][vc_column_text]<\/p>\n<div class=\"qodef-separator\" style=\"border-color: black; width: 40px; float: left; margin-right: 15px;\"><\/div>\n<p class=\"oberfeld-block-title-sub\">Trouvez et gardez les meilleurs locataires pour votre propri\u00e9t\u00e9<\/p>\n<p>[\/vc_column_text][vc_column_text]<\/p>\n<h2 class=\"oberfeld-block-title\">DES STRAT\u00c9GIES DE PROPRI\u00c9T\u00c9 ADAPT\u00c9ES<\/h2>\n<p>[\/vc_column_text][vc_column_text el_class=&#8221;oberfeld-text&#8221;]Notre \u00e9quipe de conseillers exp\u00e9riment\u00e9s travaillera avec vous et mettra au point la bonne strat\u00e9gie pour lib\u00e9rer le potentiel de votre propri\u00e9t\u00e9 et maximiser sa valeur en attirant et en conservant les bons locataires.[\/vc_column_text][vc_column_text]<\/p>\n<ul>\n<li class=\"point-li\">\n<div class=\"point-grid\">\n<div>\n<p class=\"point\">1<\/p>\n<\/div>\n<div>\n<p>Conseil en strat\u00e9gie d\u2019actifs<\/p>\n<\/div>\n<\/div>\n<\/li>\n<li class=\"point-li\">\n<div class=\"point-grid\">\n<div>\n<p class=\"point\">2<\/p>\n<\/div>\n<div>\n<p>Analyse du march\u00e9 et du march\u00e9 cible<\/p>\n<\/div>\n<\/div>\n<\/li>\n<li class=\"point-li\">\n<div class=\"point-grid\">\n<div>\n<p class=\"point\">3<\/p>\n<\/div>\n<div>\n<p>Positionnement de propri\u00e9t\u00e9s<\/p>\n<\/div>\n<\/div>\n<\/li>\n<li class=\"point-li\">\n<div class=\"point-grid\">\n<div>\n<p class=\"point\">4<\/p>\n<\/div>\n<div>\n<p>Strat\u00e9gie de location<\/p>\n<\/div>\n<\/div>\n<\/li>\n<li class=\"point-li\">\n<div class=\"point-grid\">\n<div>\n<p class=\"point\">5<\/p>\n<\/div>\n<div>\n<p>Vente\/disposition<\/p>\n<\/div>\n<\/div>\n<\/li>\n<li class=\"point-li\">\n<div class=\"point-grid\">\n<div>\n<p class=\"point\">6<\/p>\n<\/div>\n<div>\n<p>Ex\u00e9cution du programme de marketing<\/p>\n<\/div>\n<\/div>\n<\/li>\n<li class=\"point-li\">\n<div class=\"point-grid\">\n<div>\n<p class=\"point\">7<\/p>\n<\/div>\n<div>\n<p>Recherche et qualification de locataires de qualit\u00e9<\/p>\n<\/div>\n<\/div>\n<\/li>\n<\/ul>\n<p>[\/vc_column_text][\/vc_column][\/vc_row][vc_row row_content_width=&#8221;grid&#8221; css=&#8221;.vc_custom_1621791306605{padding-bottom: 40px !important;}&#8221;][vc_column][vc_column_text]<\/p>\n<div class=\"qodef-separator\" style=\"border-color: black; width: 40px; float: left; margin-right: 15px;\"><\/div>\n<p class=\"oberfeld-block-title-sub\">Fournir de l\u2019information qui<\/p>\n<p>[\/vc_column_text][vc_column_text]<\/p>\n<h2 class=\"oberfeld-block-title\">AUGMENTE LA VALEUR DE VOS ACTIFS<\/h2>\n<p>[\/vc_column_text][vc_column_text el_class=&#8221;oberfeld-text&#8221;]Le march\u00e9 d\u2019aujourd\u2019hui est hautement concurrentiel et ax\u00e9 sur les donn\u00e9es. \u00c0 l\u2019aide<br \/>\nd\u2019outils analytiques perfectionn\u00e9s qui \u00e9tudient les conditions du march\u00e9, le taux<br \/>\nd\u2019occupation et les locaux disponibles ainsi que les principales strat\u00e9gies du march\u00e9,<br \/>\nnotre \u00e9quipe d\u2019experts cr\u00e9era une strat\u00e9gie unique pour votre propri\u00e9t\u00e9.[\/vc_column_text][\/vc_column][\/vc_row][vc_row row_content_width=&#8221;grid&#8221; css=&#8221;.vc_custom_1621791295854{padding-bottom: 120px !important;}&#8221;][vc_column width=&#8221;1\/4&#8243; css=&#8221;.vc_custom_1621791319722{padding-top: 30px !important;}&#8221;][vc_single_image image=&#8221;36548&#8243; img_size=&#8221;full&#8221;][\/vc_column][vc_column width=&#8221;1\/4&#8243; css=&#8221;.vc_custom_1621791326063{padding-top: 30px !important;}&#8221;][vc_single_image image=&#8221;36544&#8243; img_size=&#8221;full&#8221;][\/vc_column][vc_column width=&#8221;2\/4&#8243; css=&#8221;.vc_custom_1621791332503{padding-top: 30px !important;}&#8221;][vc_single_image image=&#8221;36546&#8243; img_size=&#8221;full&#8221; el_class=&#8221;max-height293&#8243;][\/vc_column][\/vc_row][vc_row row_content_width=&#8221;grid&#8221; css=&#8221;.vc_custom_1618741766528{padding-top: 90px !important;padding-bottom: 90px !important;background-color: #d1d5bb !important;}&#8221; simple_background_color=&#8221;#d1d5bb&#8221;][vc_column][vc_column_text]<\/p>\n<div class=\"qodef-separator\" style=\"border-color: black; width: 40px; float: left; margin-right: 15px;\"><\/div>\n<p class=\"oberfeld-block-title-sub\">Services d\u2019Oberfeld Snowcap<\/p>\n<p>[\/vc_column_text]<div class=\"qodef-section-title-holder  \" >\n\t<div class=\"qodef-st-inner\">\n\t\t\t\t\t<h1 class=\"qodef-st-title\" >\n\t\t\t\tD\u00c9COUVRIR NOS AUTRES SERVICES\t\t\t<\/h1>\n\t\t\n\t\t\n\t\t<div class=\"qodef-separator-holder clearfix   \">\n\t<div class=\"qodef-separator\" style=\"width: 40px;border-bottom-width: 1px\"><\/div>\n<\/div>\n\n\t\t\t\t\t<\/div>\n<\/div>[vc_row_inner gap=&#8221;20&#8243; el_class=&#8221;service-page&#8221;][vc_column_inner width=&#8221;1\/3&#8243;]<div class=\"qodef-section-title-holder  \" >\n\t<div class=\"qodef-st-inner\">\n\t\t\t\t\t<h5 class=\"qodef-st-title\" >\n\t\t\t\tSP\u00c9CIALISTES DU COMMERCE DE D\u00c9TAIL\t\t\t<\/h5>\n\t\t\n\t\t\n\t\t<div class=\"qodef-separator-holder clearfix   \">\n\t<div class=\"qodef-separator\" style=\"width: 40px;border-bottom-width: 1px\"><\/div>\n<\/div>\n\n\t\t\t\t\t<\/div>\n<\/div>[vc_column_text el_class=&#8221;read-more&#8221;]<a href=\"\/fr\/tenant-representation\/\">Lire plus sur la repr\u00e9sentation des locataires<\/a>[\/vc_column_text][\/vc_column_inner][vc_column_inner width=&#8221;1\/3&#8243;]<div class=\"qodef-section-title-holder  \" >\n\t<div class=\"qodef-st-inner\">\n\t\t\t\t\t<h5 class=\"qodef-st-title\" >\n\t\t\t\tRESTRUCTURATION ET CESSION\t\t\t<\/h5>\n\t\t\n\t\t\n\t\t<div class=\"qodef-separator-holder clearfix   \">\n\t<div class=\"qodef-separator\" style=\"width: 40px;border-bottom-width: 1px\"><\/div>\n<\/div>\n\n\t\t\t\t\t<\/div>\n<\/div>[vc_column_text el_class=&#8221;read-more&#8221;]<a href=\"\/fr\/restructuring-disposition\/\">Lire plus<\/a>[\/vc_column_text][\/vc_column_inner][vc_column_inner width=&#8221;1\/3&#8243;]<div class=\"qodef-section-title-holder  \" >\n\t<div class=\"qodef-st-inner\">\n\t\t\t\t\t<h5 class=\"qodef-st-title\" >\n\t\t\t\tANALYSE DU MARCH\u00c9\t\t\t<\/h5>\n\t\t\n\t\t\n\t\t<div class=\"qodef-separator-holder clearfix   \">\n\t<div class=\"qodef-separator\" style=\"width: 40px;border-bottom-width: 1px\"><\/div>\n<\/div>\n\n\t\t\t\t\t<\/div>\n<\/div>[vc_column_text el_class=&#8221;read-more&#8221;]<a href=\"\/fr\/market-analytics\/\">Lire plus<\/a>[\/vc_column_text][\/vc_column_inner][\/vc_row_inner][vc_row_inner css=&#8221;.vc_custom_1619637131705{margin-top: 50px !important;}&#8221;][vc_column_inner]<a itemprop=\"url\" href=\"#\" target=\"_self\"  class=\"qodef-btn qodef-btn-medium qodef-btn-solid download-brochure-button-service qodef-btn-custom-border-hover qodef-btn-custom-hover-bg\"  >\n\t\t<span class=\"qodef-btn-svg\">\n\t\t<svg x=\"0px\" y=\"0px\" viewBox=\"0 0 5.5 10.1\" enable-background=\"new 0 0 5.5 10.1\" >\n\t\t\t\t<path fill=\"#BBBBBB\" d=\"M1.3,5.5L1.2,5.2C2.1,4.5,2.7,4.1,3,3.9c0.3-0.2,0.6-0.2,0.7-0.2c0.1,0,0.2,0,0.3,0.1S4.1,4,4.1,4.2\n\t\t\t\t\tc0,0.3-0.1,0.8-0.4,1.7L3.5,6.5c-0.3,1-0.4,1.6-0.4,1.9c0,0.1,0.1,0.2,0.2,0.2c0.1,0,0.4-0.2,1-0.6l0.2,0.3L3.2,9.1\n\t\t\t\t\tC2.8,9.3,2.6,9.4,2.4,9.5c-0.1,0-0.2,0.1-0.3,0.1c-0.1,0-0.3,0-0.3-0.1C1.7,9.3,1.7,9.2,1.7,8.9c0-0.3,0.1-0.7,0.2-1.1l0.4-1.4\n\t\t\t\t\tC2.4,5.7,2.5,5.3,2.5,5c0-0.1,0-0.2-0.1-0.2c-0.1,0-0.2,0-0.3,0.1C1.8,5.1,1.5,5.3,1.3,5.5z M3.2,2c0-0.3,0.1-0.5,0.2-0.7\n\t\t\t\t\tS3.8,1,4,1c0.2,0,0.3,0.1,0.5,0.2s0.2,0.3,0.2,0.5c0,0.3-0.1,0.5-0.2,0.7C4.3,2.5,4.1,2.6,3.8,2.6c-0.2,0-0.4-0.1-0.5-0.2\n\t\t\t\t\tC3.2,2.3,3.2,2.1,3.2,2z\"\/>\n\t\t<\/svg>\n\t<\/span>\n\t<span class=\"qodef-btn-text\">T\u00e9l\u00e9charger notre brochure<\/span>\n<\/a>[\/vc_column_inner][\/vc_row_inner][\/vc_column][\/vc_row]<\/p>\n","protected":false},"excerpt":{"rendered":"<p>[vc_row content_placement=&#8221;middle&#8221; css=&#8221;.vc_custom_1619961819275{background-color: #d1d5bb !important;}&#8221; el_class=&#8221;oberfeld-baner&#8221;][vc_column width=&#8221;1\/2&#8243; css=&#8221;.vc_custom_1618735127039{padding-top: 0px !important;}&#8221;][\/vc_column][vc_column width=&#8221;1\/2&#8243; css=&#8221;.vc_custom_1618735136685{padding-top: 0px !important;}&#8221;][vc_single_image image=&#8221;36537&#8243; img_size=&#8221;full&#8221; css_animation=&#8221;none&#8221;][\/vc_column][\/vc_row][vc_row row_content_width=&#8221;grid&#8221; css=&#8221;.vc_custom_1618739650070{padding-top: 120px !important;padding-bottom: 120px !important;}&#8221;][vc_column width=&#8221;1\/2&#8243; el_class=&#8221;custom-stacked&#8221;][\/vc_column][vc_column width=&#8221;1\/2&#8243; css=&#8221;.vc_custom_1618729801244{padding-right: 40px !important;padding-left: 40px !important;}&#8221;][vc_column_text] Trouvez et gardez les meilleurs locataires pour votre propri\u00e9t\u00e9 [&hellip;]<\/p>\n","protected":false},"author":10,"featured_media":0,"parent":0,"menu_order":0,"comment_status":"closed","ping_status":"closed","template":"full-width.php","meta":{"_acf_changed":false,"om_disable_all_campaigns":false,"_monsterinsights_skip_tracking":false,"_monsterinsights_sitenote_active":false,"_monsterinsights_sitenote_note":"","_monsterinsights_sitenote_category":0,"footnotes":""},"class_list":["post-37889","page","type-page","status-publish","hentry"],"acf":[],"yoast_head":"<!-- This site is optimized with the Yoast SEO Premium plugin v27.0 (Yoast SEO v27.4) - https:\/\/yoast.com\/product\/yoast-seo-premium-wordpress\/ -->\n<title>Repr\u00e9sentation des propri\u00e9taires - Oberfeld Snowcap<\/title>\n<meta name=\"robots\" content=\"noindex, follow, max-snippet:-1, max-image-preview:large, max-video-preview:-1\" \/>\n<meta property=\"og:locale\" content=\"fr_FR\" \/>\n<meta property=\"og:type\" content=\"article\" \/>\n<meta property=\"og:title\" content=\"Repr\u00e9sentation des propri\u00e9taires\" \/>\n<meta property=\"og:description\" content=\"[vc_row content_placement=&#8221;middle&#8221; css=&#8221;.vc_custom_1619961819275{background-color: #d1d5bb !important;}&#8221; el_class=&#8221;oberfeld-baner&#8221;][vc_column width=&#8221;1\/2&#8243; css=&#8221;.vc_custom_1618735127039{padding-top: 0px !important;}&#8221;][\/vc_column][vc_column width=&#8221;1\/2&#8243; css=&#8221;.vc_custom_1618735136685{padding-top: 0px !important;}&#8221;][vc_single_image image=&#8221;36537&#8243; img_size=&#8221;full&#8221; css_animation=&#8221;none&#8221;][\/vc_column][\/vc_row][vc_row row_content_width=&#8221;grid&#8221; css=&#8221;.vc_custom_1618739650070{padding-top: 120px !important;padding-bottom: 120px !important;}&#8221;][vc_column width=&#8221;1\/2&#8243; el_class=&#8221;custom-stacked&#8221;][\/vc_column][vc_column width=&#8221;1\/2&#8243; css=&#8221;.vc_custom_1618729801244{padding-right: 40px !important;padding-left: 40px !important;}&#8221;][vc_column_text] Trouvez et gardez les meilleurs locataires pour votre propri\u00e9t\u00e9 [&hellip;]\" \/>\n<meta property=\"og:url\" content=\"https:\/\/oberfeldsnowcap.com\/fr\/landlord-representation\/\" \/>\n<meta property=\"og:site_name\" content=\"Oberfeld Snowcap\" \/>\n<meta property=\"article:modified_time\" content=\"2025-07-11T15:59:20+00:00\" \/>\n<meta name=\"twitter:label1\" content=\"Est. reading time\" \/>\n\t<meta name=\"twitter:data1\" content=\"2 minutes\" \/>\n<script type=\"application\/ld+json\" class=\"yoast-schema-graph\">{\"@context\":\"https:\\\/\\\/schema.org\",\"@graph\":[{\"@type\":\"WebPage\",\"@id\":\"https:\\\/\\\/oberfeldsnowcap.com\\\/fr\\\/landlord-representation\\\/\",\"url\":\"https:\\\/\\\/oberfeldsnowcap.com\\\/fr\\\/landlord-representation\\\/\",\"name\":\"Repr\u00e9sentation des propri\u00e9taires - Oberfeld Snowcap\",\"isPartOf\":{\"@id\":\"https:\\\/\\\/oberfeldsnowcap.com\\\/#website\"},\"datePublished\":\"2021-04-18T10:48:23+00:00\",\"dateModified\":\"2025-07-11T15:59:20+00:00\",\"breadcrumb\":{\"@id\":\"https:\\\/\\\/oberfeldsnowcap.com\\\/fr\\\/landlord-representation\\\/#breadcrumb\"},\"inLanguage\":\"fr-FR\",\"potentialAction\":[{\"@type\":\"ReadAction\",\"target\":[\"https:\\\/\\\/oberfeldsnowcap.com\\\/fr\\\/landlord-representation\\\/\"]}]},{\"@type\":\"BreadcrumbList\",\"@id\":\"https:\\\/\\\/oberfeldsnowcap.com\\\/fr\\\/landlord-representation\\\/#breadcrumb\",\"itemListElement\":[{\"@type\":\"ListItem\",\"position\":1,\"name\":\"Home\",\"item\":\"https:\\\/\\\/oberfeldsnowcap.com\\\/fr\\\/\"},{\"@type\":\"ListItem\",\"position\":2,\"name\":\"Repr\u00e9sentation des propri\u00e9taires\"}]},{\"@type\":\"WebSite\",\"@id\":\"https:\\\/\\\/oberfeldsnowcap.com\\\/#website\",\"url\":\"https:\\\/\\\/oberfeldsnowcap.com\\\/\",\"name\":\"Oberfeld Snowcap\",\"description\":\"Commercial Real Estate &amp; Retail Advisory Services\",\"publisher\":{\"@id\":\"https:\\\/\\\/oberfeldsnowcap.com\\\/#organization\"},\"potentialAction\":[{\"@type\":\"SearchAction\",\"target\":{\"@type\":\"EntryPoint\",\"urlTemplate\":\"https:\\\/\\\/oberfeldsnowcap.com\\\/?s={search_term_string}\"},\"query-input\":{\"@type\":\"PropertyValueSpecification\",\"valueRequired\":true,\"valueName\":\"search_term_string\"}}],\"inLanguage\":\"fr-FR\"},{\"@type\":\"Organization\",\"@id\":\"https:\\\/\\\/oberfeldsnowcap.com\\\/#organization\",\"name\":\"OberfeldSnowcap\",\"url\":\"https:\\\/\\\/oberfeldsnowcap.com\\\/\",\"logo\":{\"@type\":\"ImageObject\",\"inLanguage\":\"fr-FR\",\"@id\":\"https:\\\/\\\/oberfeldsnowcap.com\\\/#\\\/schema\\\/logo\\\/image\\\/\",\"url\":\"https:\\\/\\\/oberfeldsnowcap.com\\\/wp-content\\\/uploads\\\/2021\\\/11\\\/2021_OS_BlackLine.png\",\"contentUrl\":\"https:\\\/\\\/oberfeldsnowcap.com\\\/wp-content\\\/uploads\\\/2021\\\/11\\\/2021_OS_BlackLine.png\",\"width\":792,\"height\":119,\"caption\":\"OberfeldSnowcap\"},\"image\":{\"@id\":\"https:\\\/\\\/oberfeldsnowcap.com\\\/#\\\/schema\\\/logo\\\/image\\\/\"},\"sameAs\":[\"https:\\\/\\\/x.com\\\/OberfeldSnowcap\",\"https:\\\/\\\/www.linkedin.com\\\/company\\\/130196?trk=tyah&amp;amp;trkInfo=clickedVertical:company,clickedEntityId:130196,idx:2-1-8,tarId:1468512726540,tas:oberfeld\"]}]}<\/script>\n<!-- \/ Yoast SEO Premium plugin. -->","yoast_head_json":{"title":"Repr\u00e9sentation des propri\u00e9taires - Oberfeld Snowcap","robots":{"index":"noindex","follow":"follow","max-snippet":"max-snippet:-1","max-image-preview":"max-image-preview:large","max-video-preview":"max-video-preview:-1"},"og_locale":"fr_FR","og_type":"article","og_title":"Repr\u00e9sentation des propri\u00e9taires","og_description":"[vc_row content_placement=&#8221;middle&#8221; css=&#8221;.vc_custom_1619961819275{background-color: #d1d5bb !important;}&#8221; el_class=&#8221;oberfeld-baner&#8221;][vc_column width=&#8221;1\/2&#8243; css=&#8221;.vc_custom_1618735127039{padding-top: 0px !important;}&#8221;][\/vc_column][vc_column width=&#8221;1\/2&#8243; css=&#8221;.vc_custom_1618735136685{padding-top: 0px !important;}&#8221;][vc_single_image image=&#8221;36537&#8243; img_size=&#8221;full&#8221; css_animation=&#8221;none&#8221;][\/vc_column][\/vc_row][vc_row row_content_width=&#8221;grid&#8221; css=&#8221;.vc_custom_1618739650070{padding-top: 120px !important;padding-bottom: 120px !important;}&#8221;][vc_column width=&#8221;1\/2&#8243; el_class=&#8221;custom-stacked&#8221;][\/vc_column][vc_column width=&#8221;1\/2&#8243; css=&#8221;.vc_custom_1618729801244{padding-right: 40px !important;padding-left: 40px !important;}&#8221;][vc_column_text] Trouvez et gardez les meilleurs locataires pour votre propri\u00e9t\u00e9 [&hellip;]","og_url":"https:\/\/oberfeldsnowcap.com\/fr\/landlord-representation\/","og_site_name":"Oberfeld Snowcap","article_modified_time":"2025-07-11T15:59:20+00:00","twitter_misc":{"Est. reading time":"2 minutes"},"schema":{"@context":"https:\/\/schema.org","@graph":[{"@type":"WebPage","@id":"https:\/\/oberfeldsnowcap.com\/fr\/landlord-representation\/","url":"https:\/\/oberfeldsnowcap.com\/fr\/landlord-representation\/","name":"Repr\u00e9sentation des propri\u00e9taires - Oberfeld Snowcap","isPartOf":{"@id":"https:\/\/oberfeldsnowcap.com\/#website"},"datePublished":"2021-04-18T10:48:23+00:00","dateModified":"2025-07-11T15:59:20+00:00","breadcrumb":{"@id":"https:\/\/oberfeldsnowcap.com\/fr\/landlord-representation\/#breadcrumb"},"inLanguage":"fr-FR","potentialAction":[{"@type":"ReadAction","target":["https:\/\/oberfeldsnowcap.com\/fr\/landlord-representation\/"]}]},{"@type":"BreadcrumbList","@id":"https:\/\/oberfeldsnowcap.com\/fr\/landlord-representation\/#breadcrumb","itemListElement":[{"@type":"ListItem","position":1,"name":"Home","item":"https:\/\/oberfeldsnowcap.com\/fr\/"},{"@type":"ListItem","position":2,"name":"Repr\u00e9sentation des propri\u00e9taires"}]},{"@type":"WebSite","@id":"https:\/\/oberfeldsnowcap.com\/#website","url":"https:\/\/oberfeldsnowcap.com\/","name":"Oberfeld Snowcap","description":"Commercial Real Estate &amp; Retail Advisory Services","publisher":{"@id":"https:\/\/oberfeldsnowcap.com\/#organization"},"potentialAction":[{"@type":"SearchAction","target":{"@type":"EntryPoint","urlTemplate":"https:\/\/oberfeldsnowcap.com\/?s={search_term_string}"},"query-input":{"@type":"PropertyValueSpecification","valueRequired":true,"valueName":"search_term_string"}}],"inLanguage":"fr-FR"},{"@type":"Organization","@id":"https:\/\/oberfeldsnowcap.com\/#organization","name":"OberfeldSnowcap","url":"https:\/\/oberfeldsnowcap.com\/","logo":{"@type":"ImageObject","inLanguage":"fr-FR","@id":"https:\/\/oberfeldsnowcap.com\/#\/schema\/logo\/image\/","url":"https:\/\/oberfeldsnowcap.com\/wp-content\/uploads\/2021\/11\/2021_OS_BlackLine.png","contentUrl":"https:\/\/oberfeldsnowcap.com\/wp-content\/uploads\/2021\/11\/2021_OS_BlackLine.png","width":792,"height":119,"caption":"OberfeldSnowcap"},"image":{"@id":"https:\/\/oberfeldsnowcap.com\/#\/schema\/logo\/image\/"},"sameAs":["https:\/\/x.com\/OberfeldSnowcap","https:\/\/www.linkedin.com\/company\/130196?trk=tyah&amp;amp;trkInfo=clickedVertical:company,clickedEntityId:130196,idx:2-1-8,tarId:1468512726540,tas:oberfeld"]}]}},"_links":{"self":[{"href":"https:\/\/oberfeldsnowcap.com\/fr\/wp-json\/wp\/v2\/pages\/37889","targetHints":{"allow":["GET"]}}],"collection":[{"href":"https:\/\/oberfeldsnowcap.com\/fr\/wp-json\/wp\/v2\/pages"}],"about":[{"href":"https:\/\/oberfeldsnowcap.com\/fr\/wp-json\/wp\/v2\/types\/page"}],"author":[{"embeddable":true,"href":"https:\/\/oberfeldsnowcap.com\/fr\/wp-json\/wp\/v2\/users\/10"}],"replies":[{"embeddable":true,"href":"https:\/\/oberfeldsnowcap.com\/fr\/wp-json\/wp\/v2\/comments?post=37889"}],"version-history":[{"count":0,"href":"https:\/\/oberfeldsnowcap.com\/fr\/wp-json\/wp\/v2\/pages\/37889\/revisions"}],"wp:attachment":[{"href":"https:\/\/oberfeldsnowcap.com\/fr\/wp-json\/wp\/v2\/media?parent=37889"}],"curies":[{"name":"wp","href":"https:\/\/api.w.org\/{rel}","templated":true}]}}