{"id":37887,"date":"2021-04-18T07:10:27","date_gmt":"2021-04-18T11:10:27","guid":{"rendered":"https:\/\/oberfeldstag.wpengine.com\/restructuring-disposition\/"},"modified":"2025-07-11T11:56:30","modified_gmt":"2025-07-11T15:56:30","slug":"restructuring-disposition","status":"publish","type":"page","link":"https:\/\/oberfeldsnowcap.com\/fr\/restructuring-disposition\/","title":{"rendered":"Restructuration et cession"},"content":{"rendered":"<p>[vc_row content_placement=&#8221;middle&#8221; css=&#8221;.vc_custom_1619961829600{background-color: #d1d5bb !important;}&#8221; el_class=&#8221;oberfeld-baner&#8221;][vc_column width=&#8221;1\/2&#8243; css=&#8221;.vc_custom_1618735127039{padding-top: 0px !important;}&#8221;]<div class=\"qodef-elements-holder   qodef-one-column  qodef-responsive-mode-768  \" ><div class=\"qodef-eh-item    \"  data-item-class=\"qodef-eh-custom-4105\" data-1441-1700=\"40px 0 40px 18%\" data-1367-1440=\"40px 0 40px 18%\" data-1025-1366=\"40px 0 40px 107px\" data-769-1024=\"40px 0 40px 146px\" data-681-768=\"40px 0 40px 100px\" data-680=\"40px 0 40px 35px\">\n\t<div class=\"qodef-eh-item-inner\">\n\t\t<div class=\"qodef-eh-item-content qodef-eh-custom-4105\" style=\"padding: 40px 0 40px 25%\">\n\t\t\t[vc_column_text]<\/p>\n<h1 class=\"oberfeld-title\">Services<\/h1>\n<p>[\/vc_column_text][vc_column_text]<\/p>\n<h2 class=\"oberfeld-title-sub oberfeld-title-sub-baner\">RESTRUCTURATION<br \/>\nET CESSION<\/h2>\n<p>[\/vc_column_text]<div class=\"qodef-separator-holder clearfix separatorMy qodef-separator-left \">\n\t<div class=\"qodef-separator\" style=\"border-color: #000000;border-style: solid;width: 100px;border-bottom-width: 2px;margin-top: 30px;margin-bottom: 30px\"><\/div>\n<\/div>\n[vc_column_text]<span class=\"oberfeld-top-block-text\">Travailler ensemble pour trouver<\/span><br \/>\n<span class=\"oberfeld-top-block-text-bold\">la solution<\/span> <span class=\"oberfeld-top-block-text\">qui am\u00e9liorera les r\u00e9sultats.<\/span>[\/vc_column_text]\t\t<\/div>\n\t<\/div>\n<\/div><\/div>[\/vc_column][vc_column width=&#8221;1\/2&#8243; css=&#8221;.vc_custom_1618735136685{padding-top: 0px !important;}&#8221;][vc_single_image image=&#8221;36552&#8243; img_size=&#8221;full&#8221; css_animation=&#8221;none&#8221;][\/vc_column][\/vc_row][vc_row row_content_width=&#8221;grid&#8221; css=&#8221;.vc_custom_1618739650070{padding-top: 120px !important;padding-bottom: 120px !important;}&#8221;][vc_column width=&#8221;1\/2&#8243; el_class=&#8221;custom-stacked-restructuring&#8221;]<div class=\"qodef-stacked-images-holder   qodef-si-position-right\">\n\t<div class=\"qodef-si-images\">\n\t\t\t\t\t<img decoding=\"async\" width=\"602\" height=\"732\" src=\"https:\/\/oberfeldsnowcap.com\/wp-content\/uploads\/2021\/04\/coffee-shop-interior-picture-id1206154013.png\" class=\"qodef-si-first-image\" alt=\"\" srcset=\"https:\/\/oberfeldsnowcap.com\/wp-content\/uploads\/2021\/04\/coffee-shop-interior-picture-id1206154013.png 602w, https:\/\/oberfeldsnowcap.com\/wp-content\/uploads\/2021\/04\/coffee-shop-interior-picture-id1206154013-247x300.png 247w, https:\/\/oberfeldsnowcap.com\/wp-content\/uploads\/2021\/04\/coffee-shop-interior-picture-id1206154013-600x730.png 600w\" sizes=\"(max-width: 602px) 100vw, 602px\" \/>\t\t\t\t\t\t\t<img decoding=\"async\" width=\"551\" height=\"760\" src=\"https:\/\/oberfeldsnowcap.com\/wp-content\/uploads\/2021\/04\/exchanging-ideas-in-the-boardroom-picture-id625741228.png\" class=\"qodef-si-stack-image\" alt=\"\" srcset=\"https:\/\/oberfeldsnowcap.com\/wp-content\/uploads\/2021\/04\/exchanging-ideas-in-the-boardroom-picture-id625741228.png 551w, https:\/\/oberfeldsnowcap.com\/wp-content\/uploads\/2021\/04\/exchanging-ideas-in-the-boardroom-picture-id625741228-218x300.png 218w\" sizes=\"(max-width: 551px) 100vw, 551px\" \/>\t\t\t<\/div>\n<\/div>[\/vc_column][vc_column width=&#8221;1\/2&#8243; css=&#8221;.vc_custom_1618729801244{padding-right: 40px !important;padding-left: 40px !important;}&#8221;][vc_column_text]<\/p>\n<div class=\"qodef-separator\" style=\"border-color: black; width: 40px; float: left; margin-right: 15px;\"><\/div>\n<p class=\"oberfeld-block-title-sub\">Des solutions immobili\u00e8res cibl\u00e9es pour un<\/p>\n<p>[\/vc_column_text][vc_column_text]<\/p>\n<h2 class=\"oberfeld-block-title\">RENDEMENT DE PORTEFEUILLE OPTIMAL<\/h2>\n<p>[\/vc_column_text][vc_column_text el_class=&#8221;oberfeld-text&#8221;]Nous sommes le principal sp\u00e9cialiste au Canada \u00e0 accompagner les d\u00e9taillants \u00e0 g\u00e9rer la restructuration et la cession de biens immobiliers. Nous proposerons des strat\u00e9gies pour d\u00e9bloquer des liquidit\u00e9s, maximiser les possibilit\u00e9s et r\u00e9aliser des \u00e9conomies.[\/vc_column_text][vc_column_text]<\/p>\n<ul>\n<li style=\"list-style-type: none;\">\n<ul>\n<li class=\"point-li\">\n<div class=\"point-grid\">\n<div>\n<p class=\"point\">1<\/p>\n<\/div>\n<div>\n<p>Analyse strat\u00e9gique et recommandations<br \/>\npour optimiser le portefeuille immobilier<\/p>\n<\/div>\n<\/div>\n<\/li>\n<li class=\"point-li\">\n<div class=\"point-grid\">\n<div>\n<p class=\"point\">2<\/p>\n<\/div>\n<div>\n<p>Surveillance constante du march\u00e9 par<br \/>\nnotre \u00e9quipe de n\u00e9gociateurs exp\u00e9riment\u00e9s<\/p>\n<\/div>\n<\/div>\n<\/li>\n<li class=\"point-li\">\n<div class=\"point-grid\">\n<div>\n<p class=\"point\">3<\/p>\n<\/div>\n<div>\n<p>N\u00e9gociation de renouvellements de bail avec<br \/>\nles propri\u00e9taires au nom de nos clients<\/p>\n<\/div>\n<\/div>\n<\/li>\n<li class=\"point-li\">\n<div class=\"point-grid\">\n<div>\n<p class=\"point\">4<\/p>\n<\/div>\n<div>\n<p>Strat\u00e9gies et recommandations<br \/>\nsp\u00e9cifiques au site<\/p>\n<\/div>\n<\/div>\n<\/li>\n<li class=\"point-li\">\n<div class=\"point-grid\">\n<div>\n<p class=\"point\">5<\/p>\n<\/div>\n<div>\n<p>Gestion de tous les aspects de fermeture<br \/>\net de d\u00e9m\u00e9nagement de magasins<\/p>\n<\/div>\n<\/div>\n<\/li>\n<li class=\"point-li\">\n<div class=\"point-grid\">\n<div>\n<p class=\"point\">6<\/p>\n<\/div>\n<div>\n<p>Rapports complets et analyses financi\u00e8res<br \/>\ntout au long du processus<\/p>\n<\/div>\n<\/div>\n<\/li>\n<\/ul>\n<\/li>\n<\/ul>\n<p>[\/vc_column_text][\/vc_column][\/vc_row][vc_row row_content_width=&#8221;grid&#8221; css=&#8221;.vc_custom_1618740476264{padding-bottom: 120px !important;}&#8221;][vc_column][vc_column_text]<\/p>\n<div class=\"qodef-separator\" style=\"border-color: black; width: 40px; float: left; margin-right: 15px;\"><\/div>\n<p class=\"oberfeld-block-title-sub\">Quelques exemples de<\/p>\n<p>[\/vc_column_text][vc_column_text]<\/p>\n<h2 class=\"oberfeld-block-title\">PROJETS DE RESTRUCTURATION<\/h2>\n<p>[\/vc_column_text][vc_raw_html]JTVCY2xpZW50X2xpc3QlMjBwYWdlJTNEJTI3cmVzdHJ1Y3R1cmluZy1kaXNwb3NpdGlvbiUyNyU1RA==[\/vc_raw_html][vc_column_text el_class=&#8221;read-more&#8221;]<a href=\"\/fr\/all-clients\/\">Voir tous nos clients<\/a>[\/vc_column_text][\/vc_column][\/vc_row][vc_row row_content_width=&#8221;grid&#8221; css=&#8221;.vc_custom_1618741766528{padding-top: 90px !important;padding-bottom: 90px !important;background-color: #d1d5bb !important;}&#8221; simple_background_color=&#8221;#d1d5bb&#8221;][vc_column][vc_column_text]<\/p>\n<div class=\"qodef-separator\" style=\"border-color: black; width: 40px; float: left; margin-right: 15px;\"><\/div>\n<p class=\"oberfeld-block-title-sub\">Services d\u2019Oberfeld Snowcap<\/p>\n<p>[\/vc_column_text]<div class=\"qodef-section-title-holder  \" >\n\t<div class=\"qodef-st-inner\">\n\t\t\t\t\t<h1 class=\"qodef-st-title\" >\n\t\t\t\tD\u00c9COUVRIR NOS AUTRES SERVICES\t\t\t<\/h1>\n\t\t\n\t\t\n\t\t<div class=\"qodef-separator-holder clearfix   \">\n\t<div class=\"qodef-separator\" style=\"width: 40px;border-bottom-width: 1px\"><\/div>\n<\/div>\n\n\t\t\t\t\t<\/div>\n<\/div>[vc_row_inner gap=&#8221;20&#8243; el_class=&#8221;service-page&#8221;][vc_column_inner width=&#8221;1\/3&#8243;]<div class=\"qodef-section-title-holder  \" >\n\t<div class=\"qodef-st-inner\">\n\t\t\t\t\t<h5 class=\"qodef-st-title\" >\n\t\t\t\tSP\u00c9CIALISTES DU COMMERCE DE D\u00c9TAIL\t\t\t<\/h5>\n\t\t\n\t\t\n\t\t<div class=\"qodef-separator-holder clearfix   \">\n\t<div class=\"qodef-separator\" style=\"width: 40px;border-bottom-width: 1px\"><\/div>\n<\/div>\n\n\t\t\t\t\t<\/div>\n<\/div>[vc_column_text el_class=&#8221;read-more&#8221;]<a href=\"\/fr\/tenant-representation\/\">Lire plus sur la repr\u00e9sentation des locataires<\/a>[\/vc_column_text][\/vc_column_inner][vc_column_inner width=&#8221;1\/3&#8243;]<div class=\"qodef-section-title-holder  \" >\n\t<div class=\"qodef-st-inner\">\n\t\t\t\t\t<h5 class=\"qodef-st-title\" >\n\t\t\t\tRESTRUCTURATION ET CESSION\t\t\t<\/h5>\n\t\t\n\t\t\n\t\t<div class=\"qodef-separator-holder clearfix   \">\n\t<div class=\"qodef-separator\" style=\"width: 40px;border-bottom-width: 1px\"><\/div>\n<\/div>\n\n\t\t\t\t\t<\/div>\n<\/div>[vc_column_text el_class=&#8221;read-more&#8221;]<a href=\"\/fr\/restructuring-disposition\/\">Lire plus<\/a>[\/vc_column_text][\/vc_column_inner][vc_column_inner width=&#8221;1\/3&#8243;]<div class=\"qodef-section-title-holder  \" >\n\t<div class=\"qodef-st-inner\">\n\t\t\t\t\t<h5 class=\"qodef-st-title\" >\n\t\t\t\tANALYSE DU MARCH\u00c9\t\t\t<\/h5>\n\t\t\n\t\t\n\t\t<div class=\"qodef-separator-holder clearfix   \">\n\t<div class=\"qodef-separator\" style=\"width: 40px;border-bottom-width: 1px\"><\/div>\n<\/div>\n\n\t\t\t\t\t<\/div>\n<\/div>[vc_column_text el_class=&#8221;read-more&#8221;]<a href=\"\/fr\/market-analytics\/\">Lire plus<\/a>[\/vc_column_text][\/vc_column_inner][\/vc_row_inner][vc_row_inner css=&#8221;.vc_custom_1619637168092{margin-top: 50px !important;}&#8221;][vc_column_inner]<a itemprop=\"url\" href=\"#\" target=\"_self\"  class=\"qodef-btn qodef-btn-medium qodef-btn-solid download-brochure-button-service qodef-btn-custom-border-hover qodef-btn-custom-hover-bg\"  >\n\t\t<span class=\"qodef-btn-svg\">\n\t\t<svg x=\"0px\" y=\"0px\" viewBox=\"0 0 5.5 10.1\" enable-background=\"new 0 0 5.5 10.1\" >\n\t\t\t\t<path fill=\"#BBBBBB\" d=\"M1.3,5.5L1.2,5.2C2.1,4.5,2.7,4.1,3,3.9c0.3-0.2,0.6-0.2,0.7-0.2c0.1,0,0.2,0,0.3,0.1S4.1,4,4.1,4.2\n\t\t\t\t\tc0,0.3-0.1,0.8-0.4,1.7L3.5,6.5c-0.3,1-0.4,1.6-0.4,1.9c0,0.1,0.1,0.2,0.2,0.2c0.1,0,0.4-0.2,1-0.6l0.2,0.3L3.2,9.1\n\t\t\t\t\tC2.8,9.3,2.6,9.4,2.4,9.5c-0.1,0-0.2,0.1-0.3,0.1c-0.1,0-0.3,0-0.3-0.1C1.7,9.3,1.7,9.2,1.7,8.9c0-0.3,0.1-0.7,0.2-1.1l0.4-1.4\n\t\t\t\t\tC2.4,5.7,2.5,5.3,2.5,5c0-0.1,0-0.2-0.1-0.2c-0.1,0-0.2,0-0.3,0.1C1.8,5.1,1.5,5.3,1.3,5.5z M3.2,2c0-0.3,0.1-0.5,0.2-0.7\n\t\t\t\t\tS3.8,1,4,1c0.2,0,0.3,0.1,0.5,0.2s0.2,0.3,0.2,0.5c0,0.3-0.1,0.5-0.2,0.7C4.3,2.5,4.1,2.6,3.8,2.6c-0.2,0-0.4-0.1-0.5-0.2\n\t\t\t\t\tC3.2,2.3,3.2,2.1,3.2,2z\"\/>\n\t\t<\/svg>\n\t<\/span>\n\t<span class=\"qodef-btn-text\">T\u00e9l\u00e9charger notre brochure<\/span>\n<\/a>[\/vc_column_inner][\/vc_row_inner][\/vc_column][\/vc_row]<\/p>\n","protected":false},"excerpt":{"rendered":"<p>[vc_row content_placement=&#8221;middle&#8221; css=&#8221;.vc_custom_1619961829600{background-color: #d1d5bb !important;}&#8221; el_class=&#8221;oberfeld-baner&#8221;][vc_column width=&#8221;1\/2&#8243; css=&#8221;.vc_custom_1618735127039{padding-top: 0px !important;}&#8221;][\/vc_column][vc_column width=&#8221;1\/2&#8243; css=&#8221;.vc_custom_1618735136685{padding-top: 0px !important;}&#8221;][vc_single_image image=&#8221;36552&#8243; img_size=&#8221;full&#8221; css_animation=&#8221;none&#8221;][\/vc_column][\/vc_row][vc_row row_content_width=&#8221;grid&#8221; css=&#8221;.vc_custom_1618739650070{padding-top: 120px !important;padding-bottom: 120px !important;}&#8221;][vc_column width=&#8221;1\/2&#8243; el_class=&#8221;custom-stacked-restructuring&#8221;][\/vc_column][vc_column width=&#8221;1\/2&#8243; css=&#8221;.vc_custom_1618729801244{padding-right: 40px !important;padding-left: 40px !important;}&#8221;][vc_column_text] Des solutions immobili\u00e8res cibl\u00e9es pour un [\/vc_column_text][vc_column_text] RENDEMENT DE [&hellip;]<\/p>\n","protected":false},"author":10,"featured_media":0,"parent":0,"menu_order":0,"comment_status":"closed","ping_status":"closed","template":"full-width.php","meta":{"_acf_changed":false,"om_disable_all_campaigns":false,"_monsterinsights_skip_tracking":false,"_monsterinsights_sitenote_active":false,"_monsterinsights_sitenote_note":"","_monsterinsights_sitenote_category":0,"footnotes":""},"class_list":["post-37887","page","type-page","status-publish","hentry"],"acf":[],"yoast_head":"<!-- This site is optimized with the Yoast SEO Premium plugin v27.0 (Yoast SEO v27.3) - https:\/\/yoast.com\/product\/yoast-seo-premium-wordpress\/ -->\n<title>Restructuration et cession - Oberfeld Snowcap<\/title>\n<meta name=\"robots\" content=\"noindex, follow, max-snippet:-1, max-image-preview:large, max-video-preview:-1\" \/>\n<meta property=\"og:locale\" content=\"fr_FR\" \/>\n<meta property=\"og:type\" content=\"article\" \/>\n<meta property=\"og:title\" content=\"Restructuration et cession\" \/>\n<meta property=\"og:description\" content=\"[vc_row content_placement=&#8221;middle&#8221; css=&#8221;.vc_custom_1619961829600{background-color: #d1d5bb !important;}&#8221; el_class=&#8221;oberfeld-baner&#8221;][vc_column width=&#8221;1\/2&#8243; css=&#8221;.vc_custom_1618735127039{padding-top: 0px !important;}&#8221;][\/vc_column][vc_column width=&#8221;1\/2&#8243; css=&#8221;.vc_custom_1618735136685{padding-top: 0px !important;}&#8221;][vc_single_image image=&#8221;36552&#8243; img_size=&#8221;full&#8221; css_animation=&#8221;none&#8221;][\/vc_column][\/vc_row][vc_row row_content_width=&#8221;grid&#8221; css=&#8221;.vc_custom_1618739650070{padding-top: 120px !important;padding-bottom: 120px !important;}&#8221;][vc_column width=&#8221;1\/2&#8243; el_class=&#8221;custom-stacked-restructuring&#8221;][\/vc_column][vc_column width=&#8221;1\/2&#8243; css=&#8221;.vc_custom_1618729801244{padding-right: 40px !important;padding-left: 40px !important;}&#8221;][vc_column_text] Des solutions immobili\u00e8res cibl\u00e9es pour un [\/vc_column_text][vc_column_text] RENDEMENT DE [&hellip;]\" \/>\n<meta property=\"og:url\" content=\"https:\/\/oberfeldsnowcap.com\/fr\/restructuring-disposition\/\" \/>\n<meta property=\"og:site_name\" content=\"Oberfeld Snowcap\" \/>\n<meta property=\"article:modified_time\" content=\"2025-07-11T15:56:30+00:00\" \/>\n<meta name=\"twitter:label1\" content=\"Est. reading time\" \/>\n\t<meta name=\"twitter:data1\" content=\"2 minutes\" \/>\n<script type=\"application\/ld+json\" class=\"yoast-schema-graph\">{\"@context\":\"https:\\\/\\\/schema.org\",\"@graph\":[{\"@type\":\"WebPage\",\"@id\":\"https:\\\/\\\/oberfeldsnowcap.com\\\/fr\\\/restructuring-disposition\\\/\",\"url\":\"https:\\\/\\\/oberfeldsnowcap.com\\\/fr\\\/restructuring-disposition\\\/\",\"name\":\"Restructuration et cession - Oberfeld Snowcap\",\"isPartOf\":{\"@id\":\"https:\\\/\\\/oberfeldsnowcap.com\\\/#website\"},\"datePublished\":\"2021-04-18T11:10:27+00:00\",\"dateModified\":\"2025-07-11T15:56:30+00:00\",\"breadcrumb\":{\"@id\":\"https:\\\/\\\/oberfeldsnowcap.com\\\/fr\\\/restructuring-disposition\\\/#breadcrumb\"},\"inLanguage\":\"fr-FR\",\"potentialAction\":[{\"@type\":\"ReadAction\",\"target\":[\"https:\\\/\\\/oberfeldsnowcap.com\\\/fr\\\/restructuring-disposition\\\/\"]}]},{\"@type\":\"BreadcrumbList\",\"@id\":\"https:\\\/\\\/oberfeldsnowcap.com\\\/fr\\\/restructuring-disposition\\\/#breadcrumb\",\"itemListElement\":[{\"@type\":\"ListItem\",\"position\":1,\"name\":\"Home\",\"item\":\"https:\\\/\\\/oberfeldsnowcap.com\\\/fr\\\/\"},{\"@type\":\"ListItem\",\"position\":2,\"name\":\"Restructuration et cession\"}]},{\"@type\":\"WebSite\",\"@id\":\"https:\\\/\\\/oberfeldsnowcap.com\\\/#website\",\"url\":\"https:\\\/\\\/oberfeldsnowcap.com\\\/\",\"name\":\"Oberfeld Snowcap\",\"description\":\"Commercial Real Estate &amp; Retail Advisory Services\",\"publisher\":{\"@id\":\"https:\\\/\\\/oberfeldsnowcap.com\\\/#organization\"},\"potentialAction\":[{\"@type\":\"SearchAction\",\"target\":{\"@type\":\"EntryPoint\",\"urlTemplate\":\"https:\\\/\\\/oberfeldsnowcap.com\\\/?s={search_term_string}\"},\"query-input\":{\"@type\":\"PropertyValueSpecification\",\"valueRequired\":true,\"valueName\":\"search_term_string\"}}],\"inLanguage\":\"fr-FR\"},{\"@type\":\"Organization\",\"@id\":\"https:\\\/\\\/oberfeldsnowcap.com\\\/#organization\",\"name\":\"OberfeldSnowcap\",\"url\":\"https:\\\/\\\/oberfeldsnowcap.com\\\/\",\"logo\":{\"@type\":\"ImageObject\",\"inLanguage\":\"fr-FR\",\"@id\":\"https:\\\/\\\/oberfeldsnowcap.com\\\/#\\\/schema\\\/logo\\\/image\\\/\",\"url\":\"https:\\\/\\\/oberfeldsnowcap.com\\\/wp-content\\\/uploads\\\/2021\\\/11\\\/2021_OS_BlackLine.png\",\"contentUrl\":\"https:\\\/\\\/oberfeldsnowcap.com\\\/wp-content\\\/uploads\\\/2021\\\/11\\\/2021_OS_BlackLine.png\",\"width\":792,\"height\":119,\"caption\":\"OberfeldSnowcap\"},\"image\":{\"@id\":\"https:\\\/\\\/oberfeldsnowcap.com\\\/#\\\/schema\\\/logo\\\/image\\\/\"},\"sameAs\":[\"https:\\\/\\\/x.com\\\/OberfeldSnowcap\",\"https:\\\/\\\/www.linkedin.com\\\/company\\\/130196?trk=tyah&amp;amp;trkInfo=clickedVertical:company,clickedEntityId:130196,idx:2-1-8,tarId:1468512726540,tas:oberfeld\"]}]}<\/script>\n<!-- \/ Yoast SEO Premium plugin. -->","yoast_head_json":{"title":"Restructuration et cession - Oberfeld Snowcap","robots":{"index":"noindex","follow":"follow","max-snippet":"max-snippet:-1","max-image-preview":"max-image-preview:large","max-video-preview":"max-video-preview:-1"},"og_locale":"fr_FR","og_type":"article","og_title":"Restructuration et cession","og_description":"[vc_row content_placement=&#8221;middle&#8221; css=&#8221;.vc_custom_1619961829600{background-color: #d1d5bb !important;}&#8221; el_class=&#8221;oberfeld-baner&#8221;][vc_column width=&#8221;1\/2&#8243; css=&#8221;.vc_custom_1618735127039{padding-top: 0px !important;}&#8221;][\/vc_column][vc_column width=&#8221;1\/2&#8243; css=&#8221;.vc_custom_1618735136685{padding-top: 0px !important;}&#8221;][vc_single_image image=&#8221;36552&#8243; img_size=&#8221;full&#8221; css_animation=&#8221;none&#8221;][\/vc_column][\/vc_row][vc_row row_content_width=&#8221;grid&#8221; css=&#8221;.vc_custom_1618739650070{padding-top: 120px !important;padding-bottom: 120px !important;}&#8221;][vc_column width=&#8221;1\/2&#8243; el_class=&#8221;custom-stacked-restructuring&#8221;][\/vc_column][vc_column width=&#8221;1\/2&#8243; css=&#8221;.vc_custom_1618729801244{padding-right: 40px !important;padding-left: 40px !important;}&#8221;][vc_column_text] Des solutions immobili\u00e8res cibl\u00e9es pour un [\/vc_column_text][vc_column_text] RENDEMENT DE [&hellip;]","og_url":"https:\/\/oberfeldsnowcap.com\/fr\/restructuring-disposition\/","og_site_name":"Oberfeld Snowcap","article_modified_time":"2025-07-11T15:56:30+00:00","twitter_misc":{"Est. reading time":"2 minutes"},"schema":{"@context":"https:\/\/schema.org","@graph":[{"@type":"WebPage","@id":"https:\/\/oberfeldsnowcap.com\/fr\/restructuring-disposition\/","url":"https:\/\/oberfeldsnowcap.com\/fr\/restructuring-disposition\/","name":"Restructuration et cession - Oberfeld Snowcap","isPartOf":{"@id":"https:\/\/oberfeldsnowcap.com\/#website"},"datePublished":"2021-04-18T11:10:27+00:00","dateModified":"2025-07-11T15:56:30+00:00","breadcrumb":{"@id":"https:\/\/oberfeldsnowcap.com\/fr\/restructuring-disposition\/#breadcrumb"},"inLanguage":"fr-FR","potentialAction":[{"@type":"ReadAction","target":["https:\/\/oberfeldsnowcap.com\/fr\/restructuring-disposition\/"]}]},{"@type":"BreadcrumbList","@id":"https:\/\/oberfeldsnowcap.com\/fr\/restructuring-disposition\/#breadcrumb","itemListElement":[{"@type":"ListItem","position":1,"name":"Home","item":"https:\/\/oberfeldsnowcap.com\/fr\/"},{"@type":"ListItem","position":2,"name":"Restructuration et cession"}]},{"@type":"WebSite","@id":"https:\/\/oberfeldsnowcap.com\/#website","url":"https:\/\/oberfeldsnowcap.com\/","name":"Oberfeld Snowcap","description":"Commercial Real Estate &amp; Retail Advisory Services","publisher":{"@id":"https:\/\/oberfeldsnowcap.com\/#organization"},"potentialAction":[{"@type":"SearchAction","target":{"@type":"EntryPoint","urlTemplate":"https:\/\/oberfeldsnowcap.com\/?s={search_term_string}"},"query-input":{"@type":"PropertyValueSpecification","valueRequired":true,"valueName":"search_term_string"}}],"inLanguage":"fr-FR"},{"@type":"Organization","@id":"https:\/\/oberfeldsnowcap.com\/#organization","name":"OberfeldSnowcap","url":"https:\/\/oberfeldsnowcap.com\/","logo":{"@type":"ImageObject","inLanguage":"fr-FR","@id":"https:\/\/oberfeldsnowcap.com\/#\/schema\/logo\/image\/","url":"https:\/\/oberfeldsnowcap.com\/wp-content\/uploads\/2021\/11\/2021_OS_BlackLine.png","contentUrl":"https:\/\/oberfeldsnowcap.com\/wp-content\/uploads\/2021\/11\/2021_OS_BlackLine.png","width":792,"height":119,"caption":"OberfeldSnowcap"},"image":{"@id":"https:\/\/oberfeldsnowcap.com\/#\/schema\/logo\/image\/"},"sameAs":["https:\/\/x.com\/OberfeldSnowcap","https:\/\/www.linkedin.com\/company\/130196?trk=tyah&amp;amp;trkInfo=clickedVertical:company,clickedEntityId:130196,idx:2-1-8,tarId:1468512726540,tas:oberfeld"]}]}},"_links":{"self":[{"href":"https:\/\/oberfeldsnowcap.com\/fr\/wp-json\/wp\/v2\/pages\/37887","targetHints":{"allow":["GET"]}}],"collection":[{"href":"https:\/\/oberfeldsnowcap.com\/fr\/wp-json\/wp\/v2\/pages"}],"about":[{"href":"https:\/\/oberfeldsnowcap.com\/fr\/wp-json\/wp\/v2\/types\/page"}],"author":[{"embeddable":true,"href":"https:\/\/oberfeldsnowcap.com\/fr\/wp-json\/wp\/v2\/users\/10"}],"replies":[{"embeddable":true,"href":"https:\/\/oberfeldsnowcap.com\/fr\/wp-json\/wp\/v2\/comments?post=37887"}],"version-history":[{"count":0,"href":"https:\/\/oberfeldsnowcap.com\/fr\/wp-json\/wp\/v2\/pages\/37887\/revisions"}],"wp:attachment":[{"href":"https:\/\/oberfeldsnowcap.com\/fr\/wp-json\/wp\/v2\/media?parent=37887"}],"curies":[{"name":"wp","href":"https:\/\/api.w.org\/{rel}","templated":true}]}}