{"id":37880,"date":"2021-04-18T05:45:10","date_gmt":"2021-04-18T09:45:10","guid":{"rendered":"https:\/\/oberfeldstag.wpengine.com\/tenant-representation\/"},"modified":"2021-05-26T12:41:07","modified_gmt":"2021-05-26T16:41:07","slug":"tenant-representation","status":"publish","type":"page","link":"https:\/\/oberfeldsnowcap.com\/fr\/tenant-representation\/","title":{"rendered":"Repr\u00e9sentation des locataires"},"content":{"rendered":"<p>[vc_row content_placement=&#8221;middle&#8221; css=&#8221;.vc_custom_1619961810724{background-color: #d1d5bb !important;}&#8221; el_class=&#8221;oberfeld-baner&#8221;][vc_column width=&#8221;1\/2&#8243; css=&#8221;.vc_custom_1618735127039{padding-top: 0px !important;}&#8221;]<div class=\"qodef-elements-holder   qodef-one-column  qodef-responsive-mode-768  \" ><div class=\"qodef-eh-item    \"  data-item-class=\"qodef-eh-custom-4005\" data-1441-1700=\"40px 0 40px 18%\" data-1367-1440=\"40px 0 40px 18%\" data-1025-1366=\"40px 0 40px 107px\" data-769-1024=\"40px 0 40px 146px\" data-681-768=\"40px 0 40px 100px\" data-680=\"40px 0 40px 35px\">\n\t<div class=\"qodef-eh-item-inner\">\n\t\t<div class=\"qodef-eh-item-content qodef-eh-custom-4005\" style=\"padding: 40px 0 40px 25%\">\n\t\t\t[vc_column_text]<\/p>\n<h1 class=\"oberfeld-title\">Services<\/h1>\n<p>[\/vc_column_text][vc_column_text]<\/p>\n<h2 class=\"oberfeld-title-sub oberfeld-title-sub-baner\">REPR\u00c9SENTATION<br \/>\nDES LOCATAIRES<\/h2>\n<p>[\/vc_column_text]<div class=\"qodef-separator-holder clearfix separatorMy qodef-separator-left \">\n\t<div class=\"qodef-separator\" style=\"border-color: #000000;border-style: solid;width: 100px;border-bottom-width: 2px;margin-top: 30px;margin-bottom: 30px\"><\/div>\n<\/div>\n[vc_column_text]<span class=\"oberfeld-top-block-text\">Trouver <\/span><span class=\"oberfeld-top-block-text-bold\">l\u2019emplacement <\/span> <span class=\"oberfeld-top-block-text\">qui permet<\/span><br \/>\n<span class=\"oberfeld-top-block-text\">aux marques de prosp\u00e9rer.<\/span><br \/>\n[\/vc_column_text]\t\t<\/div>\n\t<\/div>\n<\/div><\/div>[\/vc_column][vc_column width=&#8221;1\/2&#8243; css=&#8221;.vc_custom_1618735136685{padding-top: 0px !important;}&#8221;][vc_single_image image=&#8221;36523&#8243; img_size=&#8221;full&#8221; css_animation=&#8221;none&#8221;][\/vc_column][\/vc_row][vc_row row_content_width=&#8221;grid&#8221; css=&#8221;.vc_custom_1621783605576{padding-top: 60px !important;padding-bottom: 120px !important;}&#8221;][vc_column width=&#8221;1\/2&#8243; el_class=&#8221;custom-stacked-tenant&#8221; css=&#8221;.vc_custom_1621360187145{padding-top: 60px !important;}&#8221;]<div class=\"qodef-stacked-images-holder   qodef-si-position-right\">\n\t<div class=\"qodef-si-images\">\n\t\t\t\t\t<img decoding=\"async\" width=\"696\" height=\"616\" src=\"https:\/\/oberfeldsnowcap.com\/wp-content\/uploads\/2021\/04\/jorge-fernandez-salas-8O4NbjuPSXo-unsplash.png\" class=\"qodef-si-first-image\" alt=\"\" srcset=\"https:\/\/oberfeldsnowcap.com\/wp-content\/uploads\/2021\/04\/jorge-fernandez-salas-8O4NbjuPSXo-unsplash.png 696w, https:\/\/oberfeldsnowcap.com\/wp-content\/uploads\/2021\/04\/jorge-fernandez-salas-8O4NbjuPSXo-unsplash-300x266.png 300w, https:\/\/oberfeldsnowcap.com\/wp-content\/uploads\/2021\/04\/jorge-fernandez-salas-8O4NbjuPSXo-unsplash-600x531.png 600w\" sizes=\"(max-width: 696px) 100vw, 696px\" \/>\t\t\t\t\t\t\t<img decoding=\"async\" width=\"551\" height=\"697\" src=\"https:\/\/oberfeldsnowcap.com\/wp-content\/uploads\/2021\/04\/Mask-Group-68.png\" class=\"qodef-si-stack-image\" alt=\"\" srcset=\"https:\/\/oberfeldsnowcap.com\/wp-content\/uploads\/2021\/04\/Mask-Group-68.png 551w, https:\/\/oberfeldsnowcap.com\/wp-content\/uploads\/2021\/04\/Mask-Group-68-237x300.png 237w\" sizes=\"(max-width: 551px) 100vw, 551px\" \/>\t\t\t<\/div>\n<\/div>[\/vc_column][vc_column width=&#8221;1\/2&#8243; css=&#8221;.vc_custom_1621360194189{padding-top: 60px !important;padding-right: 40px !important;padding-left: 40px !important;}&#8221;][vc_column_text]<\/p>\n<div class=\"qodef-separator\" style=\"border-color: black; width: 40px; float: left; margin-right: 15px;\"><\/div>\n<p class=\"oberfeld-block-title-sub\">Location &amp; services-conseils<\/p>\n<p>[\/vc_column_text][vc_column_text]<\/p>\n<h2 class=\"oberfeld-block-title\">SERVICES PERSONNALIS\u00c9S<\/h2>\n<p>[\/vc_column_text][vc_column_text el_class=&#8221;oberfeld-text&#8221;]L\u2019endroit qui permet \u00e0 une marque de prosp\u00e9rer et de cro\u00eetre est unique pour chaque entreprise. Les clients, petits et grands, de tous les segments du commerce de d\u00e9tail peuvent tirer parti de notre connaissance approfondie du march\u00e9 et de notre r\u00e9seau d\u2019emplacements, ainsi que de pr\u00e9cieux renseignements qui faciliteront leur r\u00e9ussite commerciale.[\/vc_column_text][vc_column_text]<\/p>\n<ul>\n<li class=\"point-li\">\n<div class=\"point-grid\">\n<div>\n<p class=\"point\">1<\/p>\n<\/div>\n<div>\n<p>Planification strat\u00e9gique<\/p>\n<\/div>\n<\/div>\n<\/li>\n<li class=\"point-li\">\n<div class=\"point-grid\">\n<div>\n<p class=\"point\">2<\/p>\n<\/div>\n<div>\n<p>Choix d\u2019emplacements<\/p>\n<\/div>\n<\/div>\n<\/li>\n<li class=\"point-li\">\n<div class=\"point-grid\">\n<div>\n<p class=\"point\">3<\/p>\n<\/div>\n<div>\n<p>Analyse de march\u00e9 d\u00e9taill\u00e9e<\/p>\n<\/div>\n<\/div>\n<\/li>\n<li class=\"point-li\">\n<div class=\"point-grid\">\n<div>\n<p class=\"point\">4<\/p>\n<\/div>\n<div>\n<p>Strat\u00e9gies de p\u00e9n\u00e9tration du march\u00e9<\/p>\n<\/div>\n<\/div>\n<\/li>\n<li class=\"point-li\">\n<div class=\"point-grid\">\n<div>\n<p class=\"point\">5<\/p>\n<\/div>\n<div>\n<p>N\u00e9gociation des modalit\u00e9s de bail<\/p>\n<\/div>\n<\/div>\n<\/li>\n<\/ul>\n<p>[\/vc_column_text][\/vc_column][\/vc_row][vc_row row_content_width=&#8221;grid&#8221; css=&#8221;.vc_custom_1620753380426{padding-bottom: 120px !important;}&#8221;][vc_column][vc_column_text]<\/p>\n<div class=\"qodef-separator\" style=\"border-color: black; width: 40px; float: left; margin-right: 15px;\"><\/div>\n<p class=\"oberfeld-block-title-sub\">Nous repr\u00e9sentons un vaste \u00e9ventail de clients<\/p>\n<p>[\/vc_column_text][vc_column_text]<\/p>\n<h2 class=\"oberfeld-block-title\">DES JEUNES ENTREPRISES AUX MARQUES LOCALES ET INTERNATIONALES<\/h2>\n<p>[\/vc_column_text][vc_raw_html]JTVCY2xpZW50X2xpc3QlMjBwYWdlJTNEJTI3dGVuYW50LXJlcHJlc2VudGF0aW9uJTI3JTVE[\/vc_raw_html][vc_column_text el_class=&#8221;read-more&#8221;]<a href=\"https:\/\/oberfeldsnowcap.com\/fr\/all-clients\/\">Voir tous les clients<\/a>[\/vc_column_text][\/vc_column][\/vc_row][vc_row row_content_width=&#8221;grid&#8221;][vc_column][vc_column_text]<\/p>\n<div class=\"qodef-separator\" style=\"border-color: black; width: 40px; float: left; margin-right: 15px;\"><\/div>\n<p class=\"oberfeld-block-title-sub\">Trouver le bon emplacement pour chaque marque<\/p>\n<p>[\/vc_column_text][vc_column_text]<\/p>\n<h2 class=\"oberfeld-block-title\">DE LA FA\u00c7ADE SUR RUE AU CENTRE COMMERCIAL<\/h2>\n<p>[\/vc_column_text][vc_column_text el_class=&#8221;oberfeld-text&#8221;]L\u2019immobilier commercial est en constante \u00e9volution, notamment gr\u00e2ce \u00e0 l\u2019essor<br \/>\ndu commerce \u00e9lectronique et au d\u00e9placement des consommateurs des centres urbains<br \/>\nvers les banlieues. Nous aidons les d\u00e9taillants \u00e0 se frayer un chemin dans<br \/>\nun environnement en pleine \u00e9volution et \u00e0 trouver la bonne strat\u00e9gie<br \/>\nde localisation pour attirer leur client\u00e8le id\u00e9ale.[\/vc_column_text][\/vc_column][\/vc_row][vc_row row_content_width=&#8221;grid&#8221; css=&#8221;.vc_custom_1618743655484{padding-bottom: 120px !important;}&#8221;][vc_column width=&#8221;2\/4&#8243; css=&#8221;.vc_custom_1621360286458{padding-top: 70px !important;}&#8221;][vc_single_image image=&#8221;36529&#8243; img_size=&#8221;full&#8221; el_class=&#8221;max-height293&#8243;][\/vc_column][vc_column width=&#8221;1\/4&#8243; css=&#8221;.vc_custom_1621360292037{padding-top: 70px !important;}&#8221;][vc_single_image image=&#8221;36531&#8243; img_size=&#8221;full&#8221;][\/vc_column][vc_column width=&#8221;1\/4&#8243; css=&#8221;.vc_custom_1621360297997{padding-top: 70px !important;}&#8221;][vc_single_image image=&#8221;36533&#8243; img_size=&#8221;full&#8221;][\/vc_column][\/vc_row][vc_row row_content_width=&#8221;grid&#8221; css=&#8221;.vc_custom_1618946370097{padding-top: 90px !important;padding-bottom: 90px !important;background-color: #d1d5bb !important;}&#8221; simple_background_color=&#8221;#d1d5bb&#8221;][vc_column][vc_column_text]<\/p>\n<div class=\"qodef-separator\" style=\"border-color: black; width: 40px; float: left; margin-right: 15px;\"><\/div>\n<p class=\"oberfeld-block-title-sub\">Services d&#8217;Oberfeld Snowcap<\/p>\n<p>[\/vc_column_text]<div class=\"qodef-section-title-holder  \" >\n\t<div class=\"qodef-st-inner\">\n\t\t\t\t\t<h1 class=\"qodef-st-title\" >\n\t\t\t\tEXPLORER NOS AUTRES SERVICES\t\t\t<\/h1>\n\t\t\n\t\t\n\t\t<div class=\"qodef-separator-holder clearfix   \">\n\t<div class=\"qodef-separator\" style=\"width: 40px;border-bottom-width: 1px\"><\/div>\n<\/div>\n\n\t\t\t\t\t<\/div>\n<\/div>[vc_row_inner gap=&#8221;20&#8243; el_class=&#8221;service-page&#8221;][vc_column_inner width=&#8221;1\/3&#8243;][vc_column_text css=&#8221;.vc_custom_1621966740137{padding-bottom: 5px !important;}&#8221;]<\/p>\n<h6 style=\"font-family: 'Playfair Display'; text-transform: capitalize;\"><em>Exploration O\/S<\/em><\/h6>\n<p>[\/vc_column_text]<div class=\"qodef-section-title-holder  \" >\n\t<div class=\"qodef-st-inner\">\n\t\t\t\t\t<h5 class=\"qodef-st-title\" >\n\t\t\t\tSp\u00e9cialistes du commerce de d\u00e9tail\t\t\t<\/h5>\n\t\t\n\t\t\n\t\t<div class=\"qodef-separator-holder clearfix   \">\n\t<div class=\"qodef-separator\" style=\"width: 40px;border-bottom-width: 1px\"><\/div>\n<\/div>\n\n\t\t\t\t\t<\/div>\n<\/div>[vc_column_text el_class=&#8221;read-more&#8221;]<a href=\"https:\/\/oberfeldsnowcap.com\/fr\/landlord-representation\/\">Lire plus sur la repr\u00e9sentation des propri\u00e9taires<\/a>[\/vc_column_text][\/vc_column_inner][vc_column_inner width=&#8221;1\/3&#8243;][vc_column_text css=&#8221;.vc_custom_1621966820226{padding-bottom: 5px !important;}&#8221;]<\/p>\n<h6 style=\"font-family: 'Playfair Display'; text-transform: capitalize;\"><em>Avantage O\/S<\/em><\/h6>\n<p>[\/vc_column_text]<div class=\"qodef-section-title-holder  \" >\n\t<div class=\"qodef-st-inner\">\n\t\t\t\t\t<h5 class=\"qodef-st-title\" >\n\t\t\t\tRestructuration et cession\t\t\t<\/h5>\n\t\t\n\t\t\n\t\t<div class=\"qodef-separator-holder clearfix   \">\n\t<div class=\"qodef-separator\" style=\"width: 40px;border-bottom-width: 1px\"><\/div>\n<\/div>\n\n\t\t\t\t\t<\/div>\n<\/div>[vc_column_text el_class=&#8221;read-more&#8221;]<a href=\"https:\/\/oberfeldsnowcap.com\/fr\/restructuring-disposition\/\">Lire plus<\/a>[\/vc_column_text][\/vc_column_inner][vc_column_inner width=&#8221;1\/3&#8243;][vc_column_text css=&#8221;.vc_custom_1621966931771{padding-bottom: 5px !important;}&#8221;]<\/p>\n<h6 style=\"font-family: 'Playfair Display'; text-transform: capitalize;\"><em>Connexion O\/S<\/em><\/h6>\n<p>[\/vc_column_text]<div class=\"qodef-section-title-holder  \" >\n\t<div class=\"qodef-st-inner\">\n\t\t\t\t\t<h5 class=\"qodef-st-title\" >\n\t\t\t\tAnalyse du march\u00e9\t\t\t<\/h5>\n\t\t\n\t\t\n\t\t<div class=\"qodef-separator-holder clearfix   \">\n\t<div class=\"qodef-separator\" style=\"width: 40px;border-bottom-width: 1px\"><\/div>\n<\/div>\n\n\t\t\t\t\t<\/div>\n<\/div>[vc_column_text el_class=&#8221;read-more&#8221;]<a href=\"https:\/\/oberfeldsnowcap.com\/fr\/market-analytics\/\">Lire plus<\/a>[\/vc_column_text][\/vc_column_inner][\/vc_row_inner][vc_row_inner css=&#8221;.vc_custom_1619636987850{margin-top: 50px !important;}&#8221;][vc_column_inner]<a itemprop=\"url\" href=\"#\" target=\"_self\"  class=\"qodef-btn qodef-btn-medium qodef-btn-solid download-brochure-button-service qodef-btn-custom-border-hover qodef-btn-custom-hover-bg\"  >\n\t\t<span class=\"qodef-btn-svg\">\n\t\t<svg x=\"0px\" y=\"0px\" viewBox=\"0 0 5.5 10.1\" enable-background=\"new 0 0 5.5 10.1\" >\n\t\t\t\t<path fill=\"#BBBBBB\" d=\"M1.3,5.5L1.2,5.2C2.1,4.5,2.7,4.1,3,3.9c0.3-0.2,0.6-0.2,0.7-0.2c0.1,0,0.2,0,0.3,0.1S4.1,4,4.1,4.2\n\t\t\t\t\tc0,0.3-0.1,0.8-0.4,1.7L3.5,6.5c-0.3,1-0.4,1.6-0.4,1.9c0,0.1,0.1,0.2,0.2,0.2c0.1,0,0.4-0.2,1-0.6l0.2,0.3L3.2,9.1\n\t\t\t\t\tC2.8,9.3,2.6,9.4,2.4,9.5c-0.1,0-0.2,0.1-0.3,0.1c-0.1,0-0.3,0-0.3-0.1C1.7,9.3,1.7,9.2,1.7,8.9c0-0.3,0.1-0.7,0.2-1.1l0.4-1.4\n\t\t\t\t\tC2.4,5.7,2.5,5.3,2.5,5c0-0.1,0-0.2-0.1-0.2c-0.1,0-0.2,0-0.3,0.1C1.8,5.1,1.5,5.3,1.3,5.5z M3.2,2c0-0.3,0.1-0.5,0.2-0.7\n\t\t\t\t\tS3.8,1,4,1c0.2,0,0.3,0.1,0.5,0.2s0.2,0.3,0.2,0.5c0,0.3-0.1,0.5-0.2,0.7C4.3,2.5,4.1,2.6,3.8,2.6c-0.2,0-0.4-0.1-0.5-0.2\n\t\t\t\t\tC3.2,2.3,3.2,2.1,3.2,2z\"\/>\n\t\t<\/svg>\n\t<\/span>\n\t<span class=\"qodef-btn-text\">T\u00e9l\u00e9charger notre brochure<\/span>\n<\/a>[\/vc_column_inner][\/vc_row_inner][\/vc_column][\/vc_row]<\/p>\n","protected":false},"excerpt":{"rendered":"<p>[vc_row content_placement=&#8221;middle&#8221; css=&#8221;.vc_custom_1619961810724{background-color: #d1d5bb !important;}&#8221; el_class=&#8221;oberfeld-baner&#8221;][vc_column width=&#8221;1\/2&#8243; css=&#8221;.vc_custom_1618735127039{padding-top: 0px !important;}&#8221;][\/vc_column][vc_column width=&#8221;1\/2&#8243; css=&#8221;.vc_custom_1618735136685{padding-top: 0px !important;}&#8221;][vc_single_image image=&#8221;36523&#8243; img_size=&#8221;full&#8221; css_animation=&#8221;none&#8221;][\/vc_column][\/vc_row][vc_row row_content_width=&#8221;grid&#8221; css=&#8221;.vc_custom_1621783605576{padding-top: 60px !important;padding-bottom: 120px !important;}&#8221;][vc_column width=&#8221;1\/2&#8243; el_class=&#8221;custom-stacked-tenant&#8221; css=&#8221;.vc_custom_1621360187145{padding-top: 60px !important;}&#8221;][\/vc_column][vc_column width=&#8221;1\/2&#8243; css=&#8221;.vc_custom_1621360194189{padding-top: 60px !important;padding-right: 40px !important;padding-left: 40px !important;}&#8221;][vc_column_text] Location &amp; services-conseils [\/vc_column_text][vc_column_text] [&hellip;]<\/p>\n","protected":false},"author":10,"featured_media":0,"parent":0,"menu_order":0,"comment_status":"closed","ping_status":"closed","template":"full-width.php","meta":{"_acf_changed":false,"om_disable_all_campaigns":false,"_monsterinsights_skip_tracking":false,"_monsterinsights_sitenote_active":false,"_monsterinsights_sitenote_note":"","_monsterinsights_sitenote_category":0,"footnotes":""},"class_list":["post-37880","page","type-page","status-publish","hentry"],"acf":[],"yoast_head":"<!-- This site is optimized with the Yoast SEO Premium plugin v27.0 (Yoast SEO v27.3) - https:\/\/yoast.com\/product\/yoast-seo-premium-wordpress\/ -->\n<title>Repr\u00e9sentation des locataires - Oberfeld Snowcap<\/title>\n<meta name=\"robots\" content=\"noindex, follow, max-snippet:-1, max-image-preview:large, max-video-preview:-1\" \/>\n<meta property=\"og:locale\" content=\"fr_FR\" \/>\n<meta property=\"og:type\" content=\"article\" \/>\n<meta property=\"og:title\" content=\"Repr\u00e9sentation des locataires\" \/>\n<meta property=\"og:description\" content=\"[vc_row content_placement=&#8221;middle&#8221; css=&#8221;.vc_custom_1619961810724{background-color: #d1d5bb !important;}&#8221; el_class=&#8221;oberfeld-baner&#8221;][vc_column width=&#8221;1\/2&#8243; css=&#8221;.vc_custom_1618735127039{padding-top: 0px !important;}&#8221;][\/vc_column][vc_column width=&#8221;1\/2&#8243; css=&#8221;.vc_custom_1618735136685{padding-top: 0px !important;}&#8221;][vc_single_image image=&#8221;36523&#8243; img_size=&#8221;full&#8221; css_animation=&#8221;none&#8221;][\/vc_column][\/vc_row][vc_row row_content_width=&#8221;grid&#8221; css=&#8221;.vc_custom_1621783605576{padding-top: 60px !important;padding-bottom: 120px !important;}&#8221;][vc_column width=&#8221;1\/2&#8243; el_class=&#8221;custom-stacked-tenant&#8221; css=&#8221;.vc_custom_1621360187145{padding-top: 60px !important;}&#8221;][\/vc_column][vc_column width=&#8221;1\/2&#8243; css=&#8221;.vc_custom_1621360194189{padding-top: 60px !important;padding-right: 40px !important;padding-left: 40px !important;}&#8221;][vc_column_text] Location &amp; services-conseils [\/vc_column_text][vc_column_text] [&hellip;]\" \/>\n<meta property=\"og:url\" content=\"https:\/\/oberfeldsnowcap.com\/fr\/tenant-representation\/\" \/>\n<meta property=\"og:site_name\" content=\"Oberfeld Snowcap\" \/>\n<meta property=\"article:modified_time\" content=\"2021-05-26T16:41:07+00:00\" \/>\n<meta name=\"twitter:label1\" content=\"Est. reading time\" \/>\n\t<meta name=\"twitter:data1\" content=\"2 minutes\" \/>\n<script type=\"application\/ld+json\" class=\"yoast-schema-graph\">{\"@context\":\"https:\\\/\\\/schema.org\",\"@graph\":[{\"@type\":\"WebPage\",\"@id\":\"https:\\\/\\\/oberfeldsnowcap.com\\\/fr\\\/tenant-representation\\\/\",\"url\":\"https:\\\/\\\/oberfeldsnowcap.com\\\/fr\\\/tenant-representation\\\/\",\"name\":\"Repr\u00e9sentation des locataires - Oberfeld Snowcap\",\"isPartOf\":{\"@id\":\"https:\\\/\\\/oberfeldsnowcap.com\\\/#website\"},\"datePublished\":\"2021-04-18T09:45:10+00:00\",\"dateModified\":\"2021-05-26T16:41:07+00:00\",\"breadcrumb\":{\"@id\":\"https:\\\/\\\/oberfeldsnowcap.com\\\/fr\\\/tenant-representation\\\/#breadcrumb\"},\"inLanguage\":\"fr-FR\",\"potentialAction\":[{\"@type\":\"ReadAction\",\"target\":[\"https:\\\/\\\/oberfeldsnowcap.com\\\/fr\\\/tenant-representation\\\/\"]}]},{\"@type\":\"BreadcrumbList\",\"@id\":\"https:\\\/\\\/oberfeldsnowcap.com\\\/fr\\\/tenant-representation\\\/#breadcrumb\",\"itemListElement\":[{\"@type\":\"ListItem\",\"position\":1,\"name\":\"Home\",\"item\":\"https:\\\/\\\/oberfeldsnowcap.com\\\/fr\\\/\"},{\"@type\":\"ListItem\",\"position\":2,\"name\":\"Repr\u00e9sentation des locataires\"}]},{\"@type\":\"WebSite\",\"@id\":\"https:\\\/\\\/oberfeldsnowcap.com\\\/#website\",\"url\":\"https:\\\/\\\/oberfeldsnowcap.com\\\/\",\"name\":\"Oberfeld Snowcap\",\"description\":\"Commercial Real Estate &amp; Retail Advisory Services\",\"publisher\":{\"@id\":\"https:\\\/\\\/oberfeldsnowcap.com\\\/#organization\"},\"potentialAction\":[{\"@type\":\"SearchAction\",\"target\":{\"@type\":\"EntryPoint\",\"urlTemplate\":\"https:\\\/\\\/oberfeldsnowcap.com\\\/?s={search_term_string}\"},\"query-input\":{\"@type\":\"PropertyValueSpecification\",\"valueRequired\":true,\"valueName\":\"search_term_string\"}}],\"inLanguage\":\"fr-FR\"},{\"@type\":\"Organization\",\"@id\":\"https:\\\/\\\/oberfeldsnowcap.com\\\/#organization\",\"name\":\"OberfeldSnowcap\",\"url\":\"https:\\\/\\\/oberfeldsnowcap.com\\\/\",\"logo\":{\"@type\":\"ImageObject\",\"inLanguage\":\"fr-FR\",\"@id\":\"https:\\\/\\\/oberfeldsnowcap.com\\\/#\\\/schema\\\/logo\\\/image\\\/\",\"url\":\"https:\\\/\\\/oberfeldsnowcap.com\\\/wp-content\\\/uploads\\\/2021\\\/11\\\/2021_OS_BlackLine.png\",\"contentUrl\":\"https:\\\/\\\/oberfeldsnowcap.com\\\/wp-content\\\/uploads\\\/2021\\\/11\\\/2021_OS_BlackLine.png\",\"width\":792,\"height\":119,\"caption\":\"OberfeldSnowcap\"},\"image\":{\"@id\":\"https:\\\/\\\/oberfeldsnowcap.com\\\/#\\\/schema\\\/logo\\\/image\\\/\"},\"sameAs\":[\"https:\\\/\\\/x.com\\\/OberfeldSnowcap\",\"https:\\\/\\\/www.linkedin.com\\\/company\\\/130196?trk=tyah&amp;amp;trkInfo=clickedVertical:company,clickedEntityId:130196,idx:2-1-8,tarId:1468512726540,tas:oberfeld\"]}]}<\/script>\n<!-- \/ Yoast SEO Premium plugin. -->","yoast_head_json":{"title":"Repr\u00e9sentation des locataires - Oberfeld Snowcap","robots":{"index":"noindex","follow":"follow","max-snippet":"max-snippet:-1","max-image-preview":"max-image-preview:large","max-video-preview":"max-video-preview:-1"},"og_locale":"fr_FR","og_type":"article","og_title":"Repr\u00e9sentation des locataires","og_description":"[vc_row content_placement=&#8221;middle&#8221; css=&#8221;.vc_custom_1619961810724{background-color: #d1d5bb !important;}&#8221; el_class=&#8221;oberfeld-baner&#8221;][vc_column width=&#8221;1\/2&#8243; css=&#8221;.vc_custom_1618735127039{padding-top: 0px !important;}&#8221;][\/vc_column][vc_column width=&#8221;1\/2&#8243; css=&#8221;.vc_custom_1618735136685{padding-top: 0px !important;}&#8221;][vc_single_image image=&#8221;36523&#8243; img_size=&#8221;full&#8221; css_animation=&#8221;none&#8221;][\/vc_column][\/vc_row][vc_row row_content_width=&#8221;grid&#8221; css=&#8221;.vc_custom_1621783605576{padding-top: 60px !important;padding-bottom: 120px !important;}&#8221;][vc_column width=&#8221;1\/2&#8243; el_class=&#8221;custom-stacked-tenant&#8221; css=&#8221;.vc_custom_1621360187145{padding-top: 60px !important;}&#8221;][\/vc_column][vc_column width=&#8221;1\/2&#8243; css=&#8221;.vc_custom_1621360194189{padding-top: 60px !important;padding-right: 40px !important;padding-left: 40px !important;}&#8221;][vc_column_text] Location &amp; services-conseils [\/vc_column_text][vc_column_text] [&hellip;]","og_url":"https:\/\/oberfeldsnowcap.com\/fr\/tenant-representation\/","og_site_name":"Oberfeld Snowcap","article_modified_time":"2021-05-26T16:41:07+00:00","twitter_misc":{"Est. reading time":"2 minutes"},"schema":{"@context":"https:\/\/schema.org","@graph":[{"@type":"WebPage","@id":"https:\/\/oberfeldsnowcap.com\/fr\/tenant-representation\/","url":"https:\/\/oberfeldsnowcap.com\/fr\/tenant-representation\/","name":"Repr\u00e9sentation des locataires - Oberfeld Snowcap","isPartOf":{"@id":"https:\/\/oberfeldsnowcap.com\/#website"},"datePublished":"2021-04-18T09:45:10+00:00","dateModified":"2021-05-26T16:41:07+00:00","breadcrumb":{"@id":"https:\/\/oberfeldsnowcap.com\/fr\/tenant-representation\/#breadcrumb"},"inLanguage":"fr-FR","potentialAction":[{"@type":"ReadAction","target":["https:\/\/oberfeldsnowcap.com\/fr\/tenant-representation\/"]}]},{"@type":"BreadcrumbList","@id":"https:\/\/oberfeldsnowcap.com\/fr\/tenant-representation\/#breadcrumb","itemListElement":[{"@type":"ListItem","position":1,"name":"Home","item":"https:\/\/oberfeldsnowcap.com\/fr\/"},{"@type":"ListItem","position":2,"name":"Repr\u00e9sentation des locataires"}]},{"@type":"WebSite","@id":"https:\/\/oberfeldsnowcap.com\/#website","url":"https:\/\/oberfeldsnowcap.com\/","name":"Oberfeld Snowcap","description":"Commercial Real Estate &amp; Retail Advisory Services","publisher":{"@id":"https:\/\/oberfeldsnowcap.com\/#organization"},"potentialAction":[{"@type":"SearchAction","target":{"@type":"EntryPoint","urlTemplate":"https:\/\/oberfeldsnowcap.com\/?s={search_term_string}"},"query-input":{"@type":"PropertyValueSpecification","valueRequired":true,"valueName":"search_term_string"}}],"inLanguage":"fr-FR"},{"@type":"Organization","@id":"https:\/\/oberfeldsnowcap.com\/#organization","name":"OberfeldSnowcap","url":"https:\/\/oberfeldsnowcap.com\/","logo":{"@type":"ImageObject","inLanguage":"fr-FR","@id":"https:\/\/oberfeldsnowcap.com\/#\/schema\/logo\/image\/","url":"https:\/\/oberfeldsnowcap.com\/wp-content\/uploads\/2021\/11\/2021_OS_BlackLine.png","contentUrl":"https:\/\/oberfeldsnowcap.com\/wp-content\/uploads\/2021\/11\/2021_OS_BlackLine.png","width":792,"height":119,"caption":"OberfeldSnowcap"},"image":{"@id":"https:\/\/oberfeldsnowcap.com\/#\/schema\/logo\/image\/"},"sameAs":["https:\/\/x.com\/OberfeldSnowcap","https:\/\/www.linkedin.com\/company\/130196?trk=tyah&amp;amp;trkInfo=clickedVertical:company,clickedEntityId:130196,idx:2-1-8,tarId:1468512726540,tas:oberfeld"]}]}},"_links":{"self":[{"href":"https:\/\/oberfeldsnowcap.com\/fr\/wp-json\/wp\/v2\/pages\/37880","targetHints":{"allow":["GET"]}}],"collection":[{"href":"https:\/\/oberfeldsnowcap.com\/fr\/wp-json\/wp\/v2\/pages"}],"about":[{"href":"https:\/\/oberfeldsnowcap.com\/fr\/wp-json\/wp\/v2\/types\/page"}],"author":[{"embeddable":true,"href":"https:\/\/oberfeldsnowcap.com\/fr\/wp-json\/wp\/v2\/users\/10"}],"replies":[{"embeddable":true,"href":"https:\/\/oberfeldsnowcap.com\/fr\/wp-json\/wp\/v2\/comments?post=37880"}],"version-history":[{"count":0,"href":"https:\/\/oberfeldsnowcap.com\/fr\/wp-json\/wp\/v2\/pages\/37880\/revisions"}],"wp:attachment":[{"href":"https:\/\/oberfeldsnowcap.com\/fr\/wp-json\/wp\/v2\/media?parent=37880"}],"curies":[{"name":"wp","href":"https:\/\/api.w.org\/{rel}","templated":true}]}}