{"id":13323,"date":"2015-01-15T15:28:59","date_gmt":"2015-01-15T20:28:59","guid":{"rendered":"https:\/\/oberfeldstag.wpengine.com\/?page_id=13323"},"modified":"2019-02-13T15:57:18","modified_gmt":"2019-02-13T20:57:18","slug":"services_immobilier_commercial","status":"publish","type":"page","link":"https:\/\/oberfeldsnowcap.com\/fr\/services_immobilier_commercial\/","title":{"rendered":"Nos Services d&#8217;Immobilier Commercial"},"content":{"rendered":"<p>&nbsp;<\/p>\n<p>Nous avons un imposant portefeuille de clients de renom et repr\u00e9sentons des marques de partout \u00e0 travers le monde, dans toutes les cat\u00e9gories de vente au d\u00e9tail. Ceci, en plus de notre r\u00e9seau d\u2019envergure (incluant des joueurs cl\u00e9s de l\u2019industrie), nous permet de r\u00e9agir plus rapidement, d\u2019\u00eatre plus efficaces et de mieux servir nos clients. Cela nous donne aussi acc\u00e8s aux derni\u00e8res informations dont nous avons besoin pour rester \u00e0 l\u2019avant-garde et donner \u00e0 nos clients une connaissance in\u00e9gal\u00e9e des conditions actuelles du march\u00e9.<\/p>\n<p><strong>Nos services comprennent :<\/strong><\/p>\n<p><script type=\"text\/javascript\">\n\/*<![CDATA[*\/ (function() { var sz = document.createElement('script'); sz.type = 'text\/javascript'; sz.async = true; sz.src = '\/\/siteimproveanalytics.com\/js\/siteanalyze_6104035.js'; var s = document.getElementsByTagName('script')[0]; s.parentNode.insertBefore(sz, s); })(); \/*]]>*\/\n<\/script><\/p>\n","protected":false},"excerpt":{"rendered":"<p>&nbsp; Nous avons un imposant portefeuille de clients de renom et repr\u00e9sentons des marques de partout \u00e0 travers le monde, dans toutes les cat\u00e9gories de vente au d\u00e9tail. Ceci, en plus de notre r\u00e9seau d\u2019envergure (incluant des joueurs cl\u00e9s de [&hellip;]<\/p>\n","protected":false},"author":1,"featured_media":0,"parent":0,"menu_order":0,"comment_status":"open","ping_status":"open","template":"","meta":{"_acf_changed":false,"om_disable_all_campaigns":false,"_monsterinsights_skip_tracking":false,"_monsterinsights_sitenote_active":false,"_monsterinsights_sitenote_note":"","_monsterinsights_sitenote_category":0,"footnotes":""},"class_list":["post-13323","page","type-page","status-publish","hentry"],"acf":[],"yoast_head":"<!-- This site is optimized with the Yoast SEO Premium plugin v27.0 (Yoast SEO v27.3) - https:\/\/yoast.com\/product\/yoast-seo-premium-wordpress\/ -->\n<title>Nos Services d&#039;Immobilier Commercial - Oberfeld Snowcap<\/title>\n<meta name=\"robots\" content=\"noindex, follow, max-snippet:-1, max-image-preview:large, max-video-preview:-1\" \/>\n<meta property=\"og:locale\" content=\"fr_FR\" \/>\n<meta property=\"og:type\" content=\"article\" \/>\n<meta property=\"og:title\" content=\"Nos Services d&#039;Immobilier Commercial\" \/>\n<meta property=\"og:description\" content=\"&nbsp; Nous avons un imposant portefeuille de clients de renom et repr\u00e9sentons des marques de partout \u00e0 travers le monde, dans toutes les cat\u00e9gories de vente au d\u00e9tail. Ceci, en plus de notre r\u00e9seau d\u2019envergure (incluant des joueurs cl\u00e9s de [&hellip;]\" \/>\n<meta property=\"og:url\" content=\"https:\/\/oberfeldsnowcap.com\/fr\/services_immobilier_commercial\/\" \/>\n<meta property=\"og:site_name\" content=\"Oberfeld Snowcap\" \/>\n<meta property=\"article:modified_time\" content=\"2019-02-13T20:57:18+00:00\" \/>\n<script type=\"application\/ld+json\" class=\"yoast-schema-graph\">{\"@context\":\"https:\\\/\\\/schema.org\",\"@graph\":[{\"@type\":\"WebPage\",\"@id\":\"https:\\\/\\\/oberfeldsnowcap.com\\\/fr\\\/services_immobilier_commercial\\\/\",\"url\":\"https:\\\/\\\/oberfeldsnowcap.com\\\/fr\\\/services_immobilier_commercial\\\/\",\"name\":\"Nos Services d'Immobilier Commercial - Oberfeld Snowcap\",\"isPartOf\":{\"@id\":\"https:\\\/\\\/oberfeldsnowcap.com\\\/#website\"},\"datePublished\":\"2015-01-15T20:28:59+00:00\",\"dateModified\":\"2019-02-13T20:57:18+00:00\",\"breadcrumb\":{\"@id\":\"https:\\\/\\\/oberfeldsnowcap.com\\\/fr\\\/services_immobilier_commercial\\\/#breadcrumb\"},\"inLanguage\":\"fr-FR\",\"potentialAction\":[{\"@type\":\"ReadAction\",\"target\":[\"https:\\\/\\\/oberfeldsnowcap.com\\\/fr\\\/services_immobilier_commercial\\\/\"]}]},{\"@type\":\"BreadcrumbList\",\"@id\":\"https:\\\/\\\/oberfeldsnowcap.com\\\/fr\\\/services_immobilier_commercial\\\/#breadcrumb\",\"itemListElement\":[{\"@type\":\"ListItem\",\"position\":1,\"name\":\"Home\",\"item\":\"https:\\\/\\\/oberfeldsnowcap.com\\\/fr\\\/\"},{\"@type\":\"ListItem\",\"position\":2,\"name\":\"Nos Services d&rsquo;Immobilier Commercial\"}]},{\"@type\":\"WebSite\",\"@id\":\"https:\\\/\\\/oberfeldsnowcap.com\\\/#website\",\"url\":\"https:\\\/\\\/oberfeldsnowcap.com\\\/\",\"name\":\"Oberfeld Snowcap\",\"description\":\"Commercial Real Estate &amp; Retail Advisory Services\",\"publisher\":{\"@id\":\"https:\\\/\\\/oberfeldsnowcap.com\\\/#organization\"},\"potentialAction\":[{\"@type\":\"SearchAction\",\"target\":{\"@type\":\"EntryPoint\",\"urlTemplate\":\"https:\\\/\\\/oberfeldsnowcap.com\\\/?s={search_term_string}\"},\"query-input\":{\"@type\":\"PropertyValueSpecification\",\"valueRequired\":true,\"valueName\":\"search_term_string\"}}],\"inLanguage\":\"fr-FR\"},{\"@type\":\"Organization\",\"@id\":\"https:\\\/\\\/oberfeldsnowcap.com\\\/#organization\",\"name\":\"OberfeldSnowcap\",\"url\":\"https:\\\/\\\/oberfeldsnowcap.com\\\/\",\"logo\":{\"@type\":\"ImageObject\",\"inLanguage\":\"fr-FR\",\"@id\":\"https:\\\/\\\/oberfeldsnowcap.com\\\/#\\\/schema\\\/logo\\\/image\\\/\",\"url\":\"https:\\\/\\\/oberfeldsnowcap.com\\\/wp-content\\\/uploads\\\/2021\\\/11\\\/2021_OS_BlackLine.png\",\"contentUrl\":\"https:\\\/\\\/oberfeldsnowcap.com\\\/wp-content\\\/uploads\\\/2021\\\/11\\\/2021_OS_BlackLine.png\",\"width\":792,\"height\":119,\"caption\":\"OberfeldSnowcap\"},\"image\":{\"@id\":\"https:\\\/\\\/oberfeldsnowcap.com\\\/#\\\/schema\\\/logo\\\/image\\\/\"},\"sameAs\":[\"https:\\\/\\\/x.com\\\/OberfeldSnowcap\",\"https:\\\/\\\/www.linkedin.com\\\/company\\\/130196?trk=tyah&amp;amp;trkInfo=clickedVertical:company,clickedEntityId:130196,idx:2-1-8,tarId:1468512726540,tas:oberfeld\"]}]}<\/script>\n<!-- \/ Yoast SEO Premium plugin. -->","yoast_head_json":{"title":"Nos Services d'Immobilier Commercial - Oberfeld Snowcap","robots":{"index":"noindex","follow":"follow","max-snippet":"max-snippet:-1","max-image-preview":"max-image-preview:large","max-video-preview":"max-video-preview:-1"},"og_locale":"fr_FR","og_type":"article","og_title":"Nos Services d'Immobilier Commercial","og_description":"&nbsp; Nous avons un imposant portefeuille de clients de renom et repr\u00e9sentons des marques de partout \u00e0 travers le monde, dans toutes les cat\u00e9gories de vente au d\u00e9tail. Ceci, en plus de notre r\u00e9seau d\u2019envergure (incluant des joueurs cl\u00e9s de [&hellip;]","og_url":"https:\/\/oberfeldsnowcap.com\/fr\/services_immobilier_commercial\/","og_site_name":"Oberfeld Snowcap","article_modified_time":"2019-02-13T20:57:18+00:00","schema":{"@context":"https:\/\/schema.org","@graph":[{"@type":"WebPage","@id":"https:\/\/oberfeldsnowcap.com\/fr\/services_immobilier_commercial\/","url":"https:\/\/oberfeldsnowcap.com\/fr\/services_immobilier_commercial\/","name":"Nos Services d'Immobilier Commercial - Oberfeld Snowcap","isPartOf":{"@id":"https:\/\/oberfeldsnowcap.com\/#website"},"datePublished":"2015-01-15T20:28:59+00:00","dateModified":"2019-02-13T20:57:18+00:00","breadcrumb":{"@id":"https:\/\/oberfeldsnowcap.com\/fr\/services_immobilier_commercial\/#breadcrumb"},"inLanguage":"fr-FR","potentialAction":[{"@type":"ReadAction","target":["https:\/\/oberfeldsnowcap.com\/fr\/services_immobilier_commercial\/"]}]},{"@type":"BreadcrumbList","@id":"https:\/\/oberfeldsnowcap.com\/fr\/services_immobilier_commercial\/#breadcrumb","itemListElement":[{"@type":"ListItem","position":1,"name":"Home","item":"https:\/\/oberfeldsnowcap.com\/fr\/"},{"@type":"ListItem","position":2,"name":"Nos Services d&rsquo;Immobilier Commercial"}]},{"@type":"WebSite","@id":"https:\/\/oberfeldsnowcap.com\/#website","url":"https:\/\/oberfeldsnowcap.com\/","name":"Oberfeld Snowcap","description":"Commercial Real Estate &amp; Retail Advisory Services","publisher":{"@id":"https:\/\/oberfeldsnowcap.com\/#organization"},"potentialAction":[{"@type":"SearchAction","target":{"@type":"EntryPoint","urlTemplate":"https:\/\/oberfeldsnowcap.com\/?s={search_term_string}"},"query-input":{"@type":"PropertyValueSpecification","valueRequired":true,"valueName":"search_term_string"}}],"inLanguage":"fr-FR"},{"@type":"Organization","@id":"https:\/\/oberfeldsnowcap.com\/#organization","name":"OberfeldSnowcap","url":"https:\/\/oberfeldsnowcap.com\/","logo":{"@type":"ImageObject","inLanguage":"fr-FR","@id":"https:\/\/oberfeldsnowcap.com\/#\/schema\/logo\/image\/","url":"https:\/\/oberfeldsnowcap.com\/wp-content\/uploads\/2021\/11\/2021_OS_BlackLine.png","contentUrl":"https:\/\/oberfeldsnowcap.com\/wp-content\/uploads\/2021\/11\/2021_OS_BlackLine.png","width":792,"height":119,"caption":"OberfeldSnowcap"},"image":{"@id":"https:\/\/oberfeldsnowcap.com\/#\/schema\/logo\/image\/"},"sameAs":["https:\/\/x.com\/OberfeldSnowcap","https:\/\/www.linkedin.com\/company\/130196?trk=tyah&amp;amp;trkInfo=clickedVertical:company,clickedEntityId:130196,idx:2-1-8,tarId:1468512726540,tas:oberfeld"]}]}},"_links":{"self":[{"href":"https:\/\/oberfeldsnowcap.com\/fr\/wp-json\/wp\/v2\/pages\/13323","targetHints":{"allow":["GET"]}}],"collection":[{"href":"https:\/\/oberfeldsnowcap.com\/fr\/wp-json\/wp\/v2\/pages"}],"about":[{"href":"https:\/\/oberfeldsnowcap.com\/fr\/wp-json\/wp\/v2\/types\/page"}],"author":[{"embeddable":true,"href":"https:\/\/oberfeldsnowcap.com\/fr\/wp-json\/wp\/v2\/users\/1"}],"replies":[{"embeddable":true,"href":"https:\/\/oberfeldsnowcap.com\/fr\/wp-json\/wp\/v2\/comments?post=13323"}],"version-history":[{"count":0,"href":"https:\/\/oberfeldsnowcap.com\/fr\/wp-json\/wp\/v2\/pages\/13323\/revisions"}],"wp:attachment":[{"href":"https:\/\/oberfeldsnowcap.com\/fr\/wp-json\/wp\/v2\/media?parent=13323"}],"curies":[{"name":"wp","href":"https:\/\/api.w.org\/{rel}","templated":true}]}}