{"id":13318,"date":"2014-11-26T16:16:20","date_gmt":"2014-11-26T21:16:20","guid":{"rendered":"https:\/\/oberfeldstag.wpengine.com\/?page_id=13318"},"modified":"2026-02-19T15:43:03","modified_gmt":"2026-02-19T20:43:03","slug":"contact","status":"publish","type":"page","link":"https:\/\/oberfeldsnowcap.com\/fr\/contact\/","title":{"rendered":"Contact"},"content":{"rendered":"<p>[vc_row content_placement=\u00a0\u00bbmiddle\u00a0\u00bb css=\u00a0\u00bb.vc_custom_1619961897491{background-color: #d1d5bb !important;}\u00a0\u00bb el_class=\u00a0\u00bboberfeld-baner\u00a0\u00bb][vc_column width=\u00a0\u00bb1\/2&Prime; css=\u00a0\u00bb.vc_custom_1618735127039{padding-top: 0px !important;}\u00a0\u00bb]<div class=\"qodef-elements-holder   qodef-one-column  qodef-responsive-mode-768  \" ><div class=\"qodef-eh-item    \"  data-item-class=\"qodef-eh-custom-1359\" data-1441-1700=\"40px 0 40px 18%\" data-1367-1440=\"40px 0 40px 18%\" data-1025-1366=\"40px 0 40px 107px\" data-769-1024=\"40px 0 40px 146px\" data-681-768=\"40px 0 40px 100px\" data-680=\"40px 0 40px 35px\">\n\t<div class=\"qodef-eh-item-inner\">\n\t\t<div class=\"qodef-eh-item-content qodef-eh-custom-1359\" style=\"padding: 40px 0 40px 25%\">\n\t\t\t[vc_column_text]<\/p>\n<h1 class=\"oberfeld-title\">Nous Joindre<\/h1>\n<p>[\/vc_column_text][vc_column_text]<\/p>\n<h2 class=\"oberfeld-title-sub oberfeld-title-sub-baner\">UNE EXPERTISE DU COMMERCE DE D\u00c9TAIL QUI TRAVAILLE POUR VOUS<\/h2>\n<p>[\/vc_column_text]<div class=\"qodef-separator-holder clearfix separatorMy qodef-separator-left \">\n\t<div class=\"qodef-separator\" style=\"border-color: #000000;border-style: solid;width: 100px;border-bottom-width: 2px;margin-top: 30px;margin-bottom: 30px\"><\/div>\n<\/div>\n[vc_column_text css=\u00a0\u00bb.vc_custom_1622140540649{padding-right: 20px !important;}\u00a0\u00bb]<span class=\"oberfeld-top-block-text\">Communiquez avec un des membres de notre \u00e9quipe pour discuter de la mani\u00e8re dont nous pouvons vous aider \u00e0 r\u00e9aliser votre <\/span> <span class=\"oberfeld-top-block-text-bold\">potentiel de march\u00e9.<\/span>[\/vc_column_text]\t\t<\/div>\n\t<\/div>\n<\/div><\/div>[\/vc_column][vc_column width=\u00a0\u00bb1\/2&Prime; css=\u00a0\u00bb.vc_custom_1618735136685{padding-top: 0px !important;}\u00a0\u00bb][vc_single_image image=\u00a0\u00bb36590&Prime; img_size=\u00a0\u00bbfull\u00a0\u00bb css_animation=\u00a0\u00bbnone\u00a0\u00bb][\/vc_column][\/vc_row][vc_row row_content_width=\u00a0\u00bbgrid\u00a0\u00bb el_class=\u00a0\u00bbcontact-us\u00a0\u00bb css=\u00a0\u00bb.vc_custom_1619114863759{padding-top: 120px !important;padding-bottom: 120px !important;}\u00a0\u00bb][vc_column][vc_column_text]<\/p>\n<h1 class=\"oberfeld-title\">Nos Bureaux<\/h1>\n<p>[\/vc_column_text][vc_row_inner][vc_column_inner width=\u00a0\u00bb1\/5&Prime; css=\u00a0\u00bb.vc_custom_1621355610305{margin-top: 30px !important;}\u00a0\u00bb][vc_column_text]<\/p>\n<h2 class=\"oberfeld-block-title\">Montreal<\/h2>\n<p>[\/vc_column_text][vc_column_text el_class=\u00a0\u00bboberfeld-block-p\u00a0\u00bb]8300, boul. D\u00e9carie, Suite 600<br \/>\nMontr\u00e9al, QC H4P 2P5[\/vc_column_text][vc_column_text]<a style=\"font-weight: 600;\" href=\"mailto:montreal@oberfeldsnowcap.com\">info@oberfeldsnowcap.com<\/a><\/p>\n<p><span style=\"font-weight: 600;\">T (514) 738.4330<\/span><br \/>\n<span style=\"font-weight: 600;\">F (514) 738.1772<\/span>[\/vc_column_text][\/vc_column_inner][vc_column_inner width=\u00a0\u00bb1\/5&Prime; css=\u00a0\u00bb.vc_custom_1621355617685{margin-top: 30px !important;}\u00a0\u00bb][vc_column_text]<\/p>\n<h2 class=\"oberfeld-block-title\">Toronto<\/h2>\n<p>[\/vc_column_text][vc_column_text el_class=\u00a0\u00bboberfeld-block-p\u00a0\u00bb]121, rue King Ouest, Suite 1800<br \/>\nToronto, ON\u00a0 M5H 3T9[\/vc_column_text][vc_column_text]<a style=\"font-weight: 600;\" href=\"mailto:toronto@oberfeldsnowcap.com\">info@oberfeldsnowcap.com<\/a><\/p>\n<p><span style=\"font-weight: 600;\">T (416) 593.1595<\/span><br \/>\n<span style=\"font-weight: 600;\">F (416) 593.9799<\/span>[\/vc_column_text][\/vc_column_inner][vc_column_inner width=\u00a0\u00bb1\/5&Prime; css=\u00a0\u00bb.vc_custom_1621355624352{margin-top: 30px !important;}\u00a0\u00bb][vc_column_text]<\/p>\n<h2 class=\"oberfeld-block-title\">Calgary<\/h2>\n<p>[\/vc_column_text][vc_column_text el_class=\u00a0\u00bboberfeld-block-p\u00a0\u00bb]6455, Macleod Trail SW, Suite 701<br \/>\nCalgary, AB\u00a0 T2H 0K9[\/vc_column_text][vc_column_text]<a style=\"font-weight: 600;\" href=\"mailto:calgary@oberfeldsnowcap.com\">info@oberfeldsnowcap.com<\/a><\/p>\n<p><span style=\"font-weight: 600;\">T (403) 460.8146<\/span><br \/>\n<span style=\"font-weight: 600;\">F (403) 460.8148<\/span>[\/vc_column_text][\/vc_column_inner][vc_column_inner width=\u00a0\u00bb1\/5&Prime; css=\u00a0\u00bb.vc_custom_1621355631293{margin-top: 30px !important;}\u00a0\u00bb][vc_column_text]<\/p>\n<h2 class=\"oberfeld-block-title\">Vancouver<\/h2>\n<p>[\/vc_column_text][vc_column_text el_class=\u00a0\u00bboberfeld-block-p\u00a0\u00bb]701, rue Georgia Ouest,<br \/>\nPO BOX 10127, Suite 1500<br \/>\nVancouver, BC\u00a0 V7Y 1C6[\/vc_column_text][vc_column_text]<a style=\"font-weight: 600;\" href=\"mailto:vancouver@oberfeldsnowcap.com\">info@oberfeldsnowcap.com<\/a><\/p>\n<p><span style=\"font-weight: 600;\">T (604) 757.9476<\/span>[\/vc_column_text][\/vc_column_inner][\/vc_row_inner][vc_row_inner][vc_column_inner width=\u00a0\u00bb1\/5&Prime; css=\u00a0\u00bb.vc_custom_1741626551233{margin-top: 30px !important;}\u00a0\u00bb][vc_column_text]<\/p>\n<h2 class=\"oberfeld-block-title\">South Florida<\/h2>\n<p>[\/vc_column_text][vc_column_text el_class=\u00a0\u00bboberfeld-block-p\u00a0\u00bb]1501 Yamato Rd<br \/>\nSuite 200<br \/>\nBoca Raton, FL\u00a0 33431[\/vc_column_text][vc_column_text]<a style=\"font-weight: 600;\" href=\"mailto:vancouver@oberfeldsnowcap.com\">info@oberfeldsnowcap.com<\/a><\/p>\n<p><span style=\"font-weight: 600;\">T (561) 299.6261<\/span>[\/vc_column_text][\/vc_column_inner][vc_column_inner width=\u00a0\u00bb1\/5&Prime; css=\u00a0\u00bb.vc_custom_1621355610305{margin-top: 30px !important;}\u00a0\u00bb][vc_column_text]<\/p>\n<h2 class=\"oberfeld-block-title\">Los Angeles<\/h2>\n<p>[\/vc_column_text][vc_column_text el_class=\u00a0\u00bboberfeld-block-p\u00a0\u00bb]1801 Century Park East,<br \/>\nSuite 2400,<br \/>\nLos Angeles, CA 90067[\/vc_column_text][vc_column_text]<a style=\"font-weight: 600;\" href=\"mailto:montreal@oberfeldsnowcap.com\">info@oberfeldsnowcap.com<\/a><\/p>\n<p><strong>T (310) 990.2182<\/strong>[\/vc_column_text][\/vc_column_inner][\/vc_row_inner][\/vc_column][\/vc_row]<\/p>\n","protected":false},"excerpt":{"rendered":"<p>[vc_row content_placement=\u00a0\u00bbmiddle\u00a0\u00bb css=\u00a0\u00bb.vc_custom_1619961897491{background-color: #d1d5bb !important;}\u00a0\u00bb el_class=\u00a0\u00bboberfeld-baner\u00a0\u00bb][vc_column width=\u00a0\u00bb1\/2&Prime; css=\u00a0\u00bb.vc_custom_1618735127039{padding-top: 0px !important;}\u00a0\u00bb][\/vc_column][vc_column width=\u00a0\u00bb1\/2&Prime; css=\u00a0\u00bb.vc_custom_1618735136685{padding-top: 0px !important;}\u00a0\u00bb][vc_single_image image=\u00a0\u00bb36590&Prime; img_size=\u00a0\u00bbfull\u00a0\u00bb css_animation=\u00a0\u00bbnone\u00a0\u00bb][\/vc_column][\/vc_row][vc_row row_content_width=\u00a0\u00bbgrid\u00a0\u00bb el_class=\u00a0\u00bbcontact-us\u00a0\u00bb css=\u00a0\u00bb.vc_custom_1619114863759{padding-top: 120px !important;padding-bottom: 120px !important;}\u00a0\u00bb][vc_column][vc_column_text] Nos Bureaux [\/vc_column_text][vc_row_inner][vc_column_inner width=\u00a0\u00bb1\/5&Prime; css=\u00a0\u00bb.vc_custom_1621355610305{margin-top: 30px !important;}\u00a0\u00bb][vc_column_text] Montreal [\/vc_column_text][vc_column_text el_class=\u00a0\u00bboberfeld-block-p\u00a0\u00bb]8300, boul. D\u00e9carie, Suite 600 Montr\u00e9al, QC [&hellip;]<\/p>\n","protected":false},"author":1,"featured_media":0,"parent":0,"menu_order":0,"comment_status":"open","ping_status":"open","template":"full-width.php","meta":{"_acf_changed":false,"om_disable_all_campaigns":false,"_monsterinsights_skip_tracking":false,"_monsterinsights_sitenote_active":false,"_monsterinsights_sitenote_note":"","_monsterinsights_sitenote_category":0,"footnotes":""},"class_list":["post-13318","page","type-page","status-publish","hentry"],"acf":[],"yoast_head":"<!-- This site is optimized with the Yoast SEO Premium plugin v27.0 (Yoast SEO v27.4) - https:\/\/yoast.com\/product\/yoast-seo-premium-wordpress\/ -->\n<title>Contact - Oberfeld Snowcap<\/title>\n<meta name=\"description\" content=\"Contact Oberfeld Snowcap! Founded over 30 years ago, Oberfeld Snowcap is Canada\u2019s largest retail advisory firm.\" \/>\n<meta name=\"robots\" content=\"noindex, follow, max-snippet:-1, max-image-preview:large, max-video-preview:-1\" \/>\n<meta property=\"og:locale\" content=\"fr_FR\" \/>\n<meta property=\"og:type\" content=\"article\" \/>\n<meta property=\"og:title\" content=\"Contact\" \/>\n<meta property=\"og:description\" content=\"Contact Oberfeld Snowcap! Founded over 30 years ago, Oberfeld Snowcap is Canada\u2019s largest retail advisory firm.\" \/>\n<meta property=\"og:url\" content=\"https:\/\/oberfeldsnowcap.com\/fr\/contact\/\" \/>\n<meta property=\"og:site_name\" content=\"Oberfeld Snowcap\" \/>\n<meta property=\"article:modified_time\" content=\"2026-02-19T20:43:03+00:00\" \/>\n<meta name=\"twitter:label1\" content=\"Dur\u00e9e de lecture estim\u00e9e\" \/>\n\t<meta name=\"twitter:data1\" content=\"2 minutes\" \/>\n<script type=\"application\/ld+json\" class=\"yoast-schema-graph\">{\"@context\":\"https:\\\/\\\/schema.org\",\"@graph\":[{\"@type\":\"WebPage\",\"@id\":\"https:\\\/\\\/oberfeldsnowcap.com\\\/fr\\\/contact\\\/\",\"url\":\"https:\\\/\\\/oberfeldsnowcap.com\\\/fr\\\/contact\\\/\",\"name\":\"Contact - Oberfeld Snowcap\",\"isPartOf\":{\"@id\":\"https:\\\/\\\/oberfeldsnowcap.com\\\/#website\"},\"datePublished\":\"2014-11-26T21:16:20+00:00\",\"dateModified\":\"2026-02-19T20:43:03+00:00\",\"description\":\"Contact Oberfeld Snowcap! Founded over 30 years ago, Oberfeld Snowcap is Canada\u2019s largest retail advisory firm.\",\"breadcrumb\":{\"@id\":\"https:\\\/\\\/oberfeldsnowcap.com\\\/fr\\\/contact\\\/#breadcrumb\"},\"inLanguage\":\"fr-FR\",\"potentialAction\":[{\"@type\":\"ReadAction\",\"target\":[\"https:\\\/\\\/oberfeldsnowcap.com\\\/fr\\\/contact\\\/\"]}]},{\"@type\":\"BreadcrumbList\",\"@id\":\"https:\\\/\\\/oberfeldsnowcap.com\\\/fr\\\/contact\\\/#breadcrumb\",\"itemListElement\":[{\"@type\":\"ListItem\",\"position\":1,\"name\":\"Home\",\"item\":\"https:\\\/\\\/oberfeldsnowcap.com\\\/fr\\\/\"},{\"@type\":\"ListItem\",\"position\":2,\"name\":\"Contact\"}]},{\"@type\":\"WebSite\",\"@id\":\"https:\\\/\\\/oberfeldsnowcap.com\\\/#website\",\"url\":\"https:\\\/\\\/oberfeldsnowcap.com\\\/\",\"name\":\"Oberfeld Snowcap\",\"description\":\"Commercial Real Estate &amp; Retail Advisory Services\",\"publisher\":{\"@id\":\"https:\\\/\\\/oberfeldsnowcap.com\\\/#organization\"},\"potentialAction\":[{\"@type\":\"SearchAction\",\"target\":{\"@type\":\"EntryPoint\",\"urlTemplate\":\"https:\\\/\\\/oberfeldsnowcap.com\\\/?s={search_term_string}\"},\"query-input\":{\"@type\":\"PropertyValueSpecification\",\"valueRequired\":true,\"valueName\":\"search_term_string\"}}],\"inLanguage\":\"fr-FR\"},{\"@type\":\"Organization\",\"@id\":\"https:\\\/\\\/oberfeldsnowcap.com\\\/#organization\",\"name\":\"OberfeldSnowcap\",\"url\":\"https:\\\/\\\/oberfeldsnowcap.com\\\/\",\"logo\":{\"@type\":\"ImageObject\",\"inLanguage\":\"fr-FR\",\"@id\":\"https:\\\/\\\/oberfeldsnowcap.com\\\/#\\\/schema\\\/logo\\\/image\\\/\",\"url\":\"https:\\\/\\\/oberfeldsnowcap.com\\\/wp-content\\\/uploads\\\/2021\\\/11\\\/2021_OS_BlackLine.png\",\"contentUrl\":\"https:\\\/\\\/oberfeldsnowcap.com\\\/wp-content\\\/uploads\\\/2021\\\/11\\\/2021_OS_BlackLine.png\",\"width\":792,\"height\":119,\"caption\":\"OberfeldSnowcap\"},\"image\":{\"@id\":\"https:\\\/\\\/oberfeldsnowcap.com\\\/#\\\/schema\\\/logo\\\/image\\\/\"},\"sameAs\":[\"https:\\\/\\\/x.com\\\/OberfeldSnowcap\",\"https:\\\/\\\/www.linkedin.com\\\/company\\\/130196?trk=tyah&amp;amp;trkInfo=clickedVertical:company,clickedEntityId:130196,idx:2-1-8,tarId:1468512726540,tas:oberfeld\"]}]}<\/script>\n<!-- \/ Yoast SEO Premium plugin. -->","yoast_head_json":{"title":"Contact - Oberfeld Snowcap","description":"Contact Oberfeld Snowcap! Founded over 30 years ago, Oberfeld Snowcap is Canada\u2019s largest retail advisory firm.","robots":{"index":"noindex","follow":"follow","max-snippet":"max-snippet:-1","max-image-preview":"max-image-preview:large","max-video-preview":"max-video-preview:-1"},"og_locale":"fr_FR","og_type":"article","og_title":"Contact","og_description":"Contact Oberfeld Snowcap! Founded over 30 years ago, Oberfeld Snowcap is Canada\u2019s largest retail advisory firm.","og_url":"https:\/\/oberfeldsnowcap.com\/fr\/contact\/","og_site_name":"Oberfeld Snowcap","article_modified_time":"2026-02-19T20:43:03+00:00","twitter_misc":{"Dur\u00e9e de lecture estim\u00e9e":"2 minutes"},"schema":{"@context":"https:\/\/schema.org","@graph":[{"@type":"WebPage","@id":"https:\/\/oberfeldsnowcap.com\/fr\/contact\/","url":"https:\/\/oberfeldsnowcap.com\/fr\/contact\/","name":"Contact - Oberfeld Snowcap","isPartOf":{"@id":"https:\/\/oberfeldsnowcap.com\/#website"},"datePublished":"2014-11-26T21:16:20+00:00","dateModified":"2026-02-19T20:43:03+00:00","description":"Contact Oberfeld Snowcap! Founded over 30 years ago, Oberfeld Snowcap is Canada\u2019s largest retail advisory firm.","breadcrumb":{"@id":"https:\/\/oberfeldsnowcap.com\/fr\/contact\/#breadcrumb"},"inLanguage":"fr-FR","potentialAction":[{"@type":"ReadAction","target":["https:\/\/oberfeldsnowcap.com\/fr\/contact\/"]}]},{"@type":"BreadcrumbList","@id":"https:\/\/oberfeldsnowcap.com\/fr\/contact\/#breadcrumb","itemListElement":[{"@type":"ListItem","position":1,"name":"Home","item":"https:\/\/oberfeldsnowcap.com\/fr\/"},{"@type":"ListItem","position":2,"name":"Contact"}]},{"@type":"WebSite","@id":"https:\/\/oberfeldsnowcap.com\/#website","url":"https:\/\/oberfeldsnowcap.com\/","name":"Oberfeld Snowcap","description":"Commercial Real Estate &amp; Retail Advisory Services","publisher":{"@id":"https:\/\/oberfeldsnowcap.com\/#organization"},"potentialAction":[{"@type":"SearchAction","target":{"@type":"EntryPoint","urlTemplate":"https:\/\/oberfeldsnowcap.com\/?s={search_term_string}"},"query-input":{"@type":"PropertyValueSpecification","valueRequired":true,"valueName":"search_term_string"}}],"inLanguage":"fr-FR"},{"@type":"Organization","@id":"https:\/\/oberfeldsnowcap.com\/#organization","name":"OberfeldSnowcap","url":"https:\/\/oberfeldsnowcap.com\/","logo":{"@type":"ImageObject","inLanguage":"fr-FR","@id":"https:\/\/oberfeldsnowcap.com\/#\/schema\/logo\/image\/","url":"https:\/\/oberfeldsnowcap.com\/wp-content\/uploads\/2021\/11\/2021_OS_BlackLine.png","contentUrl":"https:\/\/oberfeldsnowcap.com\/wp-content\/uploads\/2021\/11\/2021_OS_BlackLine.png","width":792,"height":119,"caption":"OberfeldSnowcap"},"image":{"@id":"https:\/\/oberfeldsnowcap.com\/#\/schema\/logo\/image\/"},"sameAs":["https:\/\/x.com\/OberfeldSnowcap","https:\/\/www.linkedin.com\/company\/130196?trk=tyah&amp;amp;trkInfo=clickedVertical:company,clickedEntityId:130196,idx:2-1-8,tarId:1468512726540,tas:oberfeld"]}]}},"_links":{"self":[{"href":"https:\/\/oberfeldsnowcap.com\/fr\/wp-json\/wp\/v2\/pages\/13318","targetHints":{"allow":["GET"]}}],"collection":[{"href":"https:\/\/oberfeldsnowcap.com\/fr\/wp-json\/wp\/v2\/pages"}],"about":[{"href":"https:\/\/oberfeldsnowcap.com\/fr\/wp-json\/wp\/v2\/types\/page"}],"author":[{"embeddable":true,"href":"https:\/\/oberfeldsnowcap.com\/fr\/wp-json\/wp\/v2\/users\/1"}],"replies":[{"embeddable":true,"href":"https:\/\/oberfeldsnowcap.com\/fr\/wp-json\/wp\/v2\/comments?post=13318"}],"version-history":[{"count":0,"href":"https:\/\/oberfeldsnowcap.com\/fr\/wp-json\/wp\/v2\/pages\/13318\/revisions"}],"wp:attachment":[{"href":"https:\/\/oberfeldsnowcap.com\/fr\/wp-json\/wp\/v2\/media?parent=13318"}],"curies":[{"name":"wp","href":"https:\/\/api.w.org\/{rel}","templated":true}]}}