{"id":13308,"date":"2014-11-25T16:34:01","date_gmt":"2014-11-25T21:34:01","guid":{"rendered":"https:\/\/oberfeldstag.wpengine.com\/?page_id=13308"},"modified":"2025-03-10T09:28:57","modified_gmt":"2025-03-10T13:28:57","slug":"about","status":"publish","type":"page","link":"https:\/\/oberfeldsnowcap.com\/fr\/about\/","title":{"rendered":"\u00c0 propos"},"content":{"rendered":"<p>[vc_row content_placement=\u00a0\u00bbmiddle\u00a0\u00bb css=\u00a0\u00bb.vc_custom_1619961802211{background-color: #d1d5bb !important;}\u00a0\u00bb el_class=\u00a0\u00bboberfeld-baner\u00a0\u00bb][vc_column width=\u00a0\u00bb1\/2&Prime; css=\u00a0\u00bb.vc_custom_1619109328655{padding-top: 0px !important;}\u00a0\u00bb]<div class=\"qodef-elements-holder   qodef-one-column  qodef-responsive-mode-768 qodef-one-column-alignment-left \" ><div class=\"qodef-eh-item    \"  data-item-class=\"qodef-eh-custom-4498\" data-1441-1700=\"40px 0 40px 18%\" data-1367-1440=\"40px 0 40px 18%\" data-1025-1366=\"40px 0 40px 107px\" data-769-1024=\"40px 0 40px 146px\" data-681-768=\"40px 0 40px 100px\" data-680=\"40px 0 40px 35px\">\n\t<div class=\"qodef-eh-item-inner\">\n\t\t<div class=\"qodef-eh-item-content qodef-eh-custom-4498\" style=\"padding: 40px 0 40px 25%\">\n\t\t\t[vc_column_text]<\/p>\n<h1 class=\"oberfeld-title\">\u00c0 Propos<\/h1>\n<p>[\/vc_column_text][vc_column_text]<\/p>\n<h2 class=\"oberfeld-title-sub oberfeld-title-sub-baner\">DES SOLUTIONS STRAT\u00c9GIQUES POUR LE COMMERCE DE D\u00c9TAIL<\/h2>\n<p>[\/vc_column_text]<div class=\"qodef-separator-holder clearfix separatorMy qodef-separator-left \">\n\t<div class=\"qodef-separator\" style=\"border-color: #000000;border-style: solid;width: 100px;border-bottom-width: 2px;margin-top: 30px;margin-bottom: 30px\"><\/div>\n<\/div>\n[vc_column_text]<span class=\"oberfeld-top-block-text\">Cr\u00e9er des liens entre les gens,<\/span><br \/>\n<span class=\"oberfeld-top-block-text-bold\">les exp\u00e9riences <\/span> <span class=\"oberfeld-top-block-text\">et les lieux.<\/span>[\/vc_column_text]\t\t<\/div>\n\t<\/div>\n<\/div><\/div>[\/vc_column][vc_column width=\u00a0\u00bb1\/2&Prime; css=\u00a0\u00bb.vc_custom_1618735136685{padding-top: 0px !important;}\u00a0\u00bb][vc_single_image image=\u00a0\u00bb36507&Prime; img_size=\u00a0\u00bbfull\u00a0\u00bb css_animation=\u00a0\u00bbnone\u00a0\u00bb][\/vc_column][\/vc_row][vc_row row_content_width=\u00a0\u00bbgrid\u00a0\u00bb css=\u00a0\u00bb.vc_custom_1621359824600{padding-top: 60px !important;padding-bottom: 120px !important;}\u00a0\u00bb][vc_column width=\u00a0\u00bb1\/2&Prime; el_class=\u00a0\u00bbcustom-stacked\u00a0\u00bb css=\u00a0\u00bb.vc_custom_1621359832724{padding-top: 60px !important;}\u00a0\u00bb]<div class=\"qodef-stacked-images-holder   qodef-si-position-right\">\n\t<div class=\"qodef-si-images\">\n\t\t\t\t\t<img decoding=\"async\" width=\"696\" height=\"616\" src=\"https:\/\/oberfeldsnowcap.com\/wp-content\/uploads\/2021\/04\/modern-and-fashion-clothes-store-picture-id178803461.png\" class=\"qodef-si-first-image\" alt=\"\" srcset=\"https:\/\/oberfeldsnowcap.com\/wp-content\/uploads\/2021\/04\/modern-and-fashion-clothes-store-picture-id178803461.png 696w, https:\/\/oberfeldsnowcap.com\/wp-content\/uploads\/2021\/04\/modern-and-fashion-clothes-store-picture-id178803461-300x266.png 300w, https:\/\/oberfeldsnowcap.com\/wp-content\/uploads\/2021\/04\/modern-and-fashion-clothes-store-picture-id178803461-600x531.png 600w\" sizes=\"(max-width: 696px) 100vw, 696px\" \/>\t\t\t\t\t\t\t<img decoding=\"async\" width=\"551\" height=\"697\" src=\"https:\/\/oberfeldsnowcap.com\/wp-content\/uploads\/2021\/04\/window-shopping-picture-id867339374.png\" class=\"qodef-si-stack-image\" alt=\"\" srcset=\"https:\/\/oberfeldsnowcap.com\/wp-content\/uploads\/2021\/04\/window-shopping-picture-id867339374.png 551w, https:\/\/oberfeldsnowcap.com\/wp-content\/uploads\/2021\/04\/window-shopping-picture-id867339374-237x300.png 237w\" sizes=\"(max-width: 551px) 100vw, 551px\" \/>\t\t\t<\/div>\n<\/div>[\/vc_column][vc_column width=\u00a0\u00bb1\/2&Prime; css=\u00a0\u00bb.vc_custom_1621359849445{padding-top: 60px !important;padding-right: 40px !important;padding-left: 40px !important;}\u00a0\u00bb][vc_column_text]<\/p>\n<div class=\"qodef-separator\" style=\"border-color: black; width: 40px; float: left; margin-right: 15px;\"><\/div>\n<p class=\"oberfeld-block-title-sub\">Oberfeld Snowcap<\/p>\n<p>[\/vc_column_text][vc_column_text]<\/p>\n<h2 class=\"oberfeld-block-title\">LE COMMERCE DE D\u00c9TAIL R\u00c9INVENT\u00c9<\/h2>\n<p>[\/vc_column_text][vc_column_text el_class=\u00a0\u00bboberfeld-block-p\u00a0\u00bb]Depuis plus de 45 ans, Oberfeld Snowcap red\u00e9finit la repr\u00e9sentation des locataires et des propri\u00e9taires en mettant l&rsquo;accent sur l&rsquo;innovation, la strat\u00e9gie et des partenariats durables. Gr\u00e2ce \u00e0 notre pr\u00e9sence nationale et \u00e0 notre expertise sp\u00e9cialis\u00e9e, nous sommes en mesure de connecter les d\u00e9taillants aux opportunit\u00e9s adapt\u00e9es et d&rsquo;aligner les propri\u00e9taires avec des locataires visionnaires \u00e0 travers l&rsquo;Am\u00e9rique du Nord.<\/p>\n<p>Notre \u00e9quipe propose des solutions immobili\u00e8res sur mesure con\u00e7ues pour transformer votre entreprise. Des analyses strat\u00e9giques de march\u00e9 et des informations d\u00e9mographiques \u00e0 la repr\u00e9sentation experte sur les march\u00e9s am\u00e9ricains et canadiens, nous fournissons les outils et l&rsquo;expertise n\u00e9cessaires pour aider nos clients \u00e0 prosp\u00e9rer.\u00a0Oberfeld Snowcap\u00a0offre des r\u00e9sultats qui fa\u00e7onnent l&rsquo;avenir du commerce de d\u00e9tail.[\/vc_column_text]<a itemprop=\"url\" href=\"#\" target=\"_self\" style=\"margin: 20px 0px 0px 0px\" class=\"qodef-btn qodef-btn-medium qodef-btn-solid download-brochure-button-service qodef-btn-custom-border-hover qodef-btn-custom-hover-bg\"  >\n\t\t<span class=\"qodef-btn-svg\">\n\t\t<svg x=\"0px\" y=\"0px\" viewBox=\"0 0 5.5 10.1\" enable-background=\"new 0 0 5.5 10.1\" >\n\t\t\t\t<path fill=\"#BBBBBB\" d=\"M1.3,5.5L1.2,5.2C2.1,4.5,2.7,4.1,3,3.9c0.3-0.2,0.6-0.2,0.7-0.2c0.1,0,0.2,0,0.3,0.1S4.1,4,4.1,4.2\n\t\t\t\t\tc0,0.3-0.1,0.8-0.4,1.7L3.5,6.5c-0.3,1-0.4,1.6-0.4,1.9c0,0.1,0.1,0.2,0.2,0.2c0.1,0,0.4-0.2,1-0.6l0.2,0.3L3.2,9.1\n\t\t\t\t\tC2.8,9.3,2.6,9.4,2.4,9.5c-0.1,0-0.2,0.1-0.3,0.1c-0.1,0-0.3,0-0.3-0.1C1.7,9.3,1.7,9.2,1.7,8.9c0-0.3,0.1-0.7,0.2-1.1l0.4-1.4\n\t\t\t\t\tC2.4,5.7,2.5,5.3,2.5,5c0-0.1,0-0.2-0.1-0.2c-0.1,0-0.2,0-0.3,0.1C1.8,5.1,1.5,5.3,1.3,5.5z M3.2,2c0-0.3,0.1-0.5,0.2-0.7\n\t\t\t\t\tS3.8,1,4,1c0.2,0,0.3,0.1,0.5,0.2s0.2,0.3,0.2,0.5c0,0.3-0.1,0.5-0.2,0.7C4.3,2.5,4.1,2.6,3.8,2.6c-0.2,0-0.4-0.1-0.5-0.2\n\t\t\t\t\tC3.2,2.3,3.2,2.1,3.2,2z\"\/>\n\t\t<\/svg>\n\t<\/span>\n\t<span class=\"qodef-btn-text\">T\u00e9l\u00e9charger notre brochure<\/span>\n<\/a>[\/vc_column][\/vc_row][vc_row css=\u00a0\u00bb.vc_custom_1618847932526{padding-top: 400px !important;padding-bottom: 90px !important;background: rgba(0,0,0,0.52) url(https:\/\/oberfeldsnowcap.com\/wp-content\/uploads\/2021\/04\/About_positiveImpact2.jpg?id=36576) !important;background-position: center !important;background-repeat: no-repeat !important;background-size: cover !important;*background-color: rgb(0,0,0) !important;}\u00a0\u00bb][vc_column][vc_row_inner row_content_width=\u00a0\u00bbgrid\u00a0\u00bb][vc_column_inner width=\u00a0\u00bb1\/2&Prime;]<div class=\"qodef-separator-holder clearfix separatorMy qodef-separator-left \">\n\t<div class=\"qodef-separator\" style=\"border-color: #ffffff;border-style: solid;width: 100px;border-bottom-width: 2px\"><\/div>\n<\/div>\n[vc_column_text]<span class=\"home-span1\">Nous produisons un <\/span> <span class=\"home-span2\">effet positif.<\/span><br \/>\n<span class=\"home-span1\">Notre travail cr\u00e9e une valeur significative pour nos clients, notre industrie, notre personnel et notre collectivit\u00e9.<\/span>[\/vc_column_text][\/vc_column_inner][vc_column_inner width=\u00a0\u00bb1\/2&Prime;][\/vc_column_inner][\/vc_row_inner][\/vc_column][\/vc_row][vc_row row_content_width=\u00a0\u00bbgrid\u00a0\u00bb css=\u00a0\u00bb.vc_custom_1618739701043{padding-top: 120px !important;padding-bottom: 120px !important;}\u00a0\u00bb][vc_column width=\u00a0\u00bb1\/2&Prime;][vc_column_text]<\/p>\n<div class=\"qodef-separator\" style=\"border-color: black; width: 40px; float: left; margin-right: 15px;\"><\/div>\n<p class=\"oberfeld-block-title-sub\">Notre objectif<\/p>\n<p>[\/vc_column_text][vc_column_text]<\/p>\n<h2 class=\"oberfeld-block-title\">NOS PRINCIPES DIRECTEURS<\/h2>\n<p>[\/vc_column_text][vc_column_text]<\/p>\n<ul>\n<li class=\"point-li\">\n<div class=\"point-grid\">\n<div>\n<p class=\"point\">1<\/p>\n<\/div>\n<div>Nous agissons avec int\u00e9grit\u00e9 et empathie, en gagnant la confiance de nos clients et en les soutenant dans les bons et les mauvais moments.<\/div>\n<\/div>\n<\/li>\n<li class=\"point-li\">\n<div class=\"point-grid\">\n<div>\n<p class=\"point\">2<\/p>\n<\/div>\n<div>Nous sommes ax\u00e9s sur le rendement. Notre dynamisme nous permet de rester agiles et d\u00e9cisifs.<\/div>\n<\/div>\n<\/li>\n<li class=\"point-li\">\n<div class=\"point-grid\">\n<div>\n<p class=\"point\">3<\/p>\n<\/div>\n<div>\n<p>Nos r\u00e9ussites sont collectives. Individuellement, nous sommes bons, mais ensemble, nous sommes excellents.<\/p>\n<\/div>\n<\/div>\n<\/li>\n<li class=\"point-li\">\n<div class=\"point-grid\">\n<div>\n<p class=\"point\">4<\/p>\n<\/div>\n<div>\n<p>Nous offrons diff\u00e9rentes perspectives. Nous croyons aux id\u00e9es et nous visons l\u2019innovation.<\/p>\n<\/div>\n<\/div>\n<\/li>\n<\/ul>\n<p>[\/vc_column_text][\/vc_column][vc_column width=\u00a0\u00bb1\/2&Prime; css=\u00a0\u00bb.vc_custom_1618729801244{padding-right: 40px !important;padding-left: 40px !important;}\u00a0\u00bb][vc_single_image image=\u00a0\u00bb36517&Prime; img_size=\u00a0\u00bbfull\u00a0\u00bb css_animation=\u00a0\u00bbnone\u00a0\u00bb][\/vc_column][\/vc_row]<\/p>\n","protected":false},"excerpt":{"rendered":"<p>[vc_row content_placement=\u00a0\u00bbmiddle\u00a0\u00bb css=\u00a0\u00bb.vc_custom_1619961802211{background-color: #d1d5bb !important;}\u00a0\u00bb el_class=\u00a0\u00bboberfeld-baner\u00a0\u00bb][vc_column width=\u00a0\u00bb1\/2&Prime; css=\u00a0\u00bb.vc_custom_1619109328655{padding-top: 0px !important;}\u00a0\u00bb][\/vc_column][vc_column width=\u00a0\u00bb1\/2&Prime; css=\u00a0\u00bb.vc_custom_1618735136685{padding-top: 0px !important;}\u00a0\u00bb][vc_single_image image=\u00a0\u00bb36507&Prime; img_size=\u00a0\u00bbfull\u00a0\u00bb css_animation=\u00a0\u00bbnone\u00a0\u00bb][\/vc_column][\/vc_row][vc_row row_content_width=\u00a0\u00bbgrid\u00a0\u00bb css=\u00a0\u00bb.vc_custom_1621359824600{padding-top: 60px !important;padding-bottom: 120px !important;}\u00a0\u00bb][vc_column width=\u00a0\u00bb1\/2&Prime; el_class=\u00a0\u00bbcustom-stacked\u00a0\u00bb css=\u00a0\u00bb.vc_custom_1621359832724{padding-top: 60px !important;}\u00a0\u00bb][\/vc_column][vc_column width=\u00a0\u00bb1\/2&Prime; css=\u00a0\u00bb.vc_custom_1621359849445{padding-top: 60px !important;padding-right: 40px !important;padding-left: 40px !important;}\u00a0\u00bb][vc_column_text] Oberfeld Snowcap [\/vc_column_text][vc_column_text] LE [&hellip;]<\/p>\n","protected":false},"author":1,"featured_media":0,"parent":0,"menu_order":0,"comment_status":"open","ping_status":"open","template":"full-width.php","meta":{"_acf_changed":false,"om_disable_all_campaigns":false,"_monsterinsights_skip_tracking":false,"_monsterinsights_sitenote_active":false,"_monsterinsights_sitenote_note":"","_monsterinsights_sitenote_category":0,"footnotes":""},"class_list":["post-13308","page","type-page","status-publish","hentry"],"acf":[],"yoast_head":"<!-- This site is optimized with the Yoast SEO Premium plugin v27.0 (Yoast SEO v27.4) - https:\/\/yoast.com\/product\/yoast-seo-premium-wordpress\/ -->\n<title>\u00c0 propos - Oberfeld Snowcap<\/title>\n<meta name=\"robots\" content=\"noindex, follow, max-snippet:-1, max-image-preview:large, max-video-preview:-1\" \/>\n<meta property=\"og:locale\" content=\"fr_FR\" \/>\n<meta property=\"og:type\" content=\"article\" \/>\n<meta property=\"og:title\" content=\"\u00c0 propos\" \/>\n<meta property=\"og:description\" content=\"[vc_row content_placement=\u00a0\u00bbmiddle\u00a0\u00bb css=\u00a0\u00bb.vc_custom_1619961802211{background-color: #d1d5bb !important;}\u00a0\u00bb el_class=\u00a0\u00bboberfeld-baner\u00a0\u00bb][vc_column width=\u00a0\u00bb1\/2&Prime; css=\u00a0\u00bb.vc_custom_1619109328655{padding-top: 0px !important;}\u00a0\u00bb][\/vc_column][vc_column width=\u00a0\u00bb1\/2&Prime; css=\u00a0\u00bb.vc_custom_1618735136685{padding-top: 0px !important;}\u00a0\u00bb][vc_single_image image=\u00a0\u00bb36507&Prime; img_size=\u00a0\u00bbfull\u00a0\u00bb css_animation=\u00a0\u00bbnone\u00a0\u00bb][\/vc_column][\/vc_row][vc_row row_content_width=\u00a0\u00bbgrid\u00a0\u00bb css=\u00a0\u00bb.vc_custom_1621359824600{padding-top: 60px !important;padding-bottom: 120px !important;}\u00a0\u00bb][vc_column width=\u00a0\u00bb1\/2&Prime; el_class=\u00a0\u00bbcustom-stacked\u00a0\u00bb css=\u00a0\u00bb.vc_custom_1621359832724{padding-top: 60px !important;}\u00a0\u00bb][\/vc_column][vc_column width=\u00a0\u00bb1\/2&Prime; css=\u00a0\u00bb.vc_custom_1621359849445{padding-top: 60px !important;padding-right: 40px !important;padding-left: 40px !important;}\u00a0\u00bb][vc_column_text] Oberfeld Snowcap [\/vc_column_text][vc_column_text] LE [&hellip;]\" \/>\n<meta property=\"og:url\" content=\"https:\/\/oberfeldsnowcap.com\/fr\/about\/\" \/>\n<meta property=\"og:site_name\" content=\"Oberfeld Snowcap\" \/>\n<meta property=\"article:modified_time\" content=\"2025-03-10T13:28:57+00:00\" \/>\n<meta name=\"twitter:label1\" content=\"Dur\u00e9e de lecture estim\u00e9e\" \/>\n\t<meta name=\"twitter:data1\" content=\"3 minutes\" \/>\n<script type=\"application\/ld+json\" class=\"yoast-schema-graph\">{\"@context\":\"https:\\\/\\\/schema.org\",\"@graph\":[{\"@type\":\"WebPage\",\"@id\":\"https:\\\/\\\/oberfeldsnowcap.com\\\/fr\\\/about\\\/\",\"url\":\"https:\\\/\\\/oberfeldsnowcap.com\\\/fr\\\/about\\\/\",\"name\":\"\u00c0 propos - Oberfeld Snowcap\",\"isPartOf\":{\"@id\":\"https:\\\/\\\/oberfeldsnowcap.com\\\/#website\"},\"datePublished\":\"2014-11-25T21:34:01+00:00\",\"dateModified\":\"2025-03-10T13:28:57+00:00\",\"breadcrumb\":{\"@id\":\"https:\\\/\\\/oberfeldsnowcap.com\\\/fr\\\/about\\\/#breadcrumb\"},\"inLanguage\":\"fr-FR\",\"potentialAction\":[{\"@type\":\"ReadAction\",\"target\":[\"https:\\\/\\\/oberfeldsnowcap.com\\\/fr\\\/about\\\/\"]}]},{\"@type\":\"BreadcrumbList\",\"@id\":\"https:\\\/\\\/oberfeldsnowcap.com\\\/fr\\\/about\\\/#breadcrumb\",\"itemListElement\":[{\"@type\":\"ListItem\",\"position\":1,\"name\":\"Home\",\"item\":\"https:\\\/\\\/oberfeldsnowcap.com\\\/fr\\\/\"},{\"@type\":\"ListItem\",\"position\":2,\"name\":\"\u00c0 propos\"}]},{\"@type\":\"WebSite\",\"@id\":\"https:\\\/\\\/oberfeldsnowcap.com\\\/#website\",\"url\":\"https:\\\/\\\/oberfeldsnowcap.com\\\/\",\"name\":\"Oberfeld Snowcap\",\"description\":\"Commercial Real Estate &amp; Retail Advisory Services\",\"publisher\":{\"@id\":\"https:\\\/\\\/oberfeldsnowcap.com\\\/#organization\"},\"potentialAction\":[{\"@type\":\"SearchAction\",\"target\":{\"@type\":\"EntryPoint\",\"urlTemplate\":\"https:\\\/\\\/oberfeldsnowcap.com\\\/?s={search_term_string}\"},\"query-input\":{\"@type\":\"PropertyValueSpecification\",\"valueRequired\":true,\"valueName\":\"search_term_string\"}}],\"inLanguage\":\"fr-FR\"},{\"@type\":\"Organization\",\"@id\":\"https:\\\/\\\/oberfeldsnowcap.com\\\/#organization\",\"name\":\"OberfeldSnowcap\",\"url\":\"https:\\\/\\\/oberfeldsnowcap.com\\\/\",\"logo\":{\"@type\":\"ImageObject\",\"inLanguage\":\"fr-FR\",\"@id\":\"https:\\\/\\\/oberfeldsnowcap.com\\\/#\\\/schema\\\/logo\\\/image\\\/\",\"url\":\"https:\\\/\\\/oberfeldsnowcap.com\\\/wp-content\\\/uploads\\\/2021\\\/11\\\/2021_OS_BlackLine.png\",\"contentUrl\":\"https:\\\/\\\/oberfeldsnowcap.com\\\/wp-content\\\/uploads\\\/2021\\\/11\\\/2021_OS_BlackLine.png\",\"width\":792,\"height\":119,\"caption\":\"OberfeldSnowcap\"},\"image\":{\"@id\":\"https:\\\/\\\/oberfeldsnowcap.com\\\/#\\\/schema\\\/logo\\\/image\\\/\"},\"sameAs\":[\"https:\\\/\\\/x.com\\\/OberfeldSnowcap\",\"https:\\\/\\\/www.linkedin.com\\\/company\\\/130196?trk=tyah&amp;amp;trkInfo=clickedVertical:company,clickedEntityId:130196,idx:2-1-8,tarId:1468512726540,tas:oberfeld\"]}]}<\/script>\n<!-- \/ Yoast SEO Premium plugin. -->","yoast_head_json":{"title":"\u00c0 propos - Oberfeld Snowcap","robots":{"index":"noindex","follow":"follow","max-snippet":"max-snippet:-1","max-image-preview":"max-image-preview:large","max-video-preview":"max-video-preview:-1"},"og_locale":"fr_FR","og_type":"article","og_title":"\u00c0 propos","og_description":"[vc_row content_placement=\u00a0\u00bbmiddle\u00a0\u00bb css=\u00a0\u00bb.vc_custom_1619961802211{background-color: #d1d5bb !important;}\u00a0\u00bb el_class=\u00a0\u00bboberfeld-baner\u00a0\u00bb][vc_column width=\u00a0\u00bb1\/2&Prime; css=\u00a0\u00bb.vc_custom_1619109328655{padding-top: 0px !important;}\u00a0\u00bb][\/vc_column][vc_column width=\u00a0\u00bb1\/2&Prime; css=\u00a0\u00bb.vc_custom_1618735136685{padding-top: 0px !important;}\u00a0\u00bb][vc_single_image image=\u00a0\u00bb36507&Prime; img_size=\u00a0\u00bbfull\u00a0\u00bb css_animation=\u00a0\u00bbnone\u00a0\u00bb][\/vc_column][\/vc_row][vc_row row_content_width=\u00a0\u00bbgrid\u00a0\u00bb css=\u00a0\u00bb.vc_custom_1621359824600{padding-top: 60px !important;padding-bottom: 120px !important;}\u00a0\u00bb][vc_column width=\u00a0\u00bb1\/2&Prime; el_class=\u00a0\u00bbcustom-stacked\u00a0\u00bb css=\u00a0\u00bb.vc_custom_1621359832724{padding-top: 60px !important;}\u00a0\u00bb][\/vc_column][vc_column width=\u00a0\u00bb1\/2&Prime; css=\u00a0\u00bb.vc_custom_1621359849445{padding-top: 60px !important;padding-right: 40px !important;padding-left: 40px !important;}\u00a0\u00bb][vc_column_text] Oberfeld Snowcap [\/vc_column_text][vc_column_text] LE [&hellip;]","og_url":"https:\/\/oberfeldsnowcap.com\/fr\/about\/","og_site_name":"Oberfeld Snowcap","article_modified_time":"2025-03-10T13:28:57+00:00","twitter_misc":{"Dur\u00e9e de lecture estim\u00e9e":"3 minutes"},"schema":{"@context":"https:\/\/schema.org","@graph":[{"@type":"WebPage","@id":"https:\/\/oberfeldsnowcap.com\/fr\/about\/","url":"https:\/\/oberfeldsnowcap.com\/fr\/about\/","name":"\u00c0 propos - Oberfeld Snowcap","isPartOf":{"@id":"https:\/\/oberfeldsnowcap.com\/#website"},"datePublished":"2014-11-25T21:34:01+00:00","dateModified":"2025-03-10T13:28:57+00:00","breadcrumb":{"@id":"https:\/\/oberfeldsnowcap.com\/fr\/about\/#breadcrumb"},"inLanguage":"fr-FR","potentialAction":[{"@type":"ReadAction","target":["https:\/\/oberfeldsnowcap.com\/fr\/about\/"]}]},{"@type":"BreadcrumbList","@id":"https:\/\/oberfeldsnowcap.com\/fr\/about\/#breadcrumb","itemListElement":[{"@type":"ListItem","position":1,"name":"Home","item":"https:\/\/oberfeldsnowcap.com\/fr\/"},{"@type":"ListItem","position":2,"name":"\u00c0 propos"}]},{"@type":"WebSite","@id":"https:\/\/oberfeldsnowcap.com\/#website","url":"https:\/\/oberfeldsnowcap.com\/","name":"Oberfeld Snowcap","description":"Commercial Real Estate &amp; Retail Advisory Services","publisher":{"@id":"https:\/\/oberfeldsnowcap.com\/#organization"},"potentialAction":[{"@type":"SearchAction","target":{"@type":"EntryPoint","urlTemplate":"https:\/\/oberfeldsnowcap.com\/?s={search_term_string}"},"query-input":{"@type":"PropertyValueSpecification","valueRequired":true,"valueName":"search_term_string"}}],"inLanguage":"fr-FR"},{"@type":"Organization","@id":"https:\/\/oberfeldsnowcap.com\/#organization","name":"OberfeldSnowcap","url":"https:\/\/oberfeldsnowcap.com\/","logo":{"@type":"ImageObject","inLanguage":"fr-FR","@id":"https:\/\/oberfeldsnowcap.com\/#\/schema\/logo\/image\/","url":"https:\/\/oberfeldsnowcap.com\/wp-content\/uploads\/2021\/11\/2021_OS_BlackLine.png","contentUrl":"https:\/\/oberfeldsnowcap.com\/wp-content\/uploads\/2021\/11\/2021_OS_BlackLine.png","width":792,"height":119,"caption":"OberfeldSnowcap"},"image":{"@id":"https:\/\/oberfeldsnowcap.com\/#\/schema\/logo\/image\/"},"sameAs":["https:\/\/x.com\/OberfeldSnowcap","https:\/\/www.linkedin.com\/company\/130196?trk=tyah&amp;amp;trkInfo=clickedVertical:company,clickedEntityId:130196,idx:2-1-8,tarId:1468512726540,tas:oberfeld"]}]}},"_links":{"self":[{"href":"https:\/\/oberfeldsnowcap.com\/fr\/wp-json\/wp\/v2\/pages\/13308","targetHints":{"allow":["GET"]}}],"collection":[{"href":"https:\/\/oberfeldsnowcap.com\/fr\/wp-json\/wp\/v2\/pages"}],"about":[{"href":"https:\/\/oberfeldsnowcap.com\/fr\/wp-json\/wp\/v2\/types\/page"}],"author":[{"embeddable":true,"href":"https:\/\/oberfeldsnowcap.com\/fr\/wp-json\/wp\/v2\/users\/1"}],"replies":[{"embeddable":true,"href":"https:\/\/oberfeldsnowcap.com\/fr\/wp-json\/wp\/v2\/comments?post=13308"}],"version-history":[{"count":0,"href":"https:\/\/oberfeldsnowcap.com\/fr\/wp-json\/wp\/v2\/pages\/13308\/revisions"}],"wp:attachment":[{"href":"https:\/\/oberfeldsnowcap.com\/fr\/wp-json\/wp\/v2\/media?parent=13308"}],"curies":[{"name":"wp","href":"https:\/\/api.w.org\/{rel}","templated":true}]}}